{"id":33,"date":"2019-10-06T15:40:10","date_gmt":"2019-10-06T15:40:10","guid":{"rendered":"http:\/\/www.psykiatriantutkimussaatio.fi\/?page_id=33"},"modified":"2020-09-30T20:04:14","modified_gmt":"2020-09-30T20:04:14","slug":"tietoa-mielenterveydesta","status":"publish","type":"page","link":"https:\/\/www.psykiatriantutkimussaatio.fi\/index.php\/tietoa-mielenterveydesta\/","title":{"rendered":"Tietoa mielenterveydest\u00e4"},"content":{"rendered":"\t\t<div data-elementor-type=\"wp-page\" data-elementor-id=\"33\" class=\"elementor elementor-33\" data-elementor-post-type=\"page\">\n\t\t\t\t\t\t<section class=\"elementor-section elementor-top-section elementor-element elementor-element-256bc3f0 elementor-section-full_width elementor-section-height-default elementor-section-height-default\" data-id=\"256bc3f0\" data-element_type=\"section\" data-e-type=\"section\" data-settings=\"{&quot;background_background&quot;:&quot;classic&quot;}\">\n\t\t\t\t\t\t\t<div class=\"elementor-background-overlay\"><\/div>\n\t\t\t\t\t\t\t<div class=\"elementor-container elementor-column-gap-default\">\n\t\t\t\t\t<div class=\"elementor-column elementor-col-100 elementor-top-column elementor-element elementor-element-712e1e9a\" data-id=\"712e1e9a\" data-element_type=\"column\" data-e-type=\"column\" data-settings=\"{&quot;background_background&quot;:&quot;classic&quot;}\">\n\t\t\t<div class=\"elementor-widget-wrap\">\n\t\t\t\t\t\t\t<\/div>\n\t\t<\/div>\n\t\t\t\t\t<\/div>\n\t\t<\/section>\n\t\t\t\t<section class=\"elementor-section elementor-top-section elementor-element elementor-element-6861d41e elementor-section-boxed elementor-section-height-default elementor-section-height-default\" data-id=\"6861d41e\" data-element_type=\"section\" data-e-type=\"section\">\n\t\t\t\t\t\t<div class=\"elementor-container elementor-column-gap-default\">\n\t\t\t\t\t<div class=\"elementor-column elementor-col-50 elementor-top-column elementor-element elementor-element-2d0a444e\" data-id=\"2d0a444e\" data-element_type=\"column\" data-e-type=\"column\" data-settings=\"{&quot;background_background&quot;:&quot;classic&quot;}\">\n\t\t\t<div class=\"elementor-widget-wrap elementor-element-populated\">\n\t\t\t\t\t\t<div class=\"elementor-element elementor-element-7c180f67 elementor-widget elementor-widget-heading\" data-id=\"7c180f67\" data-element_type=\"widget\" data-e-type=\"widget\" data-widget_type=\"heading.default\">\n\t\t\t\t<div class=\"elementor-widget-container\">\n\t\t\t\t\t<h2 class=\"elementor-heading-title elementor-size-default\">Tietoa mielenterveydest\u00e4<\/h2>\t\t\t\t<\/div>\n\t\t\t\t<\/div>\n\t\t\t\t\t<\/div>\n\t\t<\/div>\n\t\t\t\t<div class=\"elementor-column elementor-col-50 elementor-top-column elementor-element elementor-element-8410816\" data-id=\"8410816\" data-element_type=\"column\" data-e-type=\"column\">\n\t\t\t<div class=\"elementor-widget-wrap\">\n\t\t\t\t\t\t\t<\/div>\n\t\t<\/div>\n\t\t\t\t\t<\/div>\n\t\t<\/section>\n\t\t\t\t<section class=\"elementor-section elementor-top-section elementor-element elementor-element-15e9cc12 elementor-section-boxed elementor-section-height-default elementor-section-height-default\" data-id=\"15e9cc12\" data-element_type=\"section\" data-e-type=\"section\">\n\t\t\t\t\t\t<div class=\"elementor-container elementor-column-gap-default\">\n\t\t\t\t\t<div class=\"elementor-column elementor-col-100 elementor-top-column elementor-element elementor-element-63b49ff1\" data-id=\"63b49ff1\" data-element_type=\"column\" data-e-type=\"column\">\n\t\t\t<div class=\"elementor-widget-wrap elementor-element-populated\">\n\t\t\t\t\t\t<div class=\"elementor-element elementor-element-61061125 elementor-widget elementor-widget-text-editor\" data-id=\"61061125\" data-element_type=\"widget\" data-e-type=\"widget\" data-widget_type=\"text-editor.default\">\n\t\t\t\t<div class=\"elementor-widget-container\">\n\t\t\t\t\t\t\t\t\t<p>Mielenterveys on hyvinvoinnin tila, jossa ihminen tunnistaa omat kykyns\u00e4, pystyy selviytym\u00e4\u00e4n normaaleista el\u00e4m\u00e4\u00e4n kuuluvista paineista ja pystyy ty\u00f6skentelem\u00e4\u00e4n tuloksia tuottavasti sek\u00e4 ottamaan osaa yhteis\u00f6ns\u00e4 toimintaan (WHO 2014). Mielenterveys vaikuttaa olennaisesti fyysiseen terveyteen ja on v\u00e4ltt\u00e4m\u00e4t\u00f6n yleisen hyvinvoinnin ja toimintakyvyn perusta.<\/p><p>Mielenterveys on yhteiskunnan ja kansalaisten hyvinvoinnin ja toimintakyvyn voimavara, jonka tukemiseen tulee kiinnitt\u00e4\u00e4 huomiota. T\u00e4t\u00e4 korostaa my\u00f6s tuore kansallinen, vuoteen 2030 ulottuva mielenterveysstrategia. Mielenterveytt\u00e4 voivat toisaalta uhata monet tekij\u00e4t, kuten yleinen turvattomuus, eriarvoisuus tai p\u00e4ihteiden laaja k\u00e4ytt\u00f6. Usein ollaan my\u00f6s huolissaan ihmisten jaksamisesta yh\u00e4 kiivaammassa muutosten tahdissa: ty\u00f6el\u00e4m\u00e4n murroksessa, s\u00e4hk\u00f6isen maailman monimutkaistumisessa ja ilmastonmuutoksessa, vaikka monessa suhteessa hyvinvoinnin voidaankin todeta yh\u00e4 lis\u00e4\u00e4ntyv\u00e4n ja monien asioiden helpottuvan.<\/p><p>Mielenterveys voi my\u00f6s h\u00e4iriinty\u00e4, aina tunnistettaviksi mielenterveysh\u00e4iri\u00f6iksi asti. Jopa puolella v\u00e4est\u00f6st\u00e4 voidaan todeta jokin mielenterveyden h\u00e4iri\u00f6 jossain vaiheessa el\u00e4m\u00e4\u00e4ns\u00e4, ja puolet ty\u00f6kyvytt\u00f6myysel\u00e4kkeist\u00e4 aiheutuu mielenterveyden h\u00e4iri\u00f6ist\u00e4. Masennustiloja esiintyy jopa viidenneksell\u00e4 ihmisist\u00e4 el\u00e4m\u00e4ns\u00e4 aikana. Oireiltaan usein hankalia psykoottisia h\u00e4iri\u00f6it\u00e4 taas esiintyy noin 1-3%:lla ihmisi\u00e4 el\u00e4m\u00e4ns\u00e4 aikana.<\/p><p>Ty\u00f6el\u00e4kelain mukaiselle ty\u00f6kyvytt\u00f6myysel\u00e4kkeelle siirtyi vuonna 2018 seitsem\u00e4n prosenttia enemm\u00e4n kuin vuonna 2017. Kasvua oli varsinkin mielenterveyssyist\u00e4 my\u00f6nnettyjen ty\u00f6kyvytt\u00f6myyysel\u00e4kkeiden m\u00e4\u00e4r\u00e4ss\u00e4.\u00a0 Mielenterveyssyist\u00e4 j\u00e4\u00e4d\u00e4\u00e4n el\u00e4kkeelle nuorempana, ja paluu ty\u00f6el\u00e4m\u00e4\u00e4n on muihin sairausryhmiin verrattuna haasteellisempaa. Mielenterveyden h\u00e4iri\u00f6t ovat Suomessa yleisin syy sairausp\u00e4iv\u00e4rahan saamiselle.\u00a0<\/p><p>Mielenterveysh\u00e4iri\u00f6t aiheuttavat runsaasti k\u00e4rsimyst\u00e4, toimintakyvyn menetyksi\u00e4 ja el\u00e4m\u00e4nlaadun heikkenemist\u00e4. Niiden parempi tunteminen, erityisesti tieteellisen tutkimuksen keinoin, sek\u00e4 yleisen mielenterveystietoisuuden kautta, ovat Psykiatrian Tutkimuss\u00e4\u00e4ti\u00f6n t\u00e4rkeit\u00e4 tavoitteita.<\/p>\t\t\t\t\t\t\t\t<\/div>\n\t\t\t\t<\/div>\n\t\t\t\t\t<\/div>\n\t\t<\/div>\n\t\t\t\t\t<\/div>\n\t\t<\/section>\n\t\t\t\t<\/div>\n\t\t","protected":false},"excerpt":{"rendered":"<p>Tietoa mielenterveydest\u00e4 Mielenterveys on hyvinvoinnin tila, jossa ihminen tunnistaa omat kykyns\u00e4, pystyy selviytym\u00e4\u00e4n normaaleista el\u00e4m\u00e4\u00e4n kuuluvista paineista ja pystyy ty\u00f6skentelem\u00e4\u00e4n tuloksia tuottavasti sek\u00e4 ottamaan osaa yhteis\u00f6ns\u00e4 toimintaan (WHO 2014). Mielenterveys vaikuttaa olennaisesti fyysiseen terveyteen ja on v\u00e4ltt\u00e4m\u00e4t\u00f6n yleisen hyvinvoinnin ja toimintakyvyn perusta. Mielenterveys on yhteiskunnan ja kansalaisten hyvinvoinnin ja toimintakyvyn voimavara, jonka tukemiseen tulee kiinnitt\u00e4\u00e4 [&hellip;]<\/p>\n","protected":false},"author":1,"featured_media":0,"parent":0,"menu_order":0,"comment_status":"closed","ping_status":"closed","template":"","meta":{"footnotes":""},"class_list":["post-33","page","type-page","status-publish","hentry"],"_links":{"self":[{"href":"https:\/\/www.psykiatriantutkimussaatio.fi\/index.php\/wp-json\/wp\/v2\/pages\/33","targetHints":{"allow":["GET"]}}],"collection":[{"href":"https:\/\/www.psykiatriantutkimussaatio.fi\/index.php\/wp-json\/wp\/v2\/pages"}],"about":[{"href":"https:\/\/www.psykiatriantutkimussaatio.fi\/index.php\/wp-json\/wp\/v2\/types\/page"}],"author":[{"embeddable":true,"href":"https:\/\/www.psykiatriantutkimussaatio.fi\/index.php\/wp-json\/wp\/v2\/users\/1"}],"replies":[{"embeddable":true,"href":"https:\/\/www.psykiatriantutkimussaatio.fi\/index.php\/wp-json\/wp\/v2\/comments?post=33"}],"version-history":[{"count":42,"href":"https:\/\/www.psykiatriantutkimussaatio.fi\/index.php\/wp-json\/wp\/v2\/pages\/33\/revisions"}],"predecessor-version":[{"id":3400,"href":"https:\/\/www.psykiatriantutkimussaatio.fi\/index.php\/wp-json\/wp\/v2\/pages\/33\/revisions\/3400"}],"wp:attachment":[{"href":"https:\/\/www.psykiatriantutkimussaatio.fi\/index.php\/wp-json\/wp\/v2\/media?parent=33"}],"curies":[{"name":"wp","href":"https:\/\/api.w.org\/{rel}","templated":true}]}}