{"id":37,"date":"2019-10-06T15:40:49","date_gmt":"2019-10-06T15:40:49","guid":{"rendered":"http:\/\/www.psykiatriantutkimussaatio.fi\/?page_id=37"},"modified":"2022-12-01T11:18:26","modified_gmt":"2022-12-01T11:18:26","slug":"apurahan-hakeminen","status":"publish","type":"page","link":"https:\/\/www.psykiatriantutkimussaatio.fi\/index.php\/apurahan-hakeminen\/","title":{"rendered":"Apurahan hakeminen"},"content":{"rendered":"\t\t<div data-elementor-type=\"wp-page\" data-elementor-id=\"37\" class=\"elementor elementor-37\" data-elementor-post-type=\"page\">\n\t\t\t\t\t\t<section class=\"elementor-section elementor-top-section elementor-element elementor-element-2573eee elementor-section-full_width elementor-section-height-default elementor-section-height-default\" data-id=\"2573eee\" data-element_type=\"section\" data-e-type=\"section\" data-settings=\"{&quot;background_background&quot;:&quot;classic&quot;}\">\n\t\t\t\t\t\t\t<div class=\"elementor-background-overlay\"><\/div>\n\t\t\t\t\t\t\t<div class=\"elementor-container elementor-column-gap-default\">\n\t\t\t\t\t<div class=\"elementor-column elementor-col-100 elementor-top-column elementor-element elementor-element-3b6b47ad\" data-id=\"3b6b47ad\" data-element_type=\"column\" data-e-type=\"column\" data-settings=\"{&quot;background_background&quot;:&quot;classic&quot;}\">\n\t\t\t<div class=\"elementor-widget-wrap\">\n\t\t\t\t\t\t\t<\/div>\n\t\t<\/div>\n\t\t\t\t\t<\/div>\n\t\t<\/section>\n\t\t\t\t<section class=\"elementor-section elementor-top-section elementor-element elementor-element-236d1e0 elementor-section-boxed elementor-section-height-default elementor-section-height-default\" data-id=\"236d1e0\" data-element_type=\"section\" data-e-type=\"section\">\n\t\t\t\t\t\t<div class=\"elementor-container elementor-column-gap-default\">\n\t\t\t\t\t<div class=\"elementor-column elementor-col-50 elementor-top-column elementor-element elementor-element-5a0968da\" data-id=\"5a0968da\" data-element_type=\"column\" data-e-type=\"column\" data-settings=\"{&quot;background_background&quot;:&quot;classic&quot;}\">\n\t\t\t<div class=\"elementor-widget-wrap elementor-element-populated\">\n\t\t\t\t\t\t<div class=\"elementor-element elementor-element-5c50bcfc elementor-widget elementor-widget-heading\" data-id=\"5c50bcfc\" data-element_type=\"widget\" data-e-type=\"widget\" data-widget_type=\"heading.default\">\n\t\t\t\t<div class=\"elementor-widget-container\">\n\t\t\t\t\t<h2 class=\"elementor-heading-title elementor-size-default\">Apurahan hakeminen<\/h2>\t\t\t\t<\/div>\n\t\t\t\t<\/div>\n\t\t\t\t\t<\/div>\n\t\t<\/div>\n\t\t\t\t<div class=\"elementor-column elementor-col-50 elementor-top-column elementor-element elementor-element-61ebd21\" data-id=\"61ebd21\" data-element_type=\"column\" data-e-type=\"column\">\n\t\t\t<div class=\"elementor-widget-wrap\">\n\t\t\t\t\t\t\t<\/div>\n\t\t<\/div>\n\t\t\t\t\t<\/div>\n\t\t<\/section>\n\t\t\t\t<section class=\"elementor-section elementor-top-section elementor-element elementor-element-f500a1e elementor-section-boxed elementor-section-height-default elementor-section-height-default\" data-id=\"f500a1e\" data-element_type=\"section\" data-e-type=\"section\">\n\t\t\t\t\t\t<div class=\"elementor-container elementor-column-gap-default\">\n\t\t\t\t\t<div class=\"elementor-column elementor-col-100 elementor-top-column elementor-element elementor-element-dd6643a\" data-id=\"dd6643a\" data-element_type=\"column\" data-e-type=\"column\">\n\t\t\t<div class=\"elementor-widget-wrap elementor-element-populated\">\n\t\t\t\t\t\t<div class=\"elementor-element elementor-element-2777a822 elementor-widget elementor-widget-text-editor\" data-id=\"2777a822\" data-element_type=\"widget\" data-e-type=\"widget\" data-widget_type=\"text-editor.default\">\n\t\t\t\t<div class=\"elementor-widget-container\">\n\t\t\t\t\t\t\t\t\t<p>Psykiatrian Tutkimuss\u00e4\u00e4ti\u00f6n apurahat jaetaan kerran vuodessa. Hakuaika on vuosittain 1. &#8211; 31. tammikuuta. Apurahat my\u00f6nnet\u00e4\u00e4n psykiatriseen tieteelliseen tutkimukseen, jossa tutkimuskohteena on ihminen (ei esim. koe-el\u00e4in tai solututkimukseen). Apurahat my\u00f6nnet\u00e4\u00e4n\u00a0 etup\u00e4\u00e4ss\u00e4 nuorille v\u00e4it\u00f6skirjaa tekeville ja ne ovat suuruudeltaan muutamia tuhansia euroja. Psykiatrian Tutkimuss\u00e4\u00e4ti\u00f6 ei my\u00f6nn\u00e4 matka-apurahoja. Hakijan koulutus-\/ammattitaustaa ei ole rajattu.<\/p><p>Psykiatrian Tutkimuss\u00e4\u00e4ti\u00f6 vastaanottaa hakemuksia ainoastaan hakuaikojen sis\u00e4ll\u00e4 ja verkkopalvelun kautta. Psykiatrian Tutkimuss\u00e4\u00e4ti\u00f6n tutkimusapurahan hakija rekister\u00f6ityy Psykiatrian Tutkimuss\u00e4\u00e4ti\u00f6n apurahat -verkkopalvelun k\u00e4ytt\u00e4j\u00e4ksi. Rekister\u00f6idytty\u00e4\u00e4n apurahanhakijaksi, hakija suostuu samalla henkil\u00f6tietojensa k\u00e4sittelyyn Psykiatrian Tutkimuss\u00e4\u00e4ti\u00f6n tietosuojaselosteessa kuvatulla tavalla.<\/p><p>Linkki: <a href=\"https:\/\/psykiatriantutkimussaatio.apurahat.net\/\">Hae apurahaa verkkopalvelun kautta<\/a><\/p>\t\t\t\t\t\t\t\t<\/div>\n\t\t\t\t<\/div>\n\t\t\t\t\t<\/div>\n\t\t<\/div>\n\t\t\t\t\t<\/div>\n\t\t<\/section>\n\t\t\t\t<\/div>\n\t\t","protected":false},"excerpt":{"rendered":"<p>Apurahan hakeminen Psykiatrian Tutkimuss\u00e4\u00e4ti\u00f6n apurahat jaetaan kerran vuodessa. Hakuaika on vuosittain 1. &#8211; 31. tammikuuta. Apurahat my\u00f6nnet\u00e4\u00e4n psykiatriseen tieteelliseen tutkimukseen, jossa tutkimuskohteena on ihminen (ei esim. koe-el\u00e4in tai solututkimukseen). Apurahat my\u00f6nnet\u00e4\u00e4n\u00a0 etup\u00e4\u00e4ss\u00e4 nuorille v\u00e4it\u00f6skirjaa tekeville ja ne ovat suuruudeltaan muutamia tuhansia euroja. Psykiatrian Tutkimuss\u00e4\u00e4ti\u00f6 ei my\u00f6nn\u00e4 matka-apurahoja. Hakijan koulutus-\/ammattitaustaa ei ole rajattu. Psykiatrian Tutkimuss\u00e4\u00e4ti\u00f6 vastaanottaa [&hellip;]<\/p>\n","protected":false},"author":1,"featured_media":0,"parent":0,"menu_order":0,"comment_status":"closed","ping_status":"closed","template":"","meta":{"footnotes":""},"class_list":["post-37","page","type-page","status-publish","hentry"],"_links":{"self":[{"href":"https:\/\/www.psykiatriantutkimussaatio.fi\/index.php\/wp-json\/wp\/v2\/pages\/37","targetHints":{"allow":["GET"]}}],"collection":[{"href":"https:\/\/www.psykiatriantutkimussaatio.fi\/index.php\/wp-json\/wp\/v2\/pages"}],"about":[{"href":"https:\/\/www.psykiatriantutkimussaatio.fi\/index.php\/wp-json\/wp\/v2\/types\/page"}],"author":[{"embeddable":true,"href":"https:\/\/www.psykiatriantutkimussaatio.fi\/index.php\/wp-json\/wp\/v2\/users\/1"}],"replies":[{"embeddable":true,"href":"https:\/\/www.psykiatriantutkimussaatio.fi\/index.php\/wp-json\/wp\/v2\/comments?post=37"}],"version-history":[{"count":51,"href":"https:\/\/www.psykiatriantutkimussaatio.fi\/index.php\/wp-json\/wp\/v2\/pages\/37\/revisions"}],"predecessor-version":[{"id":5011,"href":"https:\/\/www.psykiatriantutkimussaatio.fi\/index.php\/wp-json\/wp\/v2\/pages\/37\/revisions\/5011"}],"wp:attachment":[{"href":"https:\/\/www.psykiatriantutkimussaatio.fi\/index.php\/wp-json\/wp\/v2\/media?parent=37"}],"curies":[{"name":"wp","href":"https:\/\/api.w.org\/{rel}","templated":true}]}}