{"id":41,"date":"2019-10-06T15:41:21","date_gmt":"2019-10-06T15:41:21","guid":{"rendered":"http:\/\/www.psykiatriantutkimussaatio.fi\/?page_id=41"},"modified":"2024-07-29T08:35:07","modified_gmt":"2024-07-29T08:35:07","slug":"palkinnot","status":"publish","type":"page","link":"https:\/\/www.psykiatriantutkimussaatio.fi\/index.php\/palkinnot\/","title":{"rendered":"Palkinnot"},"content":{"rendered":"\t\t<div data-elementor-type=\"wp-page\" data-elementor-id=\"41\" class=\"elementor elementor-41\" data-elementor-post-type=\"page\">\n\t\t\t\t\t\t<section class=\"elementor-section elementor-top-section elementor-element elementor-element-1f9eae3d elementor-section-full_width elementor-section-height-default elementor-section-height-default\" data-id=\"1f9eae3d\" data-element_type=\"section\" data-e-type=\"section\" data-settings=\"{&quot;background_background&quot;:&quot;classic&quot;}\">\n\t\t\t\t\t\t\t<div class=\"elementor-background-overlay\"><\/div>\n\t\t\t\t\t\t\t<div class=\"elementor-container elementor-column-gap-default\">\n\t\t\t\t\t<div class=\"elementor-column elementor-col-100 elementor-top-column elementor-element elementor-element-41e958ba\" data-id=\"41e958ba\" data-element_type=\"column\" data-e-type=\"column\" data-settings=\"{&quot;background_background&quot;:&quot;classic&quot;}\">\n\t\t\t<div class=\"elementor-widget-wrap\">\n\t\t\t\t\t\t\t<\/div>\n\t\t<\/div>\n\t\t\t\t\t<\/div>\n\t\t<\/section>\n\t\t\t\t<section class=\"elementor-section elementor-top-section elementor-element elementor-element-63be0199 elementor-section-boxed elementor-section-height-default elementor-section-height-default\" data-id=\"63be0199\" data-element_type=\"section\" data-e-type=\"section\">\n\t\t\t\t\t\t<div class=\"elementor-container elementor-column-gap-default\">\n\t\t\t\t\t<div class=\"elementor-column elementor-col-50 elementor-top-column elementor-element elementor-element-f6b1461\" data-id=\"f6b1461\" data-element_type=\"column\" data-e-type=\"column\" data-settings=\"{&quot;background_background&quot;:&quot;classic&quot;}\">\n\t\t\t<div class=\"elementor-widget-wrap elementor-element-populated\">\n\t\t\t\t\t\t<div class=\"elementor-element elementor-element-2dc54ef1 elementor-widget elementor-widget-heading\" data-id=\"2dc54ef1\" data-element_type=\"widget\" data-e-type=\"widget\" data-widget_type=\"heading.default\">\n\t\t\t\t<div class=\"elementor-widget-container\">\n\t\t\t\t\t<h2 class=\"elementor-heading-title elementor-size-default\">Palkinnot<\/h2>\t\t\t\t<\/div>\n\t\t\t\t<\/div>\n\t\t\t\t\t<\/div>\n\t\t<\/div>\n\t\t\t\t<div class=\"elementor-column elementor-col-50 elementor-top-column elementor-element elementor-element-854e4c7\" data-id=\"854e4c7\" data-element_type=\"column\" data-e-type=\"column\">\n\t\t\t<div class=\"elementor-widget-wrap\">\n\t\t\t\t\t\t\t<\/div>\n\t\t<\/div>\n\t\t\t\t\t<\/div>\n\t\t<\/section>\n\t\t\t\t<section class=\"elementor-section elementor-top-section elementor-element elementor-element-322ed541 elementor-section-boxed elementor-section-height-default elementor-section-height-default\" data-id=\"322ed541\" data-element_type=\"section\" data-e-type=\"section\">\n\t\t\t\t\t\t<div class=\"elementor-container elementor-column-gap-default\">\n\t\t\t\t\t<div class=\"elementor-column elementor-col-100 elementor-top-column elementor-element elementor-element-3ef7b9dc\" data-id=\"3ef7b9dc\" data-element_type=\"column\" data-e-type=\"column\">\n\t\t\t<div class=\"elementor-widget-wrap elementor-element-populated\">\n\t\t\t\t\t\t<div class=\"elementor-element elementor-element-2cdafa8e elementor-widget elementor-widget-text-editor\" data-id=\"2cdafa8e\" data-element_type=\"widget\" data-e-type=\"widget\" data-widget_type=\"text-editor.default\">\n\t\t\t\t<div class=\"elementor-widget-container\">\n\t\t\t\t\t\t\t\t\t<p>Psykiatrian Tutkimuss\u00e4\u00e4ti\u00f6 jakaa joka viides vuosi Kalle Acht\u00e9 -palkinnon ansioituneelle suomalaiselle psykiatrille. Palkinnolla s\u00e4\u00e4ti\u00f6 pyrkii kiinnitt\u00e4m\u00e4\u00e4n julkista huomiota mielenterveyden ongelmiin ja niiden hoitoon. Palkinnon saajat ovat monipuolisesti ansioituneita psykiatrian ja mielenterveyden edist\u00e4ji\u00e4. Vuonna 2023 palkinto annettiin emeritusprofessori Jouko L\u00f6nnqvistille. Aikaisemmat Kalle Acht\u00e9 -palkinnon saajat ovat professori Erik Anttinen, professori Yrj\u00f6 O. Alanen, professori Veikko Aalberg, emeritusprofessori Johannes Lehtonen, professori Pekka Tienari ja tutkimusprofessori Jaana Suvisaari.<\/p><p>Lis\u00e4ksi vuodesta 2016 on jaettu palkintoa, joka kantaa nime\u00e4 Psykiatrian Tutkimuss\u00e4\u00e4ti\u00f6n Mielenterveyspalkinto. Palkinto on s\u00e4\u00e4ti\u00f6n hallituksen p\u00e4\u00e4t\u00f6kseen perustuva julkinen huomionosoitus merkitt\u00e4v\u00e4st\u00e4 panoksesta ja toiminnasta suomalaisen mielenterveysty\u00f6n edist\u00e4misess\u00e4. Palkittava toiminta ja henkil\u00f6 valitaan Suomesta v\u00e4est\u00f6n mielenterveyteen eri tavoin vaikuttavien toimijoiden keskuudesta, ja sill\u00e4 pyrit\u00e4\u00e4n kohdistamaan perusteltua huomiota sellaisiin aktiivisiin vaikuttajiin, jotka tavallisesti j\u00e4\u00e4v\u00e4t kliinisen ja h\u00e4iri\u00f6keskeisen tutkimuksen huomioinnin ulkopuolelle. Palkinto jaetaan HUSin ja HY:n Psykiatrian p\u00e4iv\u00e4ss\u00e4 tai hallituksen niin erikseen p\u00e4\u00e4tt\u00e4ess\u00e4 muunakin ajankohtana. Palkinnonsaajalle luovutetaan s\u00e4\u00e4ti\u00f6n Lapinlahti-mitali. Vuonna 2016 palkinto my\u00f6nnettiin LT Pekka Mustoselle, vuonna 2017 LT Matti Kaivosojalle, vuonna 2019 TeM Mari Rantasilalle ja vuonna 2020 tutkimusprofessori Timo Partoselle.<\/p>\t\t\t\t\t\t\t\t<\/div>\n\t\t\t\t<\/div>\n\t\t\t\t\t<\/div>\n\t\t<\/div>\n\t\t\t\t\t<\/div>\n\t\t<\/section>\n\t\t\t\t<\/div>\n\t\t","protected":false},"excerpt":{"rendered":"<p>Palkinnot Psykiatrian Tutkimuss\u00e4\u00e4ti\u00f6 jakaa joka viides vuosi Kalle Acht\u00e9 -palkinnon ansioituneelle suomalaiselle psykiatrille. Palkinnolla s\u00e4\u00e4ti\u00f6 pyrkii kiinnitt\u00e4m\u00e4\u00e4n julkista huomiota mielenterveyden ongelmiin ja niiden hoitoon. Palkinnon saajat ovat monipuolisesti ansioituneita psykiatrian ja mielenterveyden edist\u00e4ji\u00e4. Vuonna 2023 palkinto annettiin emeritusprofessori Jouko L\u00f6nnqvistille. Aikaisemmat Kalle Acht\u00e9 -palkinnon saajat ovat professori Erik Anttinen, professori Yrj\u00f6 O. Alanen, professori Veikko [&hellip;]<\/p>\n","protected":false},"author":1,"featured_media":0,"parent":0,"menu_order":0,"comment_status":"closed","ping_status":"closed","template":"","meta":{"footnotes":""},"class_list":["post-41","page","type-page","status-publish","hentry"],"_links":{"self":[{"href":"https:\/\/www.psykiatriantutkimussaatio.fi\/index.php\/wp-json\/wp\/v2\/pages\/41","targetHints":{"allow":["GET"]}}],"collection":[{"href":"https:\/\/www.psykiatriantutkimussaatio.fi\/index.php\/wp-json\/wp\/v2\/pages"}],"about":[{"href":"https:\/\/www.psykiatriantutkimussaatio.fi\/index.php\/wp-json\/wp\/v2\/types\/page"}],"author":[{"embeddable":true,"href":"https:\/\/www.psykiatriantutkimussaatio.fi\/index.php\/wp-json\/wp\/v2\/users\/1"}],"replies":[{"embeddable":true,"href":"https:\/\/www.psykiatriantutkimussaatio.fi\/index.php\/wp-json\/wp\/v2\/comments?post=41"}],"version-history":[{"count":42,"href":"https:\/\/www.psykiatriantutkimussaatio.fi\/index.php\/wp-json\/wp\/v2\/pages\/41\/revisions"}],"predecessor-version":[{"id":5383,"href":"https:\/\/www.psykiatriantutkimussaatio.fi\/index.php\/wp-json\/wp\/v2\/pages\/41\/revisions\/5383"}],"wp:attachment":[{"href":"https:\/\/www.psykiatriantutkimussaatio.fi\/index.php\/wp-json\/wp\/v2\/media?parent=41"}],"curies":[{"name":"wp","href":"https:\/\/api.w.org\/{rel}","templated":true}]}}