{"id":4571,"date":"2022-01-20T23:48:43","date_gmt":"2022-01-20T23:48:43","guid":{"rendered":"https:\/\/www.psykiatriantutkimussaatio.fi\/?page_id=4571"},"modified":"2022-02-03T05:55:23","modified_gmt":"2022-02-03T05:55:23","slug":"editorial-board","status":"publish","type":"page","link":"https:\/\/www.psykiatriantutkimussaatio.fi\/index.php\/editorial-board\/","title":{"rendered":"Editorial board"},"content":{"rendered":"\t\t<div data-elementor-type=\"wp-page\" data-elementor-id=\"4571\" class=\"elementor elementor-4571\" data-elementor-post-type=\"page\">\n\t\t\t\t\t\t<section class=\"elementor-section elementor-top-section elementor-element elementor-element-6934d908 elementor-section-full_width elementor-section-height-default elementor-section-height-default\" data-id=\"6934d908\" data-element_type=\"section\" data-e-type=\"section\" data-settings=\"{&quot;background_background&quot;:&quot;classic&quot;}\">\n\t\t\t\t\t\t\t<div class=\"elementor-background-overlay\"><\/div>\n\t\t\t\t\t\t\t<div class=\"elementor-container elementor-column-gap-default\">\n\t\t\t\t\t<div class=\"elementor-column elementor-col-100 elementor-top-column elementor-element elementor-element-26377fc7\" data-id=\"26377fc7\" data-element_type=\"column\" data-e-type=\"column\" data-settings=\"{&quot;background_background&quot;:&quot;classic&quot;}\">\n\t\t\t<div class=\"elementor-widget-wrap\">\n\t\t\t\t\t\t\t<\/div>\n\t\t<\/div>\n\t\t\t\t\t<\/div>\n\t\t<\/section>\n\t\t\t\t<section class=\"elementor-section elementor-top-section elementor-element elementor-element-a4ce8f9 elementor-section-boxed elementor-section-height-default elementor-section-height-default\" data-id=\"a4ce8f9\" data-element_type=\"section\" data-e-type=\"section\">\n\t\t\t\t\t\t<div class=\"elementor-container elementor-column-gap-default\">\n\t\t\t\t\t<div class=\"elementor-column elementor-col-50 elementor-top-column elementor-element elementor-element-43c25c91\" data-id=\"43c25c91\" data-element_type=\"column\" data-e-type=\"column\" data-settings=\"{&quot;background_background&quot;:&quot;classic&quot;}\">\n\t\t\t<div class=\"elementor-widget-wrap elementor-element-populated\">\n\t\t\t\t\t\t<div class=\"elementor-element elementor-element-d0b3808 elementor-widget elementor-widget-heading\" data-id=\"d0b3808\" data-element_type=\"widget\" data-e-type=\"widget\" data-widget_type=\"heading.default\">\n\t\t\t\t<div class=\"elementor-widget-container\">\n\t\t\t\t\t<h2 class=\"elementor-heading-title elementor-size-default\">Editorial board<\/h2>\t\t\t\t<\/div>\n\t\t\t\t<\/div>\n\t\t\t\t\t<\/div>\n\t\t<\/div>\n\t\t\t\t<div class=\"elementor-column elementor-col-50 elementor-top-column elementor-element elementor-element-c6c93a0\" data-id=\"c6c93a0\" data-element_type=\"column\" data-e-type=\"column\">\n\t\t\t<div class=\"elementor-widget-wrap\">\n\t\t\t\t\t\t\t<\/div>\n\t\t<\/div>\n\t\t\t\t\t<\/div>\n\t\t<\/section>\n\t\t\t\t<section class=\"elementor-section elementor-top-section elementor-element elementor-element-a9f2e20 elementor-section-boxed elementor-section-height-default elementor-section-height-default\" data-id=\"a9f2e20\" data-element_type=\"section\" data-e-type=\"section\">\n\t\t\t\t\t\t<div class=\"elementor-container elementor-column-gap-default\">\n\t\t\t\t\t<div class=\"elementor-column elementor-col-100 elementor-top-column elementor-element elementor-element-51d4ff4\" data-id=\"51d4ff4\" data-element_type=\"column\" data-e-type=\"column\">\n\t\t\t<div class=\"elementor-widget-wrap elementor-element-populated\">\n\t\t\t\t\t\t<div class=\"elementor-element elementor-element-27770d66 elementor-widget elementor-widget-text-editor\" data-id=\"27770d66\" data-element_type=\"widget\" data-e-type=\"widget\" data-widget_type=\"text-editor.default\">\n\t\t\t\t<div class=\"elementor-widget-container\">\n\t\t\t\t\t\t\t\t\t<p>Adjunct professor Tuula Kiesepp\u00e4, Helsinki University, Chief Medical Officer, The Ministry of Social Affairs and Health, Helsinki, Finland<\/p><p>Adjunct professor Erika J\u00e4\u00e4skel\u00e4inen, Center for Life Course Health Research, Medical Faculty, University of Oulu, Oulu, Finland<\/p><p>Adjunct professor Max Karukivi, Department of Adolescent Psychiatry, University of Turku and Turku University Hospital, Turku, Finland<\/p><p>Professor Mauri Marttunen, Helsinki University and Helsinki University Hospital, Helsinki, Finland<\/p><p>CEO, MA (Psychology) Tiia Pirkola, Finnish Foundation for Psychiatric Research, Helsinki, Finland<\/p>\t\t\t\t\t\t\t\t<\/div>\n\t\t\t\t<\/div>\n\t\t\t\t\t<\/div>\n\t\t<\/div>\n\t\t\t\t\t<\/div>\n\t\t<\/section>\n\t\t\t\t<section class=\"elementor-section elementor-top-section elementor-element elementor-element-21dbe77 elementor-section-boxed elementor-section-height-default elementor-section-height-default\" data-id=\"21dbe77\" data-element_type=\"section\" data-e-type=\"section\">\n\t\t\t\t\t\t<div class=\"elementor-container elementor-column-gap-default\">\n\t\t\t\t\t<div class=\"elementor-column elementor-col-50 elementor-top-column elementor-element elementor-element-02b6c79\" data-id=\"02b6c79\" data-element_type=\"column\" data-e-type=\"column\">\n\t\t\t<div class=\"elementor-widget-wrap elementor-element-populated\">\n\t\t\t\t\t\t<div class=\"elementor-element elementor-element-c51e97c elementor-widget elementor-widget-image\" data-id=\"c51e97c\" data-element_type=\"widget\" data-e-type=\"widget\" data-widget_type=\"image.default\">\n\t\t\t\t<div class=\"elementor-widget-container\">\n\t\t\t\t\t\t\t\t\t\t\t\t\t\t\t\t<a href=\"https:\/\/www.psykiatriantutkimussaatio.fi\/index.php\/psychiatria-fennica\/\">\n\t\t\t\t\t\t\t<img fetchpriority=\"high\" decoding=\"async\" width=\"738\" height=\"1024\" src=\"https:\/\/www.psykiatriantutkimussaatio.fi\/wp-content\/uploads\/2022\/01\/Psychiatria_Fennica-738x1024.png\" class=\"attachment-large size-large wp-image-4672\" alt=\"\" srcset=\"https:\/\/www.psykiatriantutkimussaatio.fi\/wp-content\/uploads\/2022\/01\/Psychiatria_Fennica-738x1024.png 738w, https:\/\/www.psykiatriantutkimussaatio.fi\/wp-content\/uploads\/2022\/01\/Psychiatria_Fennica-216x300.png 216w, https:\/\/www.psykiatriantutkimussaatio.fi\/wp-content\/uploads\/2022\/01\/Psychiatria_Fennica-768x1065.png 768w, https:\/\/www.psykiatriantutkimussaatio.fi\/wp-content\/uploads\/2022\/01\/Psychiatria_Fennica.png 865w\" sizes=\"(max-width: 738px) 100vw, 738px\" \/>\t\t\t\t\t\t\t\t<\/a>\n\t\t\t\t\t\t\t\t\t\t\t\t\t\t\t<\/div>\n\t\t\t\t<\/div>\n\t\t\t\t<div class=\"elementor-element elementor-element-33daede elementor-widget elementor-widget-text-editor\" data-id=\"33daede\" data-element_type=\"widget\" data-e-type=\"widget\" data-widget_type=\"text-editor.default\">\n\t\t\t\t<div class=\"elementor-widget-container\">\n\t\t\t\t\t\t\t\t\t<p><span style=\"text-decoration: underline;\"><a href=\"https:\/\/www.psykiatriantutkimussaatio.fi\/index.php\/psychiatria-fennica\/\">Psychiatria Fennica<\/a><\/span><\/p>\t\t\t\t\t\t\t\t<\/div>\n\t\t\t\t<\/div>\n\t\t\t\t\t<\/div>\n\t\t<\/div>\n\t\t\t\t<div class=\"elementor-column elementor-col-50 elementor-top-column elementor-element elementor-element-b39a768\" data-id=\"b39a768\" data-element_type=\"column\" data-e-type=\"column\">\n\t\t\t<div class=\"elementor-widget-wrap\">\n\t\t\t\t\t\t\t<\/div>\n\t\t<\/div>\n\t\t\t\t\t<\/div>\n\t\t<\/section>\n\t\t\t\t<\/div>\n\t\t","protected":false},"excerpt":{"rendered":"<p>Editorial board Adjunct professor Tuula Kiesepp\u00e4, Helsinki University, Chief Medical Officer, The Ministry of Social Affairs and Health, Helsinki, Finland Adjunct professor Erika J\u00e4\u00e4skel\u00e4inen, Center for Life Course Health Research, Medical Faculty, University of Oulu, Oulu, Finland Adjunct professor Max Karukivi, Department of Adolescent Psychiatry, University of Turku and Turku University Hospital, Turku, Finland Professor [&hellip;]<\/p>\n","protected":false},"author":1,"featured_media":0,"parent":0,"menu_order":0,"comment_status":"closed","ping_status":"closed","template":"","meta":{"footnotes":""},"class_list":["post-4571","page","type-page","status-publish","hentry"],"_links":{"self":[{"href":"https:\/\/www.psykiatriantutkimussaatio.fi\/index.php\/wp-json\/wp\/v2\/pages\/4571","targetHints":{"allow":["GET"]}}],"collection":[{"href":"https:\/\/www.psykiatriantutkimussaatio.fi\/index.php\/wp-json\/wp\/v2\/pages"}],"about":[{"href":"https:\/\/www.psykiatriantutkimussaatio.fi\/index.php\/wp-json\/wp\/v2\/types\/page"}],"author":[{"embeddable":true,"href":"https:\/\/www.psykiatriantutkimussaatio.fi\/index.php\/wp-json\/wp\/v2\/users\/1"}],"replies":[{"embeddable":true,"href":"https:\/\/www.psykiatriantutkimussaatio.fi\/index.php\/wp-json\/wp\/v2\/comments?post=4571"}],"version-history":[{"count":22,"href":"https:\/\/www.psykiatriantutkimussaatio.fi\/index.php\/wp-json\/wp\/v2\/pages\/4571\/revisions"}],"predecessor-version":[{"id":4782,"href":"https:\/\/www.psykiatriantutkimussaatio.fi\/index.php\/wp-json\/wp\/v2\/pages\/4571\/revisions\/4782"}],"wp:attachment":[{"href":"https:\/\/www.psykiatriantutkimussaatio.fi\/index.php\/wp-json\/wp\/v2\/media?parent=4571"}],"curies":[{"name":"wp","href":"https:\/\/api.w.org\/{rel}","templated":true}]}}