{"id":4575,"date":"2022-01-20T19:07:47","date_gmt":"2022-01-20T19:07:47","guid":{"rendered":"https:\/\/www.psykiatriantutkimussaatio.fi\/?page_id=4575"},"modified":"2022-02-04T12:00:58","modified_gmt":"2022-02-04T12:00:58","slug":"licensing-terms","status":"publish","type":"page","link":"https:\/\/www.psykiatriantutkimussaatio.fi\/index.php\/licensing-terms\/","title":{"rendered":"Licensing terms"},"content":{"rendered":"\t\t<div data-elementor-type=\"wp-page\" data-elementor-id=\"4575\" class=\"elementor elementor-4575\" data-elementor-post-type=\"page\">\n\t\t\t\t\t\t<section class=\"elementor-section elementor-top-section elementor-element elementor-element-6934d908 elementor-section-full_width elementor-section-height-default elementor-section-height-default\" data-id=\"6934d908\" data-element_type=\"section\" data-e-type=\"section\" data-settings=\"{&quot;background_background&quot;:&quot;classic&quot;}\">\n\t\t\t\t\t\t\t<div class=\"elementor-background-overlay\"><\/div>\n\t\t\t\t\t\t\t<div class=\"elementor-container elementor-column-gap-default\">\n\t\t\t\t\t<div class=\"elementor-column elementor-col-100 elementor-top-column elementor-element elementor-element-26377fc7\" data-id=\"26377fc7\" data-element_type=\"column\" data-e-type=\"column\" data-settings=\"{&quot;background_background&quot;:&quot;classic&quot;}\">\n\t\t\t<div class=\"elementor-widget-wrap\">\n\t\t\t\t\t\t\t<\/div>\n\t\t<\/div>\n\t\t\t\t\t<\/div>\n\t\t<\/section>\n\t\t\t\t<section class=\"elementor-section elementor-top-section elementor-element elementor-element-a4ce8f9 elementor-section-boxed elementor-section-height-default elementor-section-height-default\" data-id=\"a4ce8f9\" data-element_type=\"section\" data-e-type=\"section\">\n\t\t\t\t\t\t<div class=\"elementor-container elementor-column-gap-default\">\n\t\t\t\t\t<div class=\"elementor-column elementor-col-50 elementor-top-column elementor-element elementor-element-43c25c91\" data-id=\"43c25c91\" data-element_type=\"column\" data-e-type=\"column\" data-settings=\"{&quot;background_background&quot;:&quot;classic&quot;}\">\n\t\t\t<div class=\"elementor-widget-wrap elementor-element-populated\">\n\t\t\t\t\t\t<div class=\"elementor-element elementor-element-d0b3808 elementor-widget elementor-widget-heading\" data-id=\"d0b3808\" data-element_type=\"widget\" data-e-type=\"widget\" data-widget_type=\"heading.default\">\n\t\t\t\t<div class=\"elementor-widget-container\">\n\t\t\t\t\t<h2 class=\"elementor-heading-title elementor-size-default\">Licensing terms<\/h2>\t\t\t\t<\/div>\n\t\t\t\t<\/div>\n\t\t\t\t\t<\/div>\n\t\t<\/div>\n\t\t\t\t<div class=\"elementor-column elementor-col-50 elementor-top-column elementor-element elementor-element-c6c93a0\" data-id=\"c6c93a0\" data-element_type=\"column\" data-e-type=\"column\">\n\t\t\t<div class=\"elementor-widget-wrap\">\n\t\t\t\t\t\t\t<\/div>\n\t\t<\/div>\n\t\t\t\t\t<\/div>\n\t\t<\/section>\n\t\t\t\t<section class=\"elementor-section elementor-top-section elementor-element elementor-element-a9f2e20 elementor-section-boxed elementor-section-height-default elementor-section-height-default\" data-id=\"a9f2e20\" data-element_type=\"section\" data-e-type=\"section\">\n\t\t\t\t\t\t<div class=\"elementor-container elementor-column-gap-default\">\n\t\t\t\t\t<div class=\"elementor-column elementor-col-100 elementor-top-column elementor-element elementor-element-51d4ff4\" data-id=\"51d4ff4\" data-element_type=\"column\" data-e-type=\"column\">\n\t\t\t<div class=\"elementor-widget-wrap elementor-element-populated\">\n\t\t\t\t\t\t<div class=\"elementor-element elementor-element-27770d66 elementor-widget elementor-widget-text-editor\" data-id=\"27770d66\" data-element_type=\"widget\" data-e-type=\"widget\" data-widget_type=\"text-editor.default\">\n\t\t\t\t<div class=\"elementor-widget-container\">\n\t\t\t\t\t\t\t\t\t<p>This journal uses a\u00a0CC BY\u00a0license.<\/p><p><a href=\"http:\/\/creativecommons.org\/licenses\/by\/4.0\/\" rel=\"license\"><img decoding=\"async\" src=\"https:\/\/i.creativecommons.org\/l\/by\/4.0\/88x31.png\" alt=\"Creative Commons -lisenssi\" \/><\/a><br \/>T\u00e4m\u00e4 teos on lisensoitu\u00a0<a href=\"http:\/\/creativecommons.org\/licenses\/by\/4.0\/\" rel=\"license\">Creative Commons Nime\u00e4 4.0 Kansainv\u00e4linen -lisenssill\u00e4<\/a>.<\/p><p>All articles published by the\u00a0<em>Psychiatria Fennica\u00a0<\/em>are made freely and permanently accessible online immediately upon publication, without subscription charges or registration barriers.<\/p><p>As authors of articles published in\u00a0the\u00a0<em>Psychiatria Fennica<\/em>\u00a0are the copyright holders of their article and have granted to any third party, in advance and in perpetuity, the right to use, reproduce or disseminate their article.<\/p>\t\t\t\t\t\t\t\t<\/div>\n\t\t\t\t<\/div>\n\t\t\t\t\t<\/div>\n\t\t<\/div>\n\t\t\t\t\t<\/div>\n\t\t<\/section>\n\t\t\t\t<section class=\"elementor-section elementor-top-section elementor-element elementor-element-2d9a127 elementor-section-boxed elementor-section-height-default elementor-section-height-default\" data-id=\"2d9a127\" data-element_type=\"section\" data-e-type=\"section\">\n\t\t\t\t\t\t<div class=\"elementor-container elementor-column-gap-default\">\n\t\t\t\t\t<div class=\"elementor-column elementor-col-50 elementor-top-column elementor-element elementor-element-33acd34\" data-id=\"33acd34\" data-element_type=\"column\" data-e-type=\"column\">\n\t\t\t<div class=\"elementor-widget-wrap elementor-element-populated\">\n\t\t\t\t\t\t<div class=\"elementor-element elementor-element-51bfee9 elementor-widget elementor-widget-image\" data-id=\"51bfee9\" data-element_type=\"widget\" data-e-type=\"widget\" data-widget_type=\"image.default\">\n\t\t\t\t<div class=\"elementor-widget-container\">\n\t\t\t\t\t\t\t\t\t\t\t\t\t\t\t\t<a href=\"https:\/\/www.psykiatriantutkimussaatio.fi\/index.php\/psychiatria-fennica\/\">\n\t\t\t\t\t\t\t<img fetchpriority=\"high\" decoding=\"async\" width=\"738\" height=\"1024\" src=\"https:\/\/www.psykiatriantutkimussaatio.fi\/wp-content\/uploads\/2022\/01\/Psychiatria_Fennica-738x1024.png\" class=\"attachment-large size-large wp-image-4672\" alt=\"\" srcset=\"https:\/\/www.psykiatriantutkimussaatio.fi\/wp-content\/uploads\/2022\/01\/Psychiatria_Fennica-738x1024.png 738w, https:\/\/www.psykiatriantutkimussaatio.fi\/wp-content\/uploads\/2022\/01\/Psychiatria_Fennica-216x300.png 216w, https:\/\/www.psykiatriantutkimussaatio.fi\/wp-content\/uploads\/2022\/01\/Psychiatria_Fennica-768x1065.png 768w, https:\/\/www.psykiatriantutkimussaatio.fi\/wp-content\/uploads\/2022\/01\/Psychiatria_Fennica.png 865w\" sizes=\"(max-width: 738px) 100vw, 738px\" \/>\t\t\t\t\t\t\t\t<\/a>\n\t\t\t\t\t\t\t\t\t\t\t\t\t\t\t<\/div>\n\t\t\t\t<\/div>\n\t\t\t\t<div class=\"elementor-element elementor-element-ccb9655 elementor-widget elementor-widget-text-editor\" data-id=\"ccb9655\" data-element_type=\"widget\" data-e-type=\"widget\" data-widget_type=\"text-editor.default\">\n\t\t\t\t<div class=\"elementor-widget-container\">\n\t\t\t\t\t\t\t\t\t<p><span style=\"text-decoration: underline;\"><a href=\"https:\/\/www.psykiatriantutkimussaatio.fi\/index.php\/psychiatria-fennica\/\">Psychiatria Fennica<\/a><\/span><\/p>\t\t\t\t\t\t\t\t<\/div>\n\t\t\t\t<\/div>\n\t\t\t\t\t<\/div>\n\t\t<\/div>\n\t\t\t\t<div class=\"elementor-column elementor-col-50 elementor-top-column elementor-element elementor-element-a287fc7\" data-id=\"a287fc7\" data-element_type=\"column\" data-e-type=\"column\">\n\t\t\t<div class=\"elementor-widget-wrap\">\n\t\t\t\t\t\t\t<\/div>\n\t\t<\/div>\n\t\t\t\t\t<\/div>\n\t\t<\/section>\n\t\t\t\t<\/div>\n\t\t","protected":false},"excerpt":{"rendered":"<p>Licensing terms This journal uses a&nbsp;CC BY&nbsp;license. T\u00e4m\u00e4 teos on lisensoitu&nbsp;Creative Commons Nime\u00e4 4.0 Kansainv\u00e4linen -lisenssill\u00e4. All articles published by the&nbsp;Psychiatria Fennica&nbsp;are made freely and permanently accessible online immediately upon publication, without subscription charges or registration barriers. As authors of articles published in&nbsp;the&nbsp;Psychiatria Fennica&nbsp;are the copyright holders of their article and have granted to any [&hellip;]<\/p>\n","protected":false},"author":1,"featured_media":0,"parent":0,"menu_order":0,"comment_status":"closed","ping_status":"closed","template":"","meta":{"footnotes":""},"class_list":["post-4575","page","type-page","status-publish","hentry"],"_links":{"self":[{"href":"https:\/\/www.psykiatriantutkimussaatio.fi\/index.php\/wp-json\/wp\/v2\/pages\/4575","targetHints":{"allow":["GET"]}}],"collection":[{"href":"https:\/\/www.psykiatriantutkimussaatio.fi\/index.php\/wp-json\/wp\/v2\/pages"}],"about":[{"href":"https:\/\/www.psykiatriantutkimussaatio.fi\/index.php\/wp-json\/wp\/v2\/types\/page"}],"author":[{"embeddable":true,"href":"https:\/\/www.psykiatriantutkimussaatio.fi\/index.php\/wp-json\/wp\/v2\/users\/1"}],"replies":[{"embeddable":true,"href":"https:\/\/www.psykiatriantutkimussaatio.fi\/index.php\/wp-json\/wp\/v2\/comments?post=4575"}],"version-history":[{"count":14,"href":"https:\/\/www.psykiatriantutkimussaatio.fi\/index.php\/wp-json\/wp\/v2\/pages\/4575\/revisions"}],"predecessor-version":[{"id":4830,"href":"https:\/\/www.psykiatriantutkimussaatio.fi\/index.php\/wp-json\/wp\/v2\/pages\/4575\/revisions\/4830"}],"wp:attachment":[{"href":"https:\/\/www.psykiatriantutkimussaatio.fi\/index.php\/wp-json\/wp\/v2\/media?parent=4575"}],"curies":[{"name":"wp","href":"https:\/\/api.w.org\/{rel}","templated":true}]}}