{"id":47,"date":"2019-10-06T15:43:25","date_gmt":"2019-10-06T15:43:25","guid":{"rendered":"http:\/\/www.psykiatriantutkimussaatio.fi\/?page_id=47"},"modified":"2023-01-02T11:11:00","modified_gmt":"2023-01-02T11:11:00","slug":"dsm-5","status":"publish","type":"page","link":"https:\/\/www.psykiatriantutkimussaatio.fi\/index.php\/dsm-5\/","title":{"rendered":"DSM-5"},"content":{"rendered":"\t\t<div data-elementor-type=\"wp-page\" data-elementor-id=\"47\" class=\"elementor elementor-47\" data-elementor-post-type=\"page\">\n\t\t\t\t\t\t<section class=\"elementor-section elementor-top-section elementor-element elementor-element-13bc8857 elementor-section-full_width elementor-section-height-default elementor-section-height-default\" data-id=\"13bc8857\" data-element_type=\"section\" data-e-type=\"section\" data-settings=\"{&quot;background_background&quot;:&quot;classic&quot;}\">\n\t\t\t\t\t\t\t<div class=\"elementor-background-overlay\"><\/div>\n\t\t\t\t\t\t\t<div class=\"elementor-container elementor-column-gap-default\">\n\t\t\t\t\t<div class=\"elementor-column elementor-col-100 elementor-top-column elementor-element elementor-element-776cdafc\" data-id=\"776cdafc\" data-element_type=\"column\" data-e-type=\"column\" data-settings=\"{&quot;background_background&quot;:&quot;classic&quot;}\">\n\t\t\t<div class=\"elementor-widget-wrap\">\n\t\t\t\t\t\t\t<\/div>\n\t\t<\/div>\n\t\t\t\t\t<\/div>\n\t\t<\/section>\n\t\t\t\t<section class=\"elementor-section elementor-top-section elementor-element elementor-element-54b2aba0 elementor-section-boxed elementor-section-height-default elementor-section-height-default\" data-id=\"54b2aba0\" data-element_type=\"section\" data-e-type=\"section\">\n\t\t\t\t\t\t<div class=\"elementor-container elementor-column-gap-default\">\n\t\t\t\t\t<div class=\"elementor-column elementor-col-50 elementor-top-column elementor-element elementor-element-3f567148\" data-id=\"3f567148\" data-element_type=\"column\" data-e-type=\"column\" data-settings=\"{&quot;background_background&quot;:&quot;classic&quot;}\">\n\t\t\t<div class=\"elementor-widget-wrap elementor-element-populated\">\n\t\t\t\t\t\t<div class=\"elementor-element elementor-element-42901332 elementor-widget elementor-widget-heading\" data-id=\"42901332\" data-element_type=\"widget\" data-e-type=\"widget\" data-widget_type=\"heading.default\">\n\t\t\t\t<div class=\"elementor-widget-container\">\n\t\t\t\t\t<h2 class=\"elementor-heading-title elementor-size-default\">DSM-5<\/h2>\t\t\t\t<\/div>\n\t\t\t\t<\/div>\n\t\t\t\t\t<\/div>\n\t\t<\/div>\n\t\t\t\t<div class=\"elementor-column elementor-col-50 elementor-top-column elementor-element elementor-element-6b81028\" data-id=\"6b81028\" data-element_type=\"column\" data-e-type=\"column\">\n\t\t\t<div class=\"elementor-widget-wrap\">\n\t\t\t\t\t\t\t<\/div>\n\t\t<\/div>\n\t\t\t\t\t<\/div>\n\t\t<\/section>\n\t\t\t\t<section class=\"elementor-section elementor-top-section elementor-element elementor-element-119449ed elementor-section-boxed elementor-section-height-default elementor-section-height-default\" data-id=\"119449ed\" data-element_type=\"section\" data-e-type=\"section\">\n\t\t\t\t\t\t<div class=\"elementor-container elementor-column-gap-default\">\n\t\t\t\t\t<div class=\"elementor-column elementor-col-100 elementor-top-column elementor-element elementor-element-46e684ce\" data-id=\"46e684ce\" data-element_type=\"column\" data-e-type=\"column\">\n\t\t\t<div class=\"elementor-widget-wrap elementor-element-populated\">\n\t\t\t\t\t\t<div class=\"elementor-element elementor-element-2b198cb5 elementor-widget elementor-widget-text-editor\" data-id=\"2b198cb5\" data-element_type=\"widget\" data-e-type=\"widget\" data-widget_type=\"text-editor.default\">\n\t\t\t\t<div class=\"elementor-widget-container\">\n\t\t\t\t\t\t\t\t\t<p>Amerikan Psykiatriyhdistys julkaisi vuonna 2013 uuden psykiatrisen sairausluokituksen, DSM-5:n. Psykiatrian Tutkimuss\u00e4\u00e4ti\u00f6 solmi syksyll\u00e4 2018 sopimuksen Desk Reference to the Diagnostic Criteria from DSM-5 taskukirjan k\u00e4\u00e4nt\u00e4misest\u00e4 suomen kielelle ja suomenkielinen teos on tehty yhteisty\u00f6ss\u00e4 Suomen Psykiatriyhdistyksen kanssa. DSM-5 Diagnostiset kriteerit julkaistaan suomeksi Psykiatrian Tutkimuss\u00e4\u00e4ti\u00f6n toimesta. Psykiatrian Tutkimuss\u00e4\u00e4ti\u00f6 on suomenkielisen kirjan yksinomainen kustantaja. Psykiatrian Tutkimuss\u00e4\u00e4ti\u00f6lt\u00e4 tulee pyyt\u00e4\u00e4 kirjallisesti lupa suomenkielisen kirjan tai sen osien k\u00e4ytt\u00f6\u00f6n. <strong>Kirjan myynti on p\u00e4\u00e4ttynyt per 31.12.2022.<\/strong><\/p>\t\t\t\t\t\t\t\t<\/div>\n\t\t\t\t<\/div>\n\t\t\t\t\t<\/div>\n\t\t<\/div>\n\t\t\t\t\t<\/div>\n\t\t<\/section>\n\t\t\t\t<section class=\"elementor-section elementor-top-section elementor-element elementor-element-2728fe5e elementor-section-boxed elementor-section-height-default elementor-section-height-default\" data-id=\"2728fe5e\" data-element_type=\"section\" data-e-type=\"section\" data-settings=\"{&quot;background_background&quot;:&quot;classic&quot;}\">\n\t\t\t\t\t\t<div class=\"elementor-container elementor-column-gap-default\">\n\t\t\t\t\t<div class=\"elementor-column elementor-col-50 elementor-top-column elementor-element elementor-element-4db387ca\" data-id=\"4db387ca\" data-element_type=\"column\" data-e-type=\"column\">\n\t\t\t<div class=\"elementor-widget-wrap elementor-element-populated\">\n\t\t\t\t\t\t<div class=\"elementor-element elementor-element-55ca3972 elementor-widget elementor-widget-image\" data-id=\"55ca3972\" data-element_type=\"widget\" data-e-type=\"widget\" data-widget_type=\"image.default\">\n\t\t\t\t<div class=\"elementor-widget-container\">\n\t\t\t\t\t\t\t\t\t\t\t\t\t\t\t<img fetchpriority=\"high\" decoding=\"async\" width=\"595\" height=\"841\" src=\"https:\/\/www.psykiatriantutkimussaatio.fi\/wp-content\/uploads\/2019\/12\/978-952-5166-31-6.jpg\" class=\"attachment-medium_large size-medium_large wp-image-2991\" alt=\"\" srcset=\"https:\/\/www.psykiatriantutkimussaatio.fi\/wp-content\/uploads\/2019\/12\/978-952-5166-31-6.jpg 595w, https:\/\/www.psykiatriantutkimussaatio.fi\/wp-content\/uploads\/2019\/12\/978-952-5166-31-6-212x300.jpg 212w\" sizes=\"(max-width: 595px) 100vw, 595px\" \/>\t\t\t\t\t\t\t\t\t\t\t\t\t\t\t<\/div>\n\t\t\t\t<\/div>\n\t\t\t\t\t<\/div>\n\t\t<\/div>\n\t\t\t\t<div class=\"elementor-column elementor-col-50 elementor-top-column elementor-element elementor-element-277355b7\" data-id=\"277355b7\" data-element_type=\"column\" data-e-type=\"column\">\n\t\t\t<div class=\"elementor-widget-wrap elementor-element-populated\">\n\t\t\t\t\t\t\t<\/div>\n\t\t<\/div>\n\t\t\t\t\t<\/div>\n\t\t<\/section>\n\t\t\t\t<\/div>\n\t\t","protected":false},"excerpt":{"rendered":"<p>DSM-5 Amerikan Psykiatriyhdistys julkaisi vuonna 2013 uuden psykiatrisen sairausluokituksen, DSM-5:n. Psykiatrian Tutkimuss\u00e4\u00e4ti\u00f6 solmi syksyll\u00e4 2018 sopimuksen Desk Reference to the Diagnostic Criteria from DSM-5 taskukirjan k\u00e4\u00e4nt\u00e4misest\u00e4 suomen kielelle ja suomenkielinen teos on tehty yhteisty\u00f6ss\u00e4 Suomen Psykiatriyhdistyksen kanssa. DSM-5 Diagnostiset kriteerit julkaistaan suomeksi Psykiatrian Tutkimuss\u00e4\u00e4ti\u00f6n toimesta. Psykiatrian Tutkimuss\u00e4\u00e4ti\u00f6 on suomenkielisen kirjan yksinomainen kustantaja. Psykiatrian Tutkimuss\u00e4\u00e4ti\u00f6lt\u00e4 tulee [&hellip;]<\/p>\n","protected":false},"author":1,"featured_media":0,"parent":0,"menu_order":0,"comment_status":"closed","ping_status":"closed","template":"","meta":{"footnotes":""},"class_list":["post-47","page","type-page","status-publish","hentry"],"_links":{"self":[{"href":"https:\/\/www.psykiatriantutkimussaatio.fi\/index.php\/wp-json\/wp\/v2\/pages\/47","targetHints":{"allow":["GET"]}}],"collection":[{"href":"https:\/\/www.psykiatriantutkimussaatio.fi\/index.php\/wp-json\/wp\/v2\/pages"}],"about":[{"href":"https:\/\/www.psykiatriantutkimussaatio.fi\/index.php\/wp-json\/wp\/v2\/types\/page"}],"author":[{"embeddable":true,"href":"https:\/\/www.psykiatriantutkimussaatio.fi\/index.php\/wp-json\/wp\/v2\/users\/1"}],"replies":[{"embeddable":true,"href":"https:\/\/www.psykiatriantutkimussaatio.fi\/index.php\/wp-json\/wp\/v2\/comments?post=47"}],"version-history":[{"count":72,"href":"https:\/\/www.psykiatriantutkimussaatio.fi\/index.php\/wp-json\/wp\/v2\/pages\/47\/revisions"}],"predecessor-version":[{"id":5051,"href":"https:\/\/www.psykiatriantutkimussaatio.fi\/index.php\/wp-json\/wp\/v2\/pages\/47\/revisions\/5051"}],"wp:attachment":[{"href":"https:\/\/www.psykiatriantutkimussaatio.fi\/index.php\/wp-json\/wp\/v2\/media?parent=47"}],"curies":[{"name":"wp","href":"https:\/\/api.w.org\/{rel}","templated":true}]}}