{"id":53,"date":"2019-10-06T15:44:24","date_gmt":"2019-10-06T15:44:24","guid":{"rendered":"http:\/\/www.psykiatriantutkimussaatio.fi\/?page_id=53"},"modified":"2024-10-30T09:09:13","modified_gmt":"2024-10-30T09:09:13","slug":"kertalahjoitus","status":"publish","type":"page","link":"https:\/\/www.psykiatriantutkimussaatio.fi\/index.php\/kertalahjoitus\/","title":{"rendered":"Kertalahjoitus"},"content":{"rendered":"\t\t<div data-elementor-type=\"wp-page\" data-elementor-id=\"53\" class=\"elementor elementor-53\" data-elementor-post-type=\"page\">\n\t\t\t\t\t\t<section class=\"elementor-section elementor-top-section elementor-element elementor-element-2aebcb84 elementor-section-full_width elementor-section-height-default elementor-section-height-default\" data-id=\"2aebcb84\" data-element_type=\"section\" data-e-type=\"section\" data-settings=\"{&quot;background_background&quot;:&quot;classic&quot;}\">\n\t\t\t\t\t\t\t<div class=\"elementor-background-overlay\"><\/div>\n\t\t\t\t\t\t\t<div class=\"elementor-container elementor-column-gap-default\">\n\t\t\t\t\t<div class=\"elementor-column elementor-col-100 elementor-top-column elementor-element elementor-element-3299edd6\" data-id=\"3299edd6\" data-element_type=\"column\" data-e-type=\"column\" data-settings=\"{&quot;background_background&quot;:&quot;classic&quot;}\">\n\t\t\t<div class=\"elementor-widget-wrap\">\n\t\t\t\t\t\t\t<\/div>\n\t\t<\/div>\n\t\t\t\t\t<\/div>\n\t\t<\/section>\n\t\t\t\t<section class=\"elementor-section elementor-top-section elementor-element elementor-element-1d3ee588 elementor-section-boxed elementor-section-height-default elementor-section-height-default\" data-id=\"1d3ee588\" data-element_type=\"section\" data-e-type=\"section\">\n\t\t\t\t\t\t<div class=\"elementor-container elementor-column-gap-default\">\n\t\t\t\t\t<div class=\"elementor-column elementor-col-50 elementor-top-column elementor-element elementor-element-54901136\" data-id=\"54901136\" data-element_type=\"column\" data-e-type=\"column\" data-settings=\"{&quot;background_background&quot;:&quot;classic&quot;}\">\n\t\t\t<div class=\"elementor-widget-wrap elementor-element-populated\">\n\t\t\t\t\t\t<div class=\"elementor-element elementor-element-5d73cd97 elementor-widget elementor-widget-heading\" data-id=\"5d73cd97\" data-element_type=\"widget\" data-e-type=\"widget\" data-widget_type=\"heading.default\">\n\t\t\t\t<div class=\"elementor-widget-container\">\n\t\t\t\t\t<h2 class=\"elementor-heading-title elementor-size-default\">Kertalahjoitus<\/h2>\t\t\t\t<\/div>\n\t\t\t\t<\/div>\n\t\t\t\t\t<\/div>\n\t\t<\/div>\n\t\t\t\t<div class=\"elementor-column elementor-col-50 elementor-top-column elementor-element elementor-element-67bf3c4\" data-id=\"67bf3c4\" data-element_type=\"column\" data-e-type=\"column\">\n\t\t\t<div class=\"elementor-widget-wrap\">\n\t\t\t\t\t\t\t<\/div>\n\t\t<\/div>\n\t\t\t\t\t<\/div>\n\t\t<\/section>\n\t\t\t\t<section class=\"elementor-section elementor-top-section elementor-element elementor-element-6e8f007f elementor-section-boxed elementor-section-height-default elementor-section-height-default\" data-id=\"6e8f007f\" data-element_type=\"section\" data-e-type=\"section\">\n\t\t\t\t\t\t<div class=\"elementor-container elementor-column-gap-default\">\n\t\t\t\t\t<div class=\"elementor-column elementor-col-100 elementor-top-column elementor-element elementor-element-91056f\" data-id=\"91056f\" data-element_type=\"column\" data-e-type=\"column\">\n\t\t\t<div class=\"elementor-widget-wrap elementor-element-populated\">\n\t\t\t\t\t\t<div class=\"elementor-element elementor-element-4c9e032e elementor-widget elementor-widget-text-editor\" data-id=\"4c9e032e\" data-element_type=\"widget\" data-e-type=\"widget\" data-widget_type=\"text-editor.default\">\n\t\t\t\t<div class=\"elementor-widget-container\">\n\t\t\t\t\t\t\t\t\t<p>Tee lahjoitus mielenterveyden h\u00e4iri\u00f6iden ymm\u00e4rt\u00e4miseksi, ennaltaehk\u00e4isemiseksi ja parempien hoitojen kehitt\u00e4miseksi.<br \/>Lahjoita valitsemasi summa Psykiatrian Tutkimuss\u00e4\u00e4ti\u00f6lle oheiselle tilille. Pienikin lahjoitus on arvokas. Tarvitset vain alla olevat tiedot.<\/p><p>Vastaanottaja: Psykiatrian Tutkimuss\u00e4\u00e4ti\u00f6<\/p><p>Rahanker\u00e4ystilin numero: FI24 5780 0720 4204 42<\/p><p>BIC \/ SWIFT: OKOYFIHH (T\u00e4t\u00e4 ei yleens\u00e4 tarvita suomalaisessa verkkopankissa.)<\/p><p>Viestikentt\u00e4: Lahjoitus Psykiatrian Tutkimuss\u00e4\u00e4ti\u00f6lle<\/p><p><strong>Kiitos arvokkaasta tuestasi mielenterveyden puolesta.<\/strong><\/p><p>Mik\u00e4li olet kiinnostunut lahjoittamaan isomman summan, on mahdollista perustaa esimerkiksi nime\u00e4si kantava rahasto. Annamme mielell\u00e4mme lis\u00e4tietoja: <a href=\"mailto:psykiatrian.tutkimussaatio@psy.fi\">psykiatrian.tutkimussaatio@psyts.fi<\/a><\/p><p>Psykiatrian tutkimuss\u00e4\u00e4ti\u00f6n rahanker\u00e4yslupa on voimassa Suomessa Ahvenanmaata lukuun ottamatta. Poliisihallituksen ker\u00e4yslupanumero RA\/2020\/779. Lupa on voimassa\u00a0 toistaiseksi 01.07.2020 alkaen. Et tarvitse ker\u00e4yslupanumeroa lahjoituksen tekemiseen. Ker\u00e4tt\u00e4v\u00e4t varat k\u00e4ytet\u00e4\u00e4n ja kohdistetaan mielenterveyden edist\u00e4mist\u00e4, h\u00e4iri\u00f6iden ehk\u00e4isy\u00e4 ja hoitoa koskevan tutkimuksen ja kehitystoiminnan tukemiseen. Ker\u00e4tt\u00e4v\u00e4t varat jaetaan apurahoina v\u00e4it\u00f6skirjaa tekeville nuorille psykiatrian alan tutkijoille, mielenterveyteen liittyv\u00e4n puolueettoman tutkimustiedon jakamiseen Psychiatria Fennica -vuosikirjan julkaisemisen muodossa sek\u00e4 julkisen huomion kiinnitt\u00e4miseen mielenterveysongelmiin ja niiden hoitoon sek\u00e4 mielenterveyden edist\u00e4miseen jakamalla Psykiatrian Tutkimuss\u00e4\u00e4ti\u00f6n Mielenterveyspalkinto (Lapinlahtimitali) ja Kalle Acht\u00e9 -palkinto.<\/p>\t\t\t\t\t\t\t\t<\/div>\n\t\t\t\t<\/div>\n\t\t\t\t\t<\/div>\n\t\t<\/div>\n\t\t\t\t\t<\/div>\n\t\t<\/section>\n\t\t\t\t<\/div>\n\t\t","protected":false},"excerpt":{"rendered":"<p>Kertalahjoitus Tee lahjoitus mielenterveyden h\u00e4iri\u00f6iden ymm\u00e4rt\u00e4miseksi, ennaltaehk\u00e4isemiseksi ja parempien hoitojen kehitt\u00e4miseksi.Lahjoita valitsemasi summa Psykiatrian Tutkimuss\u00e4\u00e4ti\u00f6lle oheiselle tilille. Pienikin lahjoitus on arvokas. Tarvitset vain alla olevat tiedot. Vastaanottaja: Psykiatrian Tutkimuss\u00e4\u00e4ti\u00f6 Rahanker\u00e4ystilin numero: FI24 5780 0720 4204 42 BIC \/ SWIFT: OKOYFIHH (T\u00e4t\u00e4 ei yleens\u00e4 tarvita suomalaisessa verkkopankissa.) Viestikentt\u00e4: Lahjoitus Psykiatrian Tutkimuss\u00e4\u00e4ti\u00f6lle Kiitos arvokkaasta tuestasi mielenterveyden puolesta. [&hellip;]<\/p>\n","protected":false},"author":1,"featured_media":0,"parent":0,"menu_order":0,"comment_status":"closed","ping_status":"closed","template":"","meta":{"footnotes":""},"class_list":["post-53","page","type-page","status-publish","hentry"],"_links":{"self":[{"href":"https:\/\/www.psykiatriantutkimussaatio.fi\/index.php\/wp-json\/wp\/v2\/pages\/53","targetHints":{"allow":["GET"]}}],"collection":[{"href":"https:\/\/www.psykiatriantutkimussaatio.fi\/index.php\/wp-json\/wp\/v2\/pages"}],"about":[{"href":"https:\/\/www.psykiatriantutkimussaatio.fi\/index.php\/wp-json\/wp\/v2\/types\/page"}],"author":[{"embeddable":true,"href":"https:\/\/www.psykiatriantutkimussaatio.fi\/index.php\/wp-json\/wp\/v2\/users\/1"}],"replies":[{"embeddable":true,"href":"https:\/\/www.psykiatriantutkimussaatio.fi\/index.php\/wp-json\/wp\/v2\/comments?post=53"}],"version-history":[{"count":39,"href":"https:\/\/www.psykiatriantutkimussaatio.fi\/index.php\/wp-json\/wp\/v2\/pages\/53\/revisions"}],"predecessor-version":[{"id":5492,"href":"https:\/\/www.psykiatriantutkimussaatio.fi\/index.php\/wp-json\/wp\/v2\/pages\/53\/revisions\/5492"}],"wp:attachment":[{"href":"https:\/\/www.psykiatriantutkimussaatio.fi\/index.php\/wp-json\/wp\/v2\/media?parent=53"}],"curies":[{"name":"wp","href":"https:\/\/api.w.org\/{rel}","templated":true}]}}