{"id":55,"date":"2019-10-06T15:44:45","date_gmt":"2019-10-06T15:44:45","guid":{"rendered":"http:\/\/www.psykiatriantutkimussaatio.fi\/?page_id=55"},"modified":"2021-08-24T11:27:49","modified_gmt":"2021-08-24T11:27:49","slug":"yrityslahjoitus","status":"publish","type":"page","link":"https:\/\/www.psykiatriantutkimussaatio.fi\/index.php\/yrityslahjoitus\/","title":{"rendered":"Yrityslahjoitus"},"content":{"rendered":"\t\t<div data-elementor-type=\"wp-page\" data-elementor-id=\"55\" class=\"elementor elementor-55\" data-elementor-post-type=\"page\">\n\t\t\t\t\t\t<section class=\"elementor-section elementor-top-section elementor-element elementor-element-22f5f648 elementor-section-full_width elementor-section-height-default elementor-section-height-default\" data-id=\"22f5f648\" data-element_type=\"section\" data-e-type=\"section\" data-settings=\"{&quot;background_background&quot;:&quot;classic&quot;}\">\n\t\t\t\t\t\t\t<div class=\"elementor-background-overlay\"><\/div>\n\t\t\t\t\t\t\t<div class=\"elementor-container elementor-column-gap-default\">\n\t\t\t\t\t<div class=\"elementor-column elementor-col-100 elementor-top-column elementor-element elementor-element-396ee130\" data-id=\"396ee130\" data-element_type=\"column\" data-e-type=\"column\" data-settings=\"{&quot;background_background&quot;:&quot;classic&quot;}\">\n\t\t\t<div class=\"elementor-widget-wrap\">\n\t\t\t\t\t\t\t<\/div>\n\t\t<\/div>\n\t\t\t\t\t<\/div>\n\t\t<\/section>\n\t\t\t\t<section class=\"elementor-section elementor-top-section elementor-element elementor-element-557ac536 elementor-section-boxed elementor-section-height-default elementor-section-height-default\" data-id=\"557ac536\" data-element_type=\"section\" data-e-type=\"section\">\n\t\t\t\t\t\t<div class=\"elementor-container elementor-column-gap-default\">\n\t\t\t\t\t<div class=\"elementor-column elementor-col-50 elementor-top-column elementor-element elementor-element-3c506bff\" data-id=\"3c506bff\" data-element_type=\"column\" data-e-type=\"column\" data-settings=\"{&quot;background_background&quot;:&quot;classic&quot;}\">\n\t\t\t<div class=\"elementor-widget-wrap elementor-element-populated\">\n\t\t\t\t\t\t<div class=\"elementor-element elementor-element-6753227b elementor-widget elementor-widget-heading\" data-id=\"6753227b\" data-element_type=\"widget\" data-e-type=\"widget\" data-widget_type=\"heading.default\">\n\t\t\t\t<div class=\"elementor-widget-container\">\n\t\t\t\t\t<h2 class=\"elementor-heading-title elementor-size-default\">Yrityslahjoitus<\/h2>\t\t\t\t<\/div>\n\t\t\t\t<\/div>\n\t\t\t\t\t<\/div>\n\t\t<\/div>\n\t\t\t\t<div class=\"elementor-column elementor-col-50 elementor-top-column elementor-element elementor-element-c38cc0e\" data-id=\"c38cc0e\" data-element_type=\"column\" data-e-type=\"column\">\n\t\t\t<div class=\"elementor-widget-wrap\">\n\t\t\t\t\t\t\t<\/div>\n\t\t<\/div>\n\t\t\t\t\t<\/div>\n\t\t<\/section>\n\t\t\t\t<section class=\"elementor-section elementor-top-section elementor-element elementor-element-5269e322 elementor-section-boxed elementor-section-height-default elementor-section-height-default\" data-id=\"5269e322\" data-element_type=\"section\" data-e-type=\"section\">\n\t\t\t\t\t\t<div class=\"elementor-container elementor-column-gap-default\">\n\t\t\t\t\t<div class=\"elementor-column elementor-col-100 elementor-top-column elementor-element elementor-element-6e0a904\" data-id=\"6e0a904\" data-element_type=\"column\" data-e-type=\"column\">\n\t\t\t<div class=\"elementor-widget-wrap elementor-element-populated\">\n\t\t\t\t\t\t<div class=\"elementor-element elementor-element-33ad1927 elementor-widget elementor-widget-text-editor\" data-id=\"33ad1927\" data-element_type=\"widget\" data-e-type=\"widget\" data-widget_type=\"text-editor.default\">\n\t\t\t\t<div class=\"elementor-widget-container\">\n\t\t\t\t\t\t\t\t\t<p>Ty\u00f6kyvytt\u00f6myysel\u00e4kel\u00e4isist\u00e4 kaksi viidesosaa on el\u00e4kkeell\u00e4 mielenterveyssyist\u00e4. Mielenterveysty\u00f6n tukeminen edist\u00e4\u00e4 v\u00e4est\u00f6n ty\u00f6- ja toimintakyky\u00e4 ja antaa sairastuneille mahdollisuuden parempaan arkeen. Yritykset voivat tukea Psykiatrian tutkimuss\u00e4\u00e4ti\u00f6t\u00e4 rahalahjoituksella, sponsoroimalla s\u00e4\u00e4ti\u00f6n tapahtumia ja lahjoittamalla palkintoja.<br \/>Tuki mielenterveytt\u00e4 ja hyvinvointia edist\u00e4v\u00e4lle tutkimukselle viestii vankasta arvopohjasta yrityksess\u00e4nne.<\/p><p>Yritykset voivat tehd\u00e4 rahalahjoituksen Psykiatrian Tutkimuss\u00e4\u00e4ti\u00f6lle.<\/p><p>*lahjoitusvarat ovat v\u00e4hennyskelpoisia valtionverotuksessa 850 eurosta yl\u00f6sp\u00e4in 50 000 euroon asti<br \/>*lahjoittajat saavat n\u00e4kyvyytt\u00e4 Psykiatrian Tutkimuss\u00e4\u00e4ti\u00f6n kotisivuilla<br \/>*lahjoittajat saavat lahjoituksestaan diplomin, jonka voivat laittaa esille<\/p><p>Voitte lahjoittaa valitsemanne summan Psykiatrian Tutkimuss\u00e4\u00e4ti\u00f6lle alla mainitulle tilille.<\/p><p>Vastaanottaja: Psykiatrian Tutkimuss\u00e4\u00e4ti\u00f6<\/p><p>Rahanker\u00e4ystilin numero: FI24 5780 0720 4204 42<\/p><p>BIC \/ SWIFT: OKOYFIHH<\/p><p>Viestikentt\u00e4: Lahjoitus Psykiatrian Tutkimuss\u00e4\u00e4ti\u00f6lle<\/p><p>Kiitos arvokkaasta tuestanne mielenterveyden puolesta.<\/p><p>Psykiatrian tutkimuss\u00e4\u00e4ti\u00f6n rahanker\u00e4yslupa on voimassa Suomessa Ahvenanmaata lukuun ottamatta. Poliisihallituksen ker\u00e4yslupanumero RA\/2020\/779. Lupa on voimassa\u00a0 toistaiseksi 01.07.2020 alkaen. Et tarvitse ker\u00e4yslupanumeroa lahjoituksen tekemiseen. Ker\u00e4tt\u00e4v\u00e4t varat k\u00e4ytet\u00e4\u00e4n ja kohdistetaan mielenterveyden edist\u00e4mist\u00e4, h\u00e4iri\u00f6iden ehk\u00e4isy\u00e4 ja hoitoa koskevan tutkimuksen ja kehitystoiminnan tukemiseen. Ker\u00e4tt\u00e4v\u00e4t varat jaetaan apurahoina v\u00e4it\u00f6skirjaa tekeville nuorille psykiatrian alan tutkijoille, mielenterveyteen liittyv\u00e4n puolueettoman tutkimustiedon jakamiseen Psychiatria Fennica -vuosikirjan julkaisemisen muodossa sek\u00e4 julkisen huomion kiinnitt\u00e4miseen mielenterveysongelmiin ja niiden hoitoon sek\u00e4 mielenterveyden edist\u00e4miseen jakamalla Psykiatrian Tutkimuss\u00e4\u00e4ti\u00f6n Mielenterveyspalkinto (Lapinlahtimitali) ja Kalle Acht\u00e9 -palkinto.<\/p>\t\t\t\t\t\t\t\t<\/div>\n\t\t\t\t<\/div>\n\t\t\t\t\t<\/div>\n\t\t<\/div>\n\t\t\t\t\t<\/div>\n\t\t<\/section>\n\t\t\t\t<\/div>\n\t\t","protected":false},"excerpt":{"rendered":"<p>Yrityslahjoitus Ty\u00f6kyvytt\u00f6myysel\u00e4kel\u00e4isist\u00e4 kaksi viidesosaa on el\u00e4kkeell\u00e4 mielenterveyssyist\u00e4. Mielenterveysty\u00f6n tukeminen edist\u00e4\u00e4 v\u00e4est\u00f6n ty\u00f6- ja toimintakyky\u00e4 ja antaa sairastuneille mahdollisuuden parempaan arkeen. Yritykset voivat tukea Psykiatrian tutkimuss\u00e4\u00e4ti\u00f6t\u00e4 rahalahjoituksella, sponsoroimalla s\u00e4\u00e4ti\u00f6n tapahtumia ja lahjoittamalla palkintoja.Tuki mielenterveytt\u00e4 ja hyvinvointia edist\u00e4v\u00e4lle tutkimukselle viestii vankasta arvopohjasta yrityksess\u00e4nne. Yritykset voivat tehd\u00e4 rahalahjoituksen Psykiatrian Tutkimuss\u00e4\u00e4ti\u00f6lle. *lahjoitusvarat ovat v\u00e4hennyskelpoisia valtionverotuksessa 850 eurosta yl\u00f6sp\u00e4in 50 [&hellip;]<\/p>\n","protected":false},"author":1,"featured_media":0,"parent":0,"menu_order":0,"comment_status":"closed","ping_status":"closed","template":"","meta":{"footnotes":""},"class_list":["post-55","page","type-page","status-publish","hentry"],"_links":{"self":[{"href":"https:\/\/www.psykiatriantutkimussaatio.fi\/index.php\/wp-json\/wp\/v2\/pages\/55","targetHints":{"allow":["GET"]}}],"collection":[{"href":"https:\/\/www.psykiatriantutkimussaatio.fi\/index.php\/wp-json\/wp\/v2\/pages"}],"about":[{"href":"https:\/\/www.psykiatriantutkimussaatio.fi\/index.php\/wp-json\/wp\/v2\/types\/page"}],"author":[{"embeddable":true,"href":"https:\/\/www.psykiatriantutkimussaatio.fi\/index.php\/wp-json\/wp\/v2\/users\/1"}],"replies":[{"embeddable":true,"href":"https:\/\/www.psykiatriantutkimussaatio.fi\/index.php\/wp-json\/wp\/v2\/comments?post=55"}],"version-history":[{"count":40,"href":"https:\/\/www.psykiatriantutkimussaatio.fi\/index.php\/wp-json\/wp\/v2\/pages\/55\/revisions"}],"predecessor-version":[{"id":4108,"href":"https:\/\/www.psykiatriantutkimussaatio.fi\/index.php\/wp-json\/wp\/v2\/pages\/55\/revisions\/4108"}],"wp:attachment":[{"href":"https:\/\/www.psykiatriantutkimussaatio.fi\/index.php\/wp-json\/wp\/v2\/media?parent=55"}],"curies":[{"name":"wp","href":"https:\/\/api.w.org\/{rel}","templated":true}]}}