{"id":59,"date":"2019-10-06T15:45:29","date_gmt":"2019-10-06T15:45:29","guid":{"rendered":"http:\/\/www.psykiatriantutkimussaatio.fi\/?page_id=59"},"modified":"2024-10-31T12:34:48","modified_gmt":"2024-10-31T12:34:48","slug":"testamenttilahjoitus","status":"publish","type":"page","link":"https:\/\/www.psykiatriantutkimussaatio.fi\/index.php\/testamenttilahjoitus\/","title":{"rendered":"Testamenttilahjoitus"},"content":{"rendered":"\t\t<div data-elementor-type=\"wp-page\" data-elementor-id=\"59\" class=\"elementor elementor-59\" data-elementor-post-type=\"page\">\n\t\t\t\t\t\t<section class=\"elementor-section elementor-top-section elementor-element elementor-element-103b2d4f elementor-section-full_width elementor-section-height-default elementor-section-height-default\" data-id=\"103b2d4f\" data-element_type=\"section\" data-e-type=\"section\" data-settings=\"{&quot;background_background&quot;:&quot;classic&quot;}\">\n\t\t\t\t\t\t\t<div class=\"elementor-background-overlay\"><\/div>\n\t\t\t\t\t\t\t<div class=\"elementor-container elementor-column-gap-default\">\n\t\t\t\t\t<div class=\"elementor-column elementor-col-100 elementor-top-column elementor-element elementor-element-7d3eaec9\" data-id=\"7d3eaec9\" data-element_type=\"column\" data-e-type=\"column\" data-settings=\"{&quot;background_background&quot;:&quot;classic&quot;}\">\n\t\t\t<div class=\"elementor-widget-wrap\">\n\t\t\t\t\t\t\t<\/div>\n\t\t<\/div>\n\t\t\t\t\t<\/div>\n\t\t<\/section>\n\t\t\t\t<section class=\"elementor-section elementor-top-section elementor-element elementor-element-3c1edc73 elementor-section-boxed elementor-section-height-default elementor-section-height-default\" data-id=\"3c1edc73\" data-element_type=\"section\" data-e-type=\"section\">\n\t\t\t\t\t\t<div class=\"elementor-container elementor-column-gap-default\">\n\t\t\t\t\t<div class=\"elementor-column elementor-col-50 elementor-top-column elementor-element elementor-element-38f1afde\" data-id=\"38f1afde\" data-element_type=\"column\" data-e-type=\"column\" data-settings=\"{&quot;background_background&quot;:&quot;classic&quot;}\">\n\t\t\t<div class=\"elementor-widget-wrap elementor-element-populated\">\n\t\t\t\t\t\t<div class=\"elementor-element elementor-element-601aad8c elementor-widget elementor-widget-heading\" data-id=\"601aad8c\" data-element_type=\"widget\" data-e-type=\"widget\" data-widget_type=\"heading.default\">\n\t\t\t\t<div class=\"elementor-widget-container\">\n\t\t\t\t\t<h2 class=\"elementor-heading-title elementor-size-default\">Testamenttilahjoitus<\/h2>\t\t\t\t<\/div>\n\t\t\t\t<\/div>\n\t\t\t\t\t<\/div>\n\t\t<\/div>\n\t\t\t\t<div class=\"elementor-column elementor-col-50 elementor-top-column elementor-element elementor-element-6740cb8d\" data-id=\"6740cb8d\" data-element_type=\"column\" data-e-type=\"column\">\n\t\t\t<div class=\"elementor-widget-wrap\">\n\t\t\t\t\t\t\t<\/div>\n\t\t<\/div>\n\t\t\t\t\t<\/div>\n\t\t<\/section>\n\t\t\t\t<section class=\"elementor-section elementor-top-section elementor-element elementor-element-5c89198b elementor-section-boxed elementor-section-height-default elementor-section-height-default\" data-id=\"5c89198b\" data-element_type=\"section\" data-e-type=\"section\">\n\t\t\t\t\t\t<div class=\"elementor-container elementor-column-gap-default\">\n\t\t\t\t\t<div class=\"elementor-column elementor-col-100 elementor-top-column elementor-element elementor-element-266997b4\" data-id=\"266997b4\" data-element_type=\"column\" data-e-type=\"column\">\n\t\t\t<div class=\"elementor-widget-wrap elementor-element-populated\">\n\t\t\t\t\t\t<div class=\"elementor-element elementor-element-4b51bf43 elementor-widget elementor-widget-text-editor\" data-id=\"4b51bf43\" data-element_type=\"widget\" data-e-type=\"widget\" data-widget_type=\"text-editor.default\">\n\t\t\t\t<div class=\"elementor-widget-container\">\n\t\t\t\t\t\t\t\t\t<p>Mielenterveyden edist\u00e4mist\u00e4 voi tukea my\u00f6s testamenttilahjoituksella. Testamentissaan s\u00e4\u00e4ti\u00f6lle voi lahjoittaa omaisuudestaan tietyn m\u00e4\u00e4r\u00e4n, tietyn osuuden tai sen voi lahjoittaa kokonaan. Koska s\u00e4\u00e4ti\u00f6 on yleishy\u00f6dyllinen toimija, lahjoituksesta ei perit\u00e4 veroa vaan lahjoitetut varat menev\u00e4t suoraan s\u00e4\u00e4ti\u00f6lle kokonaisuudessaan. S\u00e4\u00e4ti\u00f6 tarjoaa my\u00f6s ilmaista tukea testamentin laatimiseen.\u00a0 Jos toivot tukea testamentin laatimiseen, ota yhteytt\u00e4 (tiia.pirkola@psyts.fi, p. 050 512 52 92). Oikeaoppisen ja toiveitasi vastaavan testamentin luominen onnistuu yhdess\u00e4.<\/p>\t\t\t\t\t\t\t\t<\/div>\n\t\t\t\t<\/div>\n\t\t\t\t\t<\/div>\n\t\t<\/div>\n\t\t\t\t\t<\/div>\n\t\t<\/section>\n\t\t\t\t<\/div>\n\t\t","protected":false},"excerpt":{"rendered":"<p>Testamenttilahjoitus Mielenterveyden edist\u00e4mist\u00e4 voi tukea my\u00f6s testamenttilahjoituksella. Testamentissaan s\u00e4\u00e4ti\u00f6lle voi lahjoittaa omaisuudestaan tietyn m\u00e4\u00e4r\u00e4n, tietyn osuuden tai sen voi lahjoittaa kokonaan. Koska s\u00e4\u00e4ti\u00f6 on yleishy\u00f6dyllinen toimija, lahjoituksesta ei perit\u00e4 veroa vaan lahjoitetut varat menev\u00e4t suoraan s\u00e4\u00e4ti\u00f6lle kokonaisuudessaan. S\u00e4\u00e4ti\u00f6 tarjoaa my\u00f6s ilmaista tukea testamentin laatimiseen.\u00a0 Jos toivot tukea testamentin laatimiseen, ota yhteytt\u00e4 (tiia.pirkola@psyts.fi, p. 050 512 [&hellip;]<\/p>\n","protected":false},"author":1,"featured_media":0,"parent":0,"menu_order":0,"comment_status":"closed","ping_status":"closed","template":"","meta":{"footnotes":""},"class_list":["post-59","page","type-page","status-publish","hentry"],"_links":{"self":[{"href":"https:\/\/www.psykiatriantutkimussaatio.fi\/index.php\/wp-json\/wp\/v2\/pages\/59","targetHints":{"allow":["GET"]}}],"collection":[{"href":"https:\/\/www.psykiatriantutkimussaatio.fi\/index.php\/wp-json\/wp\/v2\/pages"}],"about":[{"href":"https:\/\/www.psykiatriantutkimussaatio.fi\/index.php\/wp-json\/wp\/v2\/types\/page"}],"author":[{"embeddable":true,"href":"https:\/\/www.psykiatriantutkimussaatio.fi\/index.php\/wp-json\/wp\/v2\/users\/1"}],"replies":[{"embeddable":true,"href":"https:\/\/www.psykiatriantutkimussaatio.fi\/index.php\/wp-json\/wp\/v2\/comments?post=59"}],"version-history":[{"count":35,"href":"https:\/\/www.psykiatriantutkimussaatio.fi\/index.php\/wp-json\/wp\/v2\/pages\/59\/revisions"}],"predecessor-version":[{"id":5508,"href":"https:\/\/www.psykiatriantutkimussaatio.fi\/index.php\/wp-json\/wp\/v2\/pages\/59\/revisions\/5508"}],"wp:attachment":[{"href":"https:\/\/www.psykiatriantutkimussaatio.fi\/index.php\/wp-json\/wp\/v2\/media?parent=59"}],"curies":[{"name":"wp","href":"https:\/\/api.w.org\/{rel}","templated":true}]}}