{"id":61,"date":"2019-10-06T15:45:46","date_gmt":"2019-10-06T15:45:46","guid":{"rendered":"http:\/\/www.psykiatriantutkimussaatio.fi\/?page_id=61"},"modified":"2020-09-30T20:02:37","modified_gmt":"2020-09-30T20:02:37","slug":"muistokerays","status":"publish","type":"page","link":"https:\/\/www.psykiatriantutkimussaatio.fi\/index.php\/muistokerays\/","title":{"rendered":"Muistoker\u00e4ys"},"content":{"rendered":"\t\t<div data-elementor-type=\"wp-page\" data-elementor-id=\"61\" class=\"elementor elementor-61\" data-elementor-post-type=\"page\">\n\t\t\t\t\t\t<section class=\"elementor-section elementor-top-section elementor-element elementor-element-1826e931 elementor-section-full_width elementor-section-height-default elementor-section-height-default\" data-id=\"1826e931\" data-element_type=\"section\" data-e-type=\"section\" data-settings=\"{&quot;background_background&quot;:&quot;classic&quot;}\">\n\t\t\t\t\t\t\t<div class=\"elementor-background-overlay\"><\/div>\n\t\t\t\t\t\t\t<div class=\"elementor-container elementor-column-gap-default\">\n\t\t\t\t\t<div class=\"elementor-column elementor-col-100 elementor-top-column elementor-element elementor-element-3e6c1e33\" data-id=\"3e6c1e33\" data-element_type=\"column\" data-e-type=\"column\" data-settings=\"{&quot;background_background&quot;:&quot;classic&quot;}\">\n\t\t\t<div class=\"elementor-widget-wrap\">\n\t\t\t\t\t\t\t<\/div>\n\t\t<\/div>\n\t\t\t\t\t<\/div>\n\t\t<\/section>\n\t\t\t\t<section class=\"elementor-section elementor-top-section elementor-element elementor-element-200d9fb4 elementor-section-boxed elementor-section-height-default elementor-section-height-default\" data-id=\"200d9fb4\" data-element_type=\"section\" data-e-type=\"section\">\n\t\t\t\t\t\t<div class=\"elementor-container elementor-column-gap-default\">\n\t\t\t\t\t<div class=\"elementor-column elementor-col-50 elementor-top-column elementor-element elementor-element-733c08ad\" data-id=\"733c08ad\" data-element_type=\"column\" data-e-type=\"column\" data-settings=\"{&quot;background_background&quot;:&quot;classic&quot;}\">\n\t\t\t<div class=\"elementor-widget-wrap elementor-element-populated\">\n\t\t\t\t\t\t<div class=\"elementor-element elementor-element-a1798c2 elementor-widget elementor-widget-heading\" data-id=\"a1798c2\" data-element_type=\"widget\" data-e-type=\"widget\" data-widget_type=\"heading.default\">\n\t\t\t\t<div class=\"elementor-widget-container\">\n\t\t\t\t\t<h2 class=\"elementor-heading-title elementor-size-default\">Muistoker\u00e4ys<\/h2>\t\t\t\t<\/div>\n\t\t\t\t<\/div>\n\t\t\t\t\t<\/div>\n\t\t<\/div>\n\t\t\t\t<div class=\"elementor-column elementor-col-50 elementor-top-column elementor-element elementor-element-395b6705\" data-id=\"395b6705\" data-element_type=\"column\" data-e-type=\"column\">\n\t\t\t<div class=\"elementor-widget-wrap\">\n\t\t\t\t\t\t\t<\/div>\n\t\t<\/div>\n\t\t\t\t\t<\/div>\n\t\t<\/section>\n\t\t\t\t<section class=\"elementor-section elementor-top-section elementor-element elementor-element-46bb6179 elementor-section-boxed elementor-section-height-default elementor-section-height-default\" data-id=\"46bb6179\" data-element_type=\"section\" data-e-type=\"section\">\n\t\t\t\t\t\t<div class=\"elementor-container elementor-column-gap-default\">\n\t\t\t\t\t<div class=\"elementor-column elementor-col-100 elementor-top-column elementor-element elementor-element-54655a03\" data-id=\"54655a03\" data-element_type=\"column\" data-e-type=\"column\">\n\t\t\t<div class=\"elementor-widget-wrap elementor-element-populated\">\n\t\t\t\t\t\t<div class=\"elementor-element elementor-element-61f050d4 elementor-widget elementor-widget-text-editor\" data-id=\"61f050d4\" data-element_type=\"widget\" data-e-type=\"widget\" data-widget_type=\"text-editor.default\">\n\t\t\t\t<div class=\"elementor-widget-container\">\n\t\t\t\t\t\t\t\t\t<p>Voit kunnioittaa muistolahjoituksella edesmenneen muistoa. Yhteisell\u00e4 ker\u00e4yksell\u00e4 voidaan kukkien tai muistoadressien sijaan tukea ty\u00f6t\u00e4 mielenterveyden edist\u00e4miseksi, mielenterveysh\u00e4iri\u00f6iden ymm\u00e4rt\u00e4miseksi, ennaltaehk\u00e4isemiseksi ja parempien hoitojen kehitt\u00e4miseksi.<\/p><p>V\u00e4lit\u00e4mme omaisille tiedon ker\u00e4ykseen osallistuneista sek\u00e4 muistolahjoituksen tuottaman yhteissumman. Tiedot l\u00e4hetet\u00e4\u00e4n noin kaksi-kolme viikkoa muistotilaisuuden j\u00e4lkeen.<\/p><p>Muistoker\u00e4yksen perustaminen on vaivatonta. Jos haluat perustaa ker\u00e4yksen, t\u00e4yt\u00e4 tarvittavat tiedot alla.<\/p><p><strong>Muistoker\u00e4yksen perustaminen<\/strong><\/p><p>Muistoker\u00e4yksen perustajana voi toimia esimerkiksi edesmenneen l\u00e4hiomainen. Vainajaa muistavien henkil\u00f6iden lahjoitukset ohjautuvat h\u00e4nen perustamaansa ker\u00e4ykseen. Muistolahjoituksen perustamisen j\u00e4lkeen voi lahjoitusmahdollisuudesta kertoa esimerkiksi kuolinilmoituksessa.<\/p><p>T\u00e4yt\u00e4th\u00e4n alla olevat tiedot, jotta saamme tarvittavat tiedot muistolahjoitusten seuraamista varten. Osoitetiedot ja muistotilaisuuden p\u00e4iv\u00e4m\u00e4\u00e4r\u00e4 ovat tarpeen, jos haluat tiedon ker\u00e4yksen loppusummasta ja ker\u00e4ykseen osallistuneista henkil\u00f6ist\u00e4.<\/p><p>Pyyd\u00e4 osoittamaan muistolahjoitukset Psykiatrian Tutkimuss\u00e4\u00e4ti\u00f6n tilille:<\/p><p>OP FI24 5780 0720 4204 42<br \/>BIC \/ SWIFT: OKOYFIHH\u00a0<\/p><p>Pyyd\u00e4 muistolahjoituksen tekev\u00e4\u00e4 kirjoittamaan tilisiirtolomakkeen viestikohtaan seuraavat tiedot:<\/p><p>*Edesmenneen nimi<br \/>*Muistajan \/ muistajien nimet<\/p><p>N\u00e4in osaamme kohdentaa lahjoitukset oikeaan ker\u00e4ykseen.<\/p>\t\t\t\t\t\t\t\t<\/div>\n\t\t\t\t<\/div>\n\t\t\t\t<div class=\"elementor-element elementor-element-92da6ff elementor-widget elementor-widget-shortcode\" data-id=\"92da6ff\" data-element_type=\"widget\" data-e-type=\"widget\" data-widget_type=\"shortcode.default\">\n\t\t\t\t<div class=\"elementor-widget-container\">\n\t\t\t\t\t\t\t<div class=\"elementor-shortcode\">\n<div class=\"wpcf7 no-js\" id=\"wpcf7-f2220-o1\" lang=\"fi\" dir=\"ltr\" data-wpcf7-id=\"2220\">\n<div class=\"screen-reader-response\"><p role=\"status\" aria-live=\"polite\" aria-atomic=\"true\"><\/p> <ul><\/ul><\/div>\n<form action=\"\/index.php\/wp-json\/wp\/v2\/pages\/61#wpcf7-f2220-o1\" method=\"post\" class=\"wpcf7-form init\" aria-label=\"Yhteydenottolomake\" novalidate=\"novalidate\" data-status=\"init\">\n<fieldset class=\"hidden-fields-container\"><input type=\"hidden\" name=\"_wpcf7\" value=\"2220\" \/><input type=\"hidden\" name=\"_wpcf7_version\" value=\"6.1.5\" \/><input type=\"hidden\" name=\"_wpcf7_locale\" value=\"fi\" \/><input type=\"hidden\" name=\"_wpcf7_unit_tag\" value=\"wpcf7-f2220-o1\" \/><input type=\"hidden\" name=\"_wpcf7_container_post\" value=\"0\" \/><input type=\"hidden\" name=\"_wpcf7_posted_data_hash\" value=\"\" \/><input type=\"hidden\" name=\"_wpcf7_recaptcha_response\" value=\"\" \/>\n<\/fieldset>\n<p>YHTEYSTIEDOT:\n<\/p>\n<p><label> Nimi*<br \/>\n<span class=\"wpcf7-form-control-wrap\" data-name=\"your-name\"><input size=\"40\" maxlength=\"400\" class=\"wpcf7-form-control wpcf7-text wpcf7-validates-as-required\" aria-required=\"true\" aria-invalid=\"false\" placeholder=\"Nimi ja sukunimi\" value=\"\" type=\"text\" name=\"your-name\" \/><\/span> <\/label>\n<\/p>\n<p><label> Osoite*<br \/>\n<span class=\"wpcf7-form-control-wrap\" data-name=\"your-osoite\"><input size=\"40\" maxlength=\"400\" class=\"wpcf7-form-control wpcf7-text wpcf7-validates-as-required\" aria-required=\"true\" aria-invalid=\"false\" placeholder=\"L\u00e4hiosoite, postitoimipaikka ja postinumero\" value=\"\" type=\"text\" name=\"your-osoite\" \/><\/span> <\/label>\n<\/p>\n<p><label> Puhelinnumero*<br \/>\n<span class=\"wpcf7-form-control-wrap\" data-name=\"your-numero\"><input size=\"40\" maxlength=\"400\" class=\"wpcf7-form-control wpcf7-text wpcf7-validates-as-required\" aria-required=\"true\" aria-invalid=\"false\" value=\"\" type=\"text\" name=\"your-numero\" \/><\/span> <\/label>\n<\/p>\n<p><label> S\u00e4hk\u00f6posti<br \/>\n<span class=\"wpcf7-form-control-wrap\" data-name=\"your-email\"><input size=\"40\" maxlength=\"400\" class=\"wpcf7-form-control wpcf7-email wpcf7-validates-as-required wpcf7-text wpcf7-validates-as-email\" aria-required=\"true\" aria-invalid=\"false\" value=\"\" type=\"email\" name=\"your-email\" \/><\/span> <\/label>\n<\/p>\n<p><label>Muistotilaisuuden p\u00e4iv\u00e4m\u00e4r\u00e4*<br \/>\n<span class=\"wpcf7-form-control-wrap\" data-name=\"date-889\"><input class=\"wpcf7-form-control wpcf7-date wpcf7-validates-as-date\" aria-invalid=\"false\" value=\"\" type=\"date\" name=\"date-889\" \/><\/span><\/label>\n<\/p>\n<p><label>Lahjoituksen viesti (edesmenneen nimi)*<br \/>\n<span class=\"wpcf7-form-control-wrap\" data-name=\"your-edesmenneennimi\"><input size=\"40\" maxlength=\"400\" class=\"wpcf7-form-control wpcf7-text wpcf7-validates-as-required\" aria-required=\"true\" aria-invalid=\"false\" value=\"\" type=\"text\" name=\"your-edesmenneennimi\" \/><\/span> <\/label>\n<\/p>\n<p>Haluan tiedon muistoker\u00e4yksen yhteissummasta ja siihen osallistuneista*<br \/>\n<span class=\"wpcf7-form-control-wrap\" data-name=\"checkbox-517\"><span class=\"wpcf7-form-control wpcf7-checkbox\"><span class=\"wpcf7-list-item first\"><input type=\"checkbox\" name=\"checkbox-517[]\" value=\"Kyll\u00e4\" \/><span class=\"wpcf7-list-item-label\">Kyll\u00e4<\/span><\/span><span class=\"wpcf7-list-item last\"><input type=\"checkbox\" name=\"checkbox-517[]\" value=\"ei\" \/><span class=\"wpcf7-list-item-label\">ei<\/span><\/span><\/span><\/span>\n<\/p>\n<p><input class=\"wpcf7-form-control wpcf7-submit has-spinner\" type=\"submit\" value=\"L\u00e4het\u00e4\" \/>\n<\/p><div class=\"wpcf7-response-output\" aria-hidden=\"true\"><\/div>\n<\/form>\n<\/div>\n<\/div>\n\t\t\t\t\t\t<\/div>\n\t\t\t\t<\/div>\n\t\t\t\t\t<\/div>\n\t\t<\/div>\n\t\t\t\t\t<\/div>\n\t\t<\/section>\n\t\t\t\t<\/div>\n\t\t","protected":false},"excerpt":{"rendered":"<p>Muistoker\u00e4ys Voit kunnioittaa muistolahjoituksella edesmenneen muistoa. Yhteisell\u00e4 ker\u00e4yksell\u00e4 voidaan kukkien tai muistoadressien sijaan tukea ty\u00f6t\u00e4 mielenterveyden edist\u00e4miseksi, mielenterveysh\u00e4iri\u00f6iden ymm\u00e4rt\u00e4miseksi, ennaltaehk\u00e4isemiseksi ja parempien hoitojen kehitt\u00e4miseksi. V\u00e4lit\u00e4mme omaisille tiedon ker\u00e4ykseen osallistuneista sek\u00e4 muistolahjoituksen tuottaman yhteissumman. Tiedot l\u00e4hetet\u00e4\u00e4n noin kaksi-kolme viikkoa muistotilaisuuden j\u00e4lkeen. Muistoker\u00e4yksen perustaminen on vaivatonta. Jos haluat perustaa ker\u00e4yksen, t\u00e4yt\u00e4 tarvittavat tiedot alla. Muistoker\u00e4yksen perustaminen Muistoker\u00e4yksen [&hellip;]<\/p>\n","protected":false},"author":1,"featured_media":0,"parent":0,"menu_order":0,"comment_status":"closed","ping_status":"closed","template":"","meta":{"footnotes":""},"class_list":["post-61","page","type-page","status-publish","hentry"],"_links":{"self":[{"href":"https:\/\/www.psykiatriantutkimussaatio.fi\/index.php\/wp-json\/wp\/v2\/pages\/61","targetHints":{"allow":["GET"]}}],"collection":[{"href":"https:\/\/www.psykiatriantutkimussaatio.fi\/index.php\/wp-json\/wp\/v2\/pages"}],"about":[{"href":"https:\/\/www.psykiatriantutkimussaatio.fi\/index.php\/wp-json\/wp\/v2\/types\/page"}],"author":[{"embeddable":true,"href":"https:\/\/www.psykiatriantutkimussaatio.fi\/index.php\/wp-json\/wp\/v2\/users\/1"}],"replies":[{"embeddable":true,"href":"https:\/\/www.psykiatriantutkimussaatio.fi\/index.php\/wp-json\/wp\/v2\/comments?post=61"}],"version-history":[{"count":33,"href":"https:\/\/www.psykiatriantutkimussaatio.fi\/index.php\/wp-json\/wp\/v2\/pages\/61\/revisions"}],"predecessor-version":[{"id":3397,"href":"https:\/\/www.psykiatriantutkimussaatio.fi\/index.php\/wp-json\/wp\/v2\/pages\/61\/revisions\/3397"}],"wp:attachment":[{"href":"https:\/\/www.psykiatriantutkimussaatio.fi\/index.php\/wp-json\/wp\/v2\/media?parent=61"}],"curies":[{"name":"wp","href":"https:\/\/api.w.org\/{rel}","templated":true}]}}