{"id":63,"date":"2019-10-06T15:46:07","date_gmt":"2019-10-06T15:46:07","guid":{"rendered":"http:\/\/www.psykiatriantutkimussaatio.fi\/?page_id=63"},"modified":"2020-09-30T20:03:05","modified_gmt":"2020-09-30T20:03:05","slug":"merkkipaivakerays","status":"publish","type":"page","link":"https:\/\/www.psykiatriantutkimussaatio.fi\/index.php\/merkkipaivakerays\/","title":{"rendered":"Merkkip\u00e4iv\u00e4ker\u00e4ys"},"content":{"rendered":"\t\t<div data-elementor-type=\"wp-page\" data-elementor-id=\"63\" class=\"elementor elementor-63\" data-elementor-post-type=\"page\">\n\t\t\t\t\t\t<section class=\"elementor-section elementor-top-section elementor-element elementor-element-3c007acf elementor-section-full_width elementor-section-height-default elementor-section-height-default\" data-id=\"3c007acf\" data-element_type=\"section\" data-e-type=\"section\" data-settings=\"{&quot;background_background&quot;:&quot;classic&quot;}\">\n\t\t\t\t\t\t\t<div class=\"elementor-background-overlay\"><\/div>\n\t\t\t\t\t\t\t<div class=\"elementor-container elementor-column-gap-default\">\n\t\t\t\t\t<div class=\"elementor-column elementor-col-100 elementor-top-column elementor-element elementor-element-bbf22c2\" data-id=\"bbf22c2\" data-element_type=\"column\" data-e-type=\"column\" data-settings=\"{&quot;background_background&quot;:&quot;classic&quot;}\">\n\t\t\t<div class=\"elementor-widget-wrap\">\n\t\t\t\t\t\t\t<\/div>\n\t\t<\/div>\n\t\t\t\t\t<\/div>\n\t\t<\/section>\n\t\t\t\t<section class=\"elementor-section elementor-top-section elementor-element elementor-element-ea067e3 elementor-section-boxed elementor-section-height-default elementor-section-height-default\" data-id=\"ea067e3\" data-element_type=\"section\" data-e-type=\"section\">\n\t\t\t\t\t\t<div class=\"elementor-container elementor-column-gap-default\">\n\t\t\t\t\t<div class=\"elementor-column elementor-col-50 elementor-top-column elementor-element elementor-element-7e2728d9\" data-id=\"7e2728d9\" data-element_type=\"column\" data-e-type=\"column\" data-settings=\"{&quot;background_background&quot;:&quot;classic&quot;}\">\n\t\t\t<div class=\"elementor-widget-wrap elementor-element-populated\">\n\t\t\t\t\t\t<div class=\"elementor-element elementor-element-47d71865 elementor-widget elementor-widget-heading\" data-id=\"47d71865\" data-element_type=\"widget\" data-e-type=\"widget\" data-widget_type=\"heading.default\">\n\t\t\t\t<div class=\"elementor-widget-container\">\n\t\t\t\t\t<h2 class=\"elementor-heading-title elementor-size-default\">Merkkip\u00e4iv\u00e4ker\u00e4ys<\/h2>\t\t\t\t<\/div>\n\t\t\t\t<\/div>\n\t\t\t\t\t<\/div>\n\t\t<\/div>\n\t\t\t\t<div class=\"elementor-column elementor-col-50 elementor-top-column elementor-element elementor-element-3700ceb9\" data-id=\"3700ceb9\" data-element_type=\"column\" data-e-type=\"column\">\n\t\t\t<div class=\"elementor-widget-wrap\">\n\t\t\t\t\t\t\t<\/div>\n\t\t<\/div>\n\t\t\t\t\t<\/div>\n\t\t<\/section>\n\t\t\t\t<section class=\"elementor-section elementor-top-section elementor-element elementor-element-587c0f5b elementor-section-boxed elementor-section-height-default elementor-section-height-default\" data-id=\"587c0f5b\" data-element_type=\"section\" data-e-type=\"section\">\n\t\t\t\t\t\t<div class=\"elementor-container elementor-column-gap-default\">\n\t\t\t\t\t<div class=\"elementor-column elementor-col-100 elementor-top-column elementor-element elementor-element-4d27ae55\" data-id=\"4d27ae55\" data-element_type=\"column\" data-e-type=\"column\">\n\t\t\t<div class=\"elementor-widget-wrap elementor-element-populated\">\n\t\t\t\t\t\t<div class=\"elementor-element elementor-element-6dababb2 elementor-widget elementor-widget-text-editor\" data-id=\"6dababb2\" data-element_type=\"widget\" data-e-type=\"widget\" data-widget_type=\"text-editor.default\">\n\t\t\t\t<div class=\"elementor-widget-container\">\n\t\t\t\t\t\t\t\t\t<p>Juhlista syntym\u00e4p\u00e4ivi\u00e4si, h\u00e4\u00e4p\u00e4iv\u00e4\u00e4si, valmistumistasi tai muuta merkkip\u00e4iv\u00e4\u00e4si k\u00e4ynnist\u00e4m\u00e4ll\u00e4 ker\u00e4ys mielenterveyden tueksi. Kun viet\u00e4t merkkip\u00e4iv\u00e4\u00e4si, voit pyyt\u00e4\u00e4 onnittelijoita lahjojen antamisen sijasta tekem\u00e4\u00e4n lahjoituksen Psykiatrian Tutkimuss\u00e4\u00e4ti\u00f6lle. Merkkip\u00e4iv\u00e4ker\u00e4yksell\u00e4 tuette yhdess\u00e4 ty\u00f6t\u00e4 mielenterveyden edist\u00e4miseksi, mielenterveysh\u00e4iri\u00f6iden ymm\u00e4rt\u00e4miseksi, ennaltaehk\u00e4isemiseksi ja parempien hoitojen kehitt\u00e4miseksi.<\/p><p>Ohjaa merkkip\u00e4iv\u00e4n\u00e4si huomionosoitukset Psykiatrian Tutkimuss\u00e4\u00e4ti\u00f6lle ilmoittamalla kutsun yhteydess\u00e4 ker\u00e4ystilimme tiedot. Voit kertoa asiasta kutsutekstiss\u00e4 esimerkiksi n\u00e4in:<\/p><p>Juhlin 50-vuotisp\u00e4ivi\u00e4ni xx.xx.20xx. Kukkien ja huomionosoitusten sijaan toivon teid\u00e4n tukevan Psykiatrian Tutkimuss\u00e4\u00e4ti\u00f6n ty\u00f6t\u00e4 mielenterveyden edist\u00e4miseksi, mielenterveysh\u00e4iri\u00f6iden ymm\u00e4rt\u00e4miseksi, ennaltaehk\u00e4isemiseksi ja parempien hoitojen kehitt\u00e4miseksi.<\/p><p>Tili:\u00a0FI24 5780 0720 4204 42<br \/>Maksun saaja:\u00a0Psykiatrian Tutkimuss\u00e4\u00e4ti\u00f6<br \/>Viesti:\u00a0\u201dMikko Mallikas 50 v.\u201d<\/p><p>My\u00f6s yritykset voivat tehd\u00e4 merkkip\u00e4iv\u00e4lahjoituksen Psykiatrian Tutkimuss\u00e4\u00e4ti\u00f6lle juhlistaessaan esimerkiksi py\u00f6reit\u00e4 vuosia. Ilmoita merkkip\u00e4iv\u00e4ker\u00e4yksest\u00e4 t\u00e4\u00e4ll\u00e4: <a href=\"http:\/\/www.psykiatriantutkimussaatio.fi\/index.php\/yritysyhteistyo\/\">Yrityksen merkkip\u00e4iv\u00e4ker\u00e4ys<\/a>.<\/p><p>Ilmoita merkkip\u00e4iv\u00e4ker\u00e4yksest\u00e4 t\u00e4ytt\u00e4m\u00e4ll\u00e4 alla olevat tiedot.<\/p><p>L\u00e4het\u00e4mme diplomin, nimilistan lahjoittaneista ja kokonaissumman lahjoituksista noin kaksi-kolme viikkoa merkkip\u00e4iv\u00e4n j\u00e4lkeen.<\/p><p>Ilmoitathan muista mahdollisista toiveistasi yhteystietolomakkeen lis\u00e4tietoja-kent\u00e4ss\u00e4.<\/p>\t\t\t\t\t\t\t\t<\/div>\n\t\t\t\t<\/div>\n\t\t\t\t<div class=\"elementor-element elementor-element-b1332d1 elementor-widget elementor-widget-shortcode\" data-id=\"b1332d1\" data-element_type=\"widget\" data-e-type=\"widget\" data-widget_type=\"shortcode.default\">\n\t\t\t\t<div class=\"elementor-widget-container\">\n\t\t\t\t\t\t\t<div class=\"elementor-shortcode\">\n<div class=\"wpcf7 no-js\" id=\"wpcf7-f1376-o1\" lang=\"fi\" dir=\"ltr\" data-wpcf7-id=\"1376\">\n<div class=\"screen-reader-response\"><p role=\"status\" aria-live=\"polite\" aria-atomic=\"true\"><\/p> <ul><\/ul><\/div>\n<form action=\"\/index.php\/wp-json\/wp\/v2\/pages\/63#wpcf7-f1376-o1\" method=\"post\" class=\"wpcf7-form init\" aria-label=\"Yhteydenottolomake\" novalidate=\"novalidate\" data-status=\"init\">\n<fieldset class=\"hidden-fields-container\"><input type=\"hidden\" name=\"_wpcf7\" value=\"1376\" \/><input type=\"hidden\" name=\"_wpcf7_version\" value=\"6.1.5\" \/><input type=\"hidden\" name=\"_wpcf7_locale\" value=\"fi\" \/><input type=\"hidden\" name=\"_wpcf7_unit_tag\" value=\"wpcf7-f1376-o1\" \/><input type=\"hidden\" name=\"_wpcf7_container_post\" value=\"0\" \/><input type=\"hidden\" name=\"_wpcf7_posted_data_hash\" value=\"\" \/><input type=\"hidden\" name=\"_wpcf7_recaptcha_response\" value=\"\" \/>\n<\/fieldset>\n<p><label>Tilisiirrossa n\u00e4kyv\u00e4 viesti*<br \/>\n<span class=\"wpcf7-form-control-wrap\" data-name=\"your-viesti\"><input size=\"40\" maxlength=\"400\" class=\"wpcf7-form-control wpcf7-text wpcf7-validates-as-required\" aria-required=\"true\" aria-invalid=\"false\" value=\"\" type=\"text\" name=\"your-viesti\" \/><\/span> <\/label>\n<\/p>\n<p>YHTEYSTIEDOT:\n<\/p>\n<p><label> Nimi*<br \/>\n<span class=\"wpcf7-form-control-wrap\" data-name=\"your-name\"><input size=\"40\" maxlength=\"400\" class=\"wpcf7-form-control wpcf7-text wpcf7-validates-as-required\" aria-required=\"true\" aria-invalid=\"false\" placeholder=\"Nimi ja sukunimi\" value=\"\" type=\"text\" name=\"your-name\" \/><\/span> <\/label>\n<\/p>\n<p><label> Osoite*<br \/>\n<span class=\"wpcf7-form-control-wrap\" data-name=\"your-osoite\"><input size=\"40\" maxlength=\"400\" class=\"wpcf7-form-control wpcf7-text wpcf7-validates-as-required\" aria-required=\"true\" aria-invalid=\"false\" placeholder=\"L\u00e4hiosoite, postitoimipaikka ja postinumero\" value=\"\" type=\"text\" name=\"your-osoite\" \/><\/span> <\/label>\n<\/p>\n<p><label> Puhelinnumero*<br \/>\n<span class=\"wpcf7-form-control-wrap\" data-name=\"your-puhelin\"><input size=\"40\" maxlength=\"400\" class=\"wpcf7-form-control wpcf7-text wpcf7-validates-as-required\" aria-required=\"true\" aria-invalid=\"false\" value=\"\" type=\"text\" name=\"your-puhelin\" \/><\/span> <\/label>\n<\/p>\n<p><label> S\u00e4hk\u00f6posti<br \/>\n<span class=\"wpcf7-form-control-wrap\" data-name=\"your-email\"><input size=\"40\" maxlength=\"400\" class=\"wpcf7-form-control wpcf7-email wpcf7-validates-as-required wpcf7-text wpcf7-validates-as-email\" aria-required=\"true\" aria-invalid=\"false\" value=\"\" type=\"email\" name=\"your-email\" \/><\/span> <\/label>\n<\/p>\n<p>MERKKIP\u00c4IV\u00c4N TIEDOT:\n<\/p>\n<p><label>Juhlin merkkip\u00e4iv\u00e4\u00e4ni (p\u00e4iv\u00e4m\u00e4\u00e4r\u00e4)<br \/>\n<span class=\"wpcf7-form-control-wrap\" data-name=\"date-889\"><input class=\"wpcf7-form-control wpcf7-date wpcf7-validates-as-date\" aria-invalid=\"false\" value=\"\" type=\"date\" name=\"date-889\" \/><\/span><\/label>\n<\/p>\n<p><label> Lis\u00e4tietoja<br \/>\n<span class=\"wpcf7-form-control-wrap\" data-name=\"your-message\"><textarea cols=\"40\" rows=\"10\" maxlength=\"2000\" class=\"wpcf7-form-control wpcf7-textarea\" aria-invalid=\"false\" name=\"your-message\"><\/textarea><\/span> <\/label>\n<\/p>\n<p>Haluan tiedon lahjoituksen kokonaissummasta sek\u00e4 lahjoittajalistan.*<br \/>\n<span class=\"wpcf7-form-control-wrap\" data-name=\"checkbox-517\"><span class=\"wpcf7-form-control wpcf7-checkbox\"><span class=\"wpcf7-list-item first\"><input type=\"checkbox\" name=\"checkbox-517[]\" value=\"Kyll\u00e4\" \/><span class=\"wpcf7-list-item-label\">Kyll\u00e4<\/span><\/span><span class=\"wpcf7-list-item last\"><input type=\"checkbox\" name=\"checkbox-517[]\" value=\"ei\" \/><span class=\"wpcf7-list-item-label\">ei<\/span><\/span><\/span><\/span>\n<\/p>\n<p><input class=\"wpcf7-form-control wpcf7-submit has-spinner\" type=\"submit\" value=\"L\u00e4het\u00e4\" \/>\n<\/p><div class=\"wpcf7-response-output\" aria-hidden=\"true\"><\/div>\n<\/form>\n<\/div>\n<\/div>\n\t\t\t\t\t\t<\/div>\n\t\t\t\t<\/div>\n\t\t\t\t\t<\/div>\n\t\t<\/div>\n\t\t\t\t\t<\/div>\n\t\t<\/section>\n\t\t\t\t<\/div>\n\t\t","protected":false},"excerpt":{"rendered":"<p>Merkkip\u00e4iv\u00e4ker\u00e4ys Juhlista syntym\u00e4p\u00e4ivi\u00e4si, h\u00e4\u00e4p\u00e4iv\u00e4\u00e4si, valmistumistasi tai muuta merkkip\u00e4iv\u00e4\u00e4si k\u00e4ynnist\u00e4m\u00e4ll\u00e4 ker\u00e4ys mielenterveyden tueksi. Kun viet\u00e4t merkkip\u00e4iv\u00e4\u00e4si, voit pyyt\u00e4\u00e4 onnittelijoita lahjojen antamisen sijasta tekem\u00e4\u00e4n lahjoituksen Psykiatrian Tutkimuss\u00e4\u00e4ti\u00f6lle. Merkkip\u00e4iv\u00e4ker\u00e4yksell\u00e4 tuette yhdess\u00e4 ty\u00f6t\u00e4 mielenterveyden edist\u00e4miseksi, mielenterveysh\u00e4iri\u00f6iden ymm\u00e4rt\u00e4miseksi, ennaltaehk\u00e4isemiseksi ja parempien hoitojen kehitt\u00e4miseksi. Ohjaa merkkip\u00e4iv\u00e4n\u00e4si huomionosoitukset Psykiatrian Tutkimuss\u00e4\u00e4ti\u00f6lle ilmoittamalla kutsun yhteydess\u00e4 ker\u00e4ystilimme tiedot. Voit kertoa asiasta kutsutekstiss\u00e4 esimerkiksi n\u00e4in: Juhlin [&hellip;]<\/p>\n","protected":false},"author":1,"featured_media":0,"parent":0,"menu_order":0,"comment_status":"closed","ping_status":"closed","template":"","meta":{"footnotes":""},"class_list":["post-63","page","type-page","status-publish","hentry"],"_links":{"self":[{"href":"https:\/\/www.psykiatriantutkimussaatio.fi\/index.php\/wp-json\/wp\/v2\/pages\/63","targetHints":{"allow":["GET"]}}],"collection":[{"href":"https:\/\/www.psykiatriantutkimussaatio.fi\/index.php\/wp-json\/wp\/v2\/pages"}],"about":[{"href":"https:\/\/www.psykiatriantutkimussaatio.fi\/index.php\/wp-json\/wp\/v2\/types\/page"}],"author":[{"embeddable":true,"href":"https:\/\/www.psykiatriantutkimussaatio.fi\/index.php\/wp-json\/wp\/v2\/users\/1"}],"replies":[{"embeddable":true,"href":"https:\/\/www.psykiatriantutkimussaatio.fi\/index.php\/wp-json\/wp\/v2\/comments?post=63"}],"version-history":[{"count":35,"href":"https:\/\/www.psykiatriantutkimussaatio.fi\/index.php\/wp-json\/wp\/v2\/pages\/63\/revisions"}],"predecessor-version":[{"id":3398,"href":"https:\/\/www.psykiatriantutkimussaatio.fi\/index.php\/wp-json\/wp\/v2\/pages\/63\/revisions\/3398"}],"wp:attachment":[{"href":"https:\/\/www.psykiatriantutkimussaatio.fi\/index.php\/wp-json\/wp\/v2\/media?parent=63"}],"curies":[{"name":"wp","href":"https:\/\/api.w.org\/{rel}","templated":true}]}}