{"id":65,"date":"2019-10-06T15:46:24","date_gmt":"2019-10-06T15:46:24","guid":{"rendered":"http:\/\/www.psykiatriantutkimussaatio.fi\/?page_id=65"},"modified":"2025-06-13T12:35:27","modified_gmt":"2025-06-13T12:35:27","slug":"tukijat","status":"publish","type":"page","link":"https:\/\/www.psykiatriantutkimussaatio.fi\/index.php\/tukijat\/","title":{"rendered":"Tukijat"},"content":{"rendered":"\t\t<div data-elementor-type=\"wp-page\" data-elementor-id=\"65\" class=\"elementor elementor-65\" data-elementor-post-type=\"page\">\n\t\t\t\t\t\t<section class=\"elementor-section elementor-top-section elementor-element elementor-element-2b32748b elementor-section-full_width elementor-section-height-default elementor-section-height-default\" data-id=\"2b32748b\" data-element_type=\"section\" data-e-type=\"section\" data-settings=\"{&quot;background_background&quot;:&quot;classic&quot;}\">\n\t\t\t\t\t\t\t<div class=\"elementor-background-overlay\"><\/div>\n\t\t\t\t\t\t\t<div class=\"elementor-container elementor-column-gap-default\">\n\t\t\t\t\t<div class=\"elementor-column elementor-col-100 elementor-top-column elementor-element elementor-element-65bf4ede\" data-id=\"65bf4ede\" data-element_type=\"column\" data-e-type=\"column\" data-settings=\"{&quot;background_background&quot;:&quot;classic&quot;}\">\n\t\t\t<div class=\"elementor-widget-wrap\">\n\t\t\t\t\t\t\t<\/div>\n\t\t<\/div>\n\t\t\t\t\t<\/div>\n\t\t<\/section>\n\t\t\t\t<section class=\"elementor-section elementor-top-section elementor-element elementor-element-5c1ec918 elementor-section-boxed elementor-section-height-default elementor-section-height-default\" data-id=\"5c1ec918\" data-element_type=\"section\" data-e-type=\"section\">\n\t\t\t\t\t\t<div class=\"elementor-container elementor-column-gap-default\">\n\t\t\t\t\t<div class=\"elementor-column elementor-col-50 elementor-top-column elementor-element elementor-element-6747253a\" data-id=\"6747253a\" data-element_type=\"column\" data-e-type=\"column\" data-settings=\"{&quot;background_background&quot;:&quot;classic&quot;}\">\n\t\t\t<div class=\"elementor-widget-wrap elementor-element-populated\">\n\t\t\t\t\t\t<div class=\"elementor-element elementor-element-12dc4aa2 elementor-widget elementor-widget-heading\" data-id=\"12dc4aa2\" data-element_type=\"widget\" data-e-type=\"widget\" data-widget_type=\"heading.default\">\n\t\t\t\t<div class=\"elementor-widget-container\">\n\t\t\t\t\t<h2 class=\"elementor-heading-title elementor-size-default\">Tukijat<\/h2>\t\t\t\t<\/div>\n\t\t\t\t<\/div>\n\t\t\t\t\t<\/div>\n\t\t<\/div>\n\t\t\t\t<div class=\"elementor-column elementor-col-50 elementor-top-column elementor-element elementor-element-3639780d\" data-id=\"3639780d\" data-element_type=\"column\" data-e-type=\"column\">\n\t\t\t<div class=\"elementor-widget-wrap\">\n\t\t\t\t\t\t\t<\/div>\n\t\t<\/div>\n\t\t\t\t\t<\/div>\n\t\t<\/section>\n\t\t\t\t<section class=\"elementor-section elementor-top-section elementor-element elementor-element-17d06b1a elementor-section-boxed elementor-section-height-default elementor-section-height-default\" data-id=\"17d06b1a\" data-element_type=\"section\" data-e-type=\"section\">\n\t\t\t\t\t\t<div class=\"elementor-container elementor-column-gap-default\">\n\t\t\t\t\t<div class=\"elementor-column elementor-col-100 elementor-top-column elementor-element elementor-element-2a2bfd\" data-id=\"2a2bfd\" data-element_type=\"column\" data-e-type=\"column\">\n\t\t\t<div class=\"elementor-widget-wrap elementor-element-populated\">\n\t\t\t\t\t\t<div class=\"elementor-element elementor-element-56281f43 elementor-widget elementor-widget-text-editor\" data-id=\"56281f43\" data-element_type=\"widget\" data-e-type=\"widget\" data-widget_type=\"text-editor.default\">\n\t\t\t\t<div class=\"elementor-widget-container\">\n\t\t\t\t\t\t\t\t\t<h4>S\u00e4\u00e4ti\u00f6n pitk\u00e4aikaisin tukija ja yhteisty\u00f6kumppani\u00a0<\/h4><h4><img decoding=\"async\" class=\"alignnone size-medium wp-image-5628\" src=\"https:\/\/www.psykiatriantutkimussaatio.fi\/wp-content\/uploads\/2025\/04\/psy-logo_bw-txt-2-300x74.png\" alt=\"\" width=\"300\" height=\"74\" srcset=\"https:\/\/www.psykiatriantutkimussaatio.fi\/wp-content\/uploads\/2025\/04\/psy-logo_bw-txt-2-300x74.png 300w, https:\/\/www.psykiatriantutkimussaatio.fi\/wp-content\/uploads\/2025\/04\/psy-logo_bw-txt-2-1024x252.png 1024w, https:\/\/www.psykiatriantutkimussaatio.fi\/wp-content\/uploads\/2025\/04\/psy-logo_bw-txt-2-768x189.png 768w, https:\/\/www.psykiatriantutkimussaatio.fi\/wp-content\/uploads\/2025\/04\/psy-logo_bw-txt-2-1536x378.png 1536w, https:\/\/www.psykiatriantutkimussaatio.fi\/wp-content\/uploads\/2025\/04\/psy-logo_bw-txt-2-2048x504.png 2048w\" sizes=\"(max-width: 300px) 100vw, 300px\" \/><\/h4><p>Olemme kiitollisia kaikesta tuestanne, yhteisty\u00f6st\u00e4 kanssanne, ihanista ty\u00f6tovereista ja monesta, monesta muusta &#8230;<\/p><p><strong>S\u00e4\u00e4ti\u00f6n toimintaa ovat viime vuosina tukeneet<\/strong><\/p><p>Py\u00f6re\u00e4n P\u00f6yd\u00e4n P\u00e4\u00e4ty Oy<\/p><p>AWARPLAN<\/p><p>Bomentis Oy<\/p><p>Fortum Oyj<\/p><p>Keskin\u00e4inen ty\u00f6el\u00e4kevakuutusyhti\u00f6 Elo<\/p><p>Keskin\u00e4inen el\u00e4kevakuutusyhti\u00f6 Ilmarinen<\/p><p>Oy H. Lundbeck Ab<\/p><p>Valio Oy<\/p><p>W\u00e4rtsil\u00e4 Oyj Abp<\/p><p><strong>Erityiskiitokset pitk\u00e4aikaisille tukijoillemme<\/strong><\/p><p>Fortum Oyj<\/p><p>Keskin\u00e4inen el\u00e4kevakuutusyhti\u00f6 Ilmarinen<\/p><p>Keskin\u00e4inen ty\u00f6el\u00e4kevakuutusyhti\u00f6 Elo<\/p><p>Keskin\u00e4inen Vakuutusyhti\u00f6 Fennia<\/p><p>Oy H. Lundbeck Ab<\/p><p>W\u00e4rtsil\u00e4 Oyj Abp<\/p>\t\t\t\t\t\t\t\t<\/div>\n\t\t\t\t<\/div>\n\t\t\t\t\t<\/div>\n\t\t<\/div>\n\t\t\t\t\t<\/div>\n\t\t<\/section>\n\t\t\t\t<section class=\"elementor-section elementor-top-section elementor-element elementor-element-227d713 elementor-section-boxed elementor-section-height-default elementor-section-height-default\" data-id=\"227d713\" data-element_type=\"section\" data-e-type=\"section\">\n\t\t\t\t\t\t<div class=\"elementor-container elementor-column-gap-default\">\n\t\t\t\t\t<div class=\"elementor-column elementor-col-100 elementor-top-column elementor-element elementor-element-eb20e43\" data-id=\"eb20e43\" data-element_type=\"column\" data-e-type=\"column\">\n\t\t\t<div class=\"elementor-widget-wrap elementor-element-populated\">\n\t\t\t\t\t\t\t<\/div>\n\t\t<\/div>\n\t\t\t\t\t<\/div>\n\t\t<\/section>\n\t\t\t\t<section class=\"elementor-section elementor-top-section elementor-element elementor-element-1a1fb77 elementor-section-boxed elementor-section-height-default elementor-section-height-default\" data-id=\"1a1fb77\" data-element_type=\"section\" data-e-type=\"section\">\n\t\t\t\t\t\t<div class=\"elementor-container elementor-column-gap-default\">\n\t\t\t\t\t<div class=\"elementor-column elementor-col-100 elementor-top-column elementor-element elementor-element-89a2e69\" data-id=\"89a2e69\" data-element_type=\"column\" data-e-type=\"column\">\n\t\t\t<div class=\"elementor-widget-wrap elementor-element-populated\">\n\t\t\t\t\t\t\t<\/div>\n\t\t<\/div>\n\t\t\t\t\t<\/div>\n\t\t<\/section>\n\t\t\t\t<section class=\"elementor-section elementor-top-section elementor-element elementor-element-3e4ccd3 elementor-section-boxed elementor-section-height-default elementor-section-height-default\" data-id=\"3e4ccd3\" data-element_type=\"section\" data-e-type=\"section\">\n\t\t\t\t\t\t<div class=\"elementor-container elementor-column-gap-default\">\n\t\t\t\t\t<div class=\"elementor-column elementor-col-100 elementor-top-column elementor-element elementor-element-c7ea406\" data-id=\"c7ea406\" data-element_type=\"column\" data-e-type=\"column\">\n\t\t\t<div class=\"elementor-widget-wrap elementor-element-populated\">\n\t\t\t\t\t\t<div class=\"elementor-element elementor-element-c8b31a4 elementor-widget elementor-widget-heading\" data-id=\"c8b31a4\" data-element_type=\"widget\" data-e-type=\"widget\" data-widget_type=\"heading.default\">\n\t\t\t\t<div class=\"elementor-widget-container\">\n\t\t\t\t\t<h2 class=\"elementor-heading-title elementor-size-default\">Lis\u00e4\u00e4 otsikkotekstisi t\u00e4h\u00e4n<\/h2>\t\t\t\t<\/div>\n\t\t\t\t<\/div>\n\t\t\t\t\t<\/div>\n\t\t<\/div>\n\t\t\t\t\t<\/div>\n\t\t<\/section>\n\t\t\t\t<\/div>\n\t\t","protected":false},"excerpt":{"rendered":"<p>Tukijat S\u00e4\u00e4ti\u00f6n pitk\u00e4aikaisin tukija ja yhteisty\u00f6kumppani\u00a0 Olemme kiitollisia kaikesta tuestanne, yhteisty\u00f6st\u00e4 kanssanne, ihanista ty\u00f6tovereista ja monesta, monesta muusta &#8230; S\u00e4\u00e4ti\u00f6n toimintaa ovat viime vuosina tukeneet Py\u00f6re\u00e4n P\u00f6yd\u00e4n P\u00e4\u00e4ty Oy AWARPLAN Bomentis Oy Fortum Oyj Keskin\u00e4inen ty\u00f6el\u00e4kevakuutusyhti\u00f6 Elo Keskin\u00e4inen el\u00e4kevakuutusyhti\u00f6 Ilmarinen Oy H. Lundbeck Ab Valio Oy W\u00e4rtsil\u00e4 Oyj Abp Erityiskiitokset pitk\u00e4aikaisille tukijoillemme Fortum Oyj Keskin\u00e4inen [&hellip;]<\/p>\n","protected":false},"author":1,"featured_media":0,"parent":0,"menu_order":0,"comment_status":"closed","ping_status":"closed","template":"","meta":{"footnotes":""},"class_list":["post-65","page","type-page","status-publish","hentry"],"_links":{"self":[{"href":"https:\/\/www.psykiatriantutkimussaatio.fi\/index.php\/wp-json\/wp\/v2\/pages\/65","targetHints":{"allow":["GET"]}}],"collection":[{"href":"https:\/\/www.psykiatriantutkimussaatio.fi\/index.php\/wp-json\/wp\/v2\/pages"}],"about":[{"href":"https:\/\/www.psykiatriantutkimussaatio.fi\/index.php\/wp-json\/wp\/v2\/types\/page"}],"author":[{"embeddable":true,"href":"https:\/\/www.psykiatriantutkimussaatio.fi\/index.php\/wp-json\/wp\/v2\/users\/1"}],"replies":[{"embeddable":true,"href":"https:\/\/www.psykiatriantutkimussaatio.fi\/index.php\/wp-json\/wp\/v2\/comments?post=65"}],"version-history":[{"count":57,"href":"https:\/\/www.psykiatriantutkimussaatio.fi\/index.php\/wp-json\/wp\/v2\/pages\/65\/revisions"}],"predecessor-version":[{"id":5665,"href":"https:\/\/www.psykiatriantutkimussaatio.fi\/index.php\/wp-json\/wp\/v2\/pages\/65\/revisions\/5665"}],"wp:attachment":[{"href":"https:\/\/www.psykiatriantutkimussaatio.fi\/index.php\/wp-json\/wp\/v2\/media?parent=65"}],"curies":[{"name":"wp","href":"https:\/\/api.w.org\/{rel}","templated":true}]}}