{"id":71,"date":"2019-10-06T15:47:19","date_gmt":"2019-10-06T15:47:19","guid":{"rendered":"http:\/\/www.psykiatriantutkimussaatio.fi\/?page_id=71"},"modified":"2022-12-15T10:07:49","modified_gmt":"2022-12-15T10:07:49","slug":"saation-tarkoitus","status":"publish","type":"page","link":"https:\/\/www.psykiatriantutkimussaatio.fi\/index.php\/saation-tarkoitus\/","title":{"rendered":"S\u00e4\u00e4ti\u00f6n tarkoitus"},"content":{"rendered":"\t\t<div data-elementor-type=\"wp-page\" data-elementor-id=\"71\" class=\"elementor elementor-71\" data-elementor-post-type=\"page\">\n\t\t\t\t\t\t<section class=\"elementor-section elementor-top-section elementor-element elementor-element-4f95d5 elementor-section-full_width elementor-section-height-default elementor-section-height-default\" data-id=\"4f95d5\" data-element_type=\"section\" data-e-type=\"section\" data-settings=\"{&quot;background_background&quot;:&quot;classic&quot;}\">\n\t\t\t\t\t\t\t<div class=\"elementor-background-overlay\"><\/div>\n\t\t\t\t\t\t\t<div class=\"elementor-container elementor-column-gap-default\">\n\t\t\t\t\t<div class=\"elementor-column elementor-col-100 elementor-top-column elementor-element elementor-element-2a7df5a5\" data-id=\"2a7df5a5\" data-element_type=\"column\" data-e-type=\"column\" data-settings=\"{&quot;background_background&quot;:&quot;classic&quot;}\">\n\t\t\t<div class=\"elementor-widget-wrap\">\n\t\t\t\t\t\t\t<\/div>\n\t\t<\/div>\n\t\t\t\t\t<\/div>\n\t\t<\/section>\n\t\t\t\t<section class=\"elementor-section elementor-top-section elementor-element elementor-element-75cfe720 elementor-section-boxed elementor-section-height-default elementor-section-height-default\" data-id=\"75cfe720\" data-element_type=\"section\" data-e-type=\"section\">\n\t\t\t\t\t\t<div class=\"elementor-container elementor-column-gap-default\">\n\t\t\t\t\t<div class=\"elementor-column elementor-col-50 elementor-top-column elementor-element elementor-element-58b6f101\" data-id=\"58b6f101\" data-element_type=\"column\" data-e-type=\"column\" data-settings=\"{&quot;background_background&quot;:&quot;classic&quot;}\">\n\t\t\t<div class=\"elementor-widget-wrap elementor-element-populated\">\n\t\t\t\t\t\t<div class=\"elementor-element elementor-element-43aead7f elementor-widget elementor-widget-heading\" data-id=\"43aead7f\" data-element_type=\"widget\" data-e-type=\"widget\" data-widget_type=\"heading.default\">\n\t\t\t\t<div class=\"elementor-widget-container\">\n\t\t\t\t\t<h2 class=\"elementor-heading-title elementor-size-default\">S\u00e4\u00e4ti\u00f6n tarkoitus<\/h2>\t\t\t\t<\/div>\n\t\t\t\t<\/div>\n\t\t\t\t\t<\/div>\n\t\t<\/div>\n\t\t\t\t<div class=\"elementor-column elementor-col-50 elementor-top-column elementor-element elementor-element-589524d7\" data-id=\"589524d7\" data-element_type=\"column\" data-e-type=\"column\">\n\t\t\t<div class=\"elementor-widget-wrap\">\n\t\t\t\t\t\t\t<\/div>\n\t\t<\/div>\n\t\t\t\t\t<\/div>\n\t\t<\/section>\n\t\t\t\t<section class=\"elementor-section elementor-top-section elementor-element elementor-element-4592ab09 elementor-section-boxed elementor-section-height-default elementor-section-height-default\" data-id=\"4592ab09\" data-element_type=\"section\" data-e-type=\"section\">\n\t\t\t\t\t\t<div class=\"elementor-container elementor-column-gap-default\">\n\t\t\t\t\t<div class=\"elementor-column elementor-col-100 elementor-top-column elementor-element elementor-element-6689f151\" data-id=\"6689f151\" data-element_type=\"column\" data-e-type=\"column\">\n\t\t\t<div class=\"elementor-widget-wrap elementor-element-populated\">\n\t\t\t\t\t\t<div class=\"elementor-element elementor-element-37ab04a5 elementor-widget elementor-widget-text-editor\" data-id=\"37ab04a5\" data-element_type=\"widget\" data-e-type=\"widget\" data-widget_type=\"text-editor.default\">\n\t\t\t\t<div class=\"elementor-widget-container\">\n\t\t\t\t\t\t\t\t\t<p><strong>Psykiatrian Tutkimuss\u00e4\u00e4ti\u00f6n tarkoituksena on psykiatrisen tieteellisen tutkimusty\u00f6n edist\u00e4minen, psykiatristen sairauksien aiheuttamien haittojen torjuminen, n\u00e4iden tautien ennaltaehk\u00e4iseminen ja v\u00e4hent\u00e4minen Suomessa.<\/strong><\/p><p>S\u00e4\u00e4ti\u00f6 toteuttaa tarkoitustaan my\u00f6nt\u00e4m\u00e4ll\u00e4 apurahoja tieteelliseen tutkimusty\u00f6h\u00f6n, jakamalla palkintoja, tukemalla tieteellist\u00e4 julkaisutoimintaa sek\u00e4 j\u00e4rjest\u00e4m\u00e4ll\u00e4 koulutus- ja keskustelutilaisuuksia.<\/p><p>S\u00e4\u00e4ti\u00f6 tukee korkeatasoista tieteellist\u00e4 tutkimusta, joka edist\u00e4\u00e4 psyykkist\u00e4 terveytt\u00e4, ty\u00f6kyvyn s\u00e4ilymist\u00e4 ja mielenterveyden h\u00e4iri\u00f6iden ymm\u00e4rt\u00e4mist\u00e4 ja hoitoa. Tutkimustiedon tuottaminen on v\u00e4ltt\u00e4m\u00e4t\u00f6nt\u00e4, jotta ihmiset, yritykset ja yhteiskunta voivat vaikuttaa hyvinvointiinsa. S\u00e4\u00e4ti\u00f6 my\u00f6nt\u00e4\u00e4 tutkimusapurahoja ja pyrkii edist\u00e4m\u00e4\u00e4n tutkimustiedon levi\u00e4mist\u00e4 p\u00e4\u00e4tt\u00e4jien, terveydenhuollon henkil\u00f6kunnan ja kansalaisten tietoon. Lis\u00e4ksi Psykiatrian Tutkimuss\u00e4\u00e4ti\u00f6 julkaisee Psychiatria Fennica -vuosikirjaa, joka on ajankohtainen ja kansainv\u00e4linen julkaisu. Syksyisin ilmestyv\u00e4 vuosikirja on my\u00f6s ainoa Suomessa tuotettu s\u00e4\u00e4nn\u00f6llisesti ilmestyv\u00e4 psykiatrian alan tiedejulkaisu. Tuoreen tutkimustiedon saattaminen viiveett\u00e4 terveydenhuollon ja sosiaalialan hoitohenkil\u00f6kunnan sek\u00e4 p\u00e4\u00e4t\u00f6ksentekij\u00f6iden k\u00e4ytt\u00f6\u00f6n mahdollistaa todellisia toimia yhteiskunnassamme. N\u00e4in voidaan yh\u00e4 tehokkaammin edist\u00e4\u00e4 psyykkist\u00e4 terveytt\u00e4, ennaltaehk\u00e4ist\u00e4 h\u00e4iri\u00f6it\u00e4 ja parantaa hoitotuloksia.<\/p><p>Psykiatrian Tutkimuss\u00e4\u00e4ti\u00f6 j\u00e4rjest\u00e4\u00e4 my\u00f6s koulutus- ja keskustelutilaisuuksia mielenterveyteen liittyvist\u00e4 teemoista. Lis\u00e4\u00e4m\u00e4ll\u00e4 tietoa mielenterveyden vaikeuksista pystymme tukemaan ammattitaitoista hoitohenkil\u00f6kuntaa ja v\u00e4hent\u00e4m\u00e4\u00e4n leimaantumista ja mielenterveyden h\u00e4iri\u00f6ihin liittyvi\u00e4 ennakkoluuloja.<\/p><p><a href=\"https:\/\/www.psykiatriantutkimussaatio.fi\/wp-content\/uploads\/2022\/12\/Psykiatrian-Tutkimussaation-strategia_12.12.2022.pdf\">Psykiatrian Tutkimuss\u00e4\u00e4ti\u00f6n strategia 2023-2027<\/a><\/p>\t\t\t\t\t\t\t\t<\/div>\n\t\t\t\t<\/div>\n\t\t\t\t\t<\/div>\n\t\t<\/div>\n\t\t\t\t\t<\/div>\n\t\t<\/section>\n\t\t\t\t<\/div>\n\t\t","protected":false},"excerpt":{"rendered":"<p>S\u00e4\u00e4ti\u00f6n tarkoitus Psykiatrian Tutkimuss\u00e4\u00e4ti\u00f6n tarkoituksena on psykiatrisen tieteellisen tutkimusty\u00f6n edist\u00e4minen, psykiatristen sairauksien aiheuttamien haittojen torjuminen, n\u00e4iden tautien ennaltaehk\u00e4iseminen ja v\u00e4hent\u00e4minen Suomessa. S\u00e4\u00e4ti\u00f6 toteuttaa tarkoitustaan my\u00f6nt\u00e4m\u00e4ll\u00e4 apurahoja tieteelliseen tutkimusty\u00f6h\u00f6n, jakamalla palkintoja, tukemalla tieteellist\u00e4 julkaisutoimintaa sek\u00e4 j\u00e4rjest\u00e4m\u00e4ll\u00e4 koulutus- ja keskustelutilaisuuksia. S\u00e4\u00e4ti\u00f6 tukee korkeatasoista tieteellist\u00e4 tutkimusta, joka edist\u00e4\u00e4 psyykkist\u00e4 terveytt\u00e4, ty\u00f6kyvyn s\u00e4ilymist\u00e4 ja mielenterveyden h\u00e4iri\u00f6iden ymm\u00e4rt\u00e4mist\u00e4 ja hoitoa. [&hellip;]<\/p>\n","protected":false},"author":1,"featured_media":0,"parent":0,"menu_order":0,"comment_status":"closed","ping_status":"closed","template":"","meta":{"footnotes":""},"class_list":["post-71","page","type-page","status-publish","hentry"],"_links":{"self":[{"href":"https:\/\/www.psykiatriantutkimussaatio.fi\/index.php\/wp-json\/wp\/v2\/pages\/71","targetHints":{"allow":["GET"]}}],"collection":[{"href":"https:\/\/www.psykiatriantutkimussaatio.fi\/index.php\/wp-json\/wp\/v2\/pages"}],"about":[{"href":"https:\/\/www.psykiatriantutkimussaatio.fi\/index.php\/wp-json\/wp\/v2\/types\/page"}],"author":[{"embeddable":true,"href":"https:\/\/www.psykiatriantutkimussaatio.fi\/index.php\/wp-json\/wp\/v2\/users\/1"}],"replies":[{"embeddable":true,"href":"https:\/\/www.psykiatriantutkimussaatio.fi\/index.php\/wp-json\/wp\/v2\/comments?post=71"}],"version-history":[{"count":39,"href":"https:\/\/www.psykiatriantutkimussaatio.fi\/index.php\/wp-json\/wp\/v2\/pages\/71\/revisions"}],"predecessor-version":[{"id":5024,"href":"https:\/\/www.psykiatriantutkimussaatio.fi\/index.php\/wp-json\/wp\/v2\/pages\/71\/revisions\/5024"}],"wp:attachment":[{"href":"https:\/\/www.psykiatriantutkimussaatio.fi\/index.php\/wp-json\/wp\/v2\/media?parent=71"}],"curies":[{"name":"wp","href":"https:\/\/api.w.org\/{rel}","templated":true}]}}