{"id":73,"date":"2019-10-06T15:47:34","date_gmt":"2019-10-06T15:47:34","guid":{"rendered":"http:\/\/www.psykiatriantutkimussaatio.fi\/?page_id=73"},"modified":"2026-04-25T09:05:50","modified_gmt":"2026-04-25T09:05:50","slug":"hallinto","status":"publish","type":"page","link":"https:\/\/www.psykiatriantutkimussaatio.fi\/index.php\/hallinto\/","title":{"rendered":"Hallinto"},"content":{"rendered":"\t\t<div data-elementor-type=\"wp-page\" data-elementor-id=\"73\" class=\"elementor elementor-73\" data-elementor-post-type=\"page\">\n\t\t\t\t\t\t<section class=\"elementor-section elementor-top-section elementor-element elementor-element-19bf19e5 elementor-section-full_width elementor-section-height-default elementor-section-height-default\" data-id=\"19bf19e5\" data-element_type=\"section\" data-e-type=\"section\" data-settings=\"{&quot;background_background&quot;:&quot;classic&quot;}\">\n\t\t\t\t\t\t\t<div class=\"elementor-background-overlay\"><\/div>\n\t\t\t\t\t\t\t<div class=\"elementor-container elementor-column-gap-default\">\n\t\t\t\t\t<div class=\"elementor-column elementor-col-100 elementor-top-column elementor-element elementor-element-6e179b8e\" data-id=\"6e179b8e\" data-element_type=\"column\" data-e-type=\"column\" data-settings=\"{&quot;background_background&quot;:&quot;classic&quot;}\">\n\t\t\t<div class=\"elementor-widget-wrap\">\n\t\t\t\t\t\t\t<\/div>\n\t\t<\/div>\n\t\t\t\t\t<\/div>\n\t\t<\/section>\n\t\t\t\t<section class=\"elementor-section elementor-top-section elementor-element elementor-element-264b22c elementor-section-boxed elementor-section-height-default elementor-section-height-default\" data-id=\"264b22c\" data-element_type=\"section\" data-e-type=\"section\">\n\t\t\t\t\t\t<div class=\"elementor-container elementor-column-gap-default\">\n\t\t\t\t\t<div class=\"elementor-column elementor-col-50 elementor-top-column elementor-element elementor-element-30fd12d4\" data-id=\"30fd12d4\" data-element_type=\"column\" data-e-type=\"column\" data-settings=\"{&quot;background_background&quot;:&quot;classic&quot;}\">\n\t\t\t<div class=\"elementor-widget-wrap elementor-element-populated\">\n\t\t\t\t\t\t<div class=\"elementor-element elementor-element-52ff8cd1 elementor-widget elementor-widget-heading\" data-id=\"52ff8cd1\" data-element_type=\"widget\" data-e-type=\"widget\" data-widget_type=\"heading.default\">\n\t\t\t\t<div class=\"elementor-widget-container\">\n\t\t\t\t\t<h2 class=\"elementor-heading-title elementor-size-default\">Hallinto<\/h2>\t\t\t\t<\/div>\n\t\t\t\t<\/div>\n\t\t\t\t\t<\/div>\n\t\t<\/div>\n\t\t\t\t<div class=\"elementor-column elementor-col-50 elementor-top-column elementor-element elementor-element-44f92be4\" data-id=\"44f92be4\" data-element_type=\"column\" data-e-type=\"column\">\n\t\t\t<div class=\"elementor-widget-wrap\">\n\t\t\t\t\t\t\t<\/div>\n\t\t<\/div>\n\t\t\t\t\t<\/div>\n\t\t<\/section>\n\t\t\t\t<section class=\"elementor-section elementor-top-section elementor-element elementor-element-224d4a7f elementor-section-boxed elementor-section-height-default elementor-section-height-default\" data-id=\"224d4a7f\" data-element_type=\"section\" data-e-type=\"section\">\n\t\t\t\t\t\t<div class=\"elementor-container elementor-column-gap-default\">\n\t\t\t\t\t<div class=\"elementor-column elementor-col-100 elementor-top-column elementor-element elementor-element-3c98156c\" data-id=\"3c98156c\" data-element_type=\"column\" data-e-type=\"column\">\n\t\t\t<div class=\"elementor-widget-wrap elementor-element-populated\">\n\t\t\t\t\t\t<div class=\"elementor-element elementor-element-2b676ed7 elementor-widget elementor-widget-text-editor\" data-id=\"2b676ed7\" data-element_type=\"widget\" data-e-type=\"widget\" data-widget_type=\"text-editor.default\">\n\t\t\t\t<div class=\"elementor-widget-container\">\n\t\t\t\t\t\t\t\t\t<p>S\u00e4\u00e4ti\u00f6n operatiivisesta toiminnasta vastaa asiamies Marjut Grainger. S\u00e4\u00e4ti\u00f6n toimintaa ohjaa hallitus, joka edustaa monipuolisesti psykiatrian alan, yhteiskunnan ja talousel\u00e4m\u00e4n tuntemusta.<\/p><p><strong>Hallituksen j\u00e4senet:<\/strong><\/p><p>dosentti Henna Haravuori<\/p><p>dosentti Tuula Kiesepp\u00e4<\/p><p>professori Erika J\u00e4\u00e4skel\u00e4inen<\/p><p>professori Markku L\u00e4hteenvuo<\/p><p>professori Mauri Marttunen (puheenjohtaja)<\/p><p>dosentti Janne Matikainen<\/p><p>professori Tiina Paunio<\/p><p>tutkimusprofessori Jaana Suvisaari<\/p>\t\t\t\t\t\t\t\t<\/div>\n\t\t\t\t<\/div>\n\t\t\t\t\t<\/div>\n\t\t<\/div>\n\t\t\t\t\t<\/div>\n\t\t<\/section>\n\t\t\t\t<\/div>\n\t\t","protected":false},"excerpt":{"rendered":"<p>Hallinto S\u00e4\u00e4ti\u00f6n operatiivisesta toiminnasta vastaa asiamies Marjut Grainger. S\u00e4\u00e4ti\u00f6n toimintaa ohjaa hallitus, joka edustaa monipuolisesti psykiatrian alan, yhteiskunnan ja talousel\u00e4m\u00e4n tuntemusta. Hallituksen j\u00e4senet: dosentti Henna Haravuori dosentti Tuula Kiesepp\u00e4 professori Erika J\u00e4\u00e4skel\u00e4inen professori Markku L\u00e4hteenvuo professori Mauri Marttunen (puheenjohtaja) dosentti Janne Matikainen professori Tiina Paunio tutkimusprofessori Jaana Suvisaari<\/p>\n","protected":false},"author":1,"featured_media":0,"parent":0,"menu_order":0,"comment_status":"closed","ping_status":"closed","template":"","meta":{"footnotes":""},"class_list":["post-73","page","type-page","status-publish","hentry"],"_links":{"self":[{"href":"https:\/\/www.psykiatriantutkimussaatio.fi\/index.php\/wp-json\/wp\/v2\/pages\/73","targetHints":{"allow":["GET"]}}],"collection":[{"href":"https:\/\/www.psykiatriantutkimussaatio.fi\/index.php\/wp-json\/wp\/v2\/pages"}],"about":[{"href":"https:\/\/www.psykiatriantutkimussaatio.fi\/index.php\/wp-json\/wp\/v2\/types\/page"}],"author":[{"embeddable":true,"href":"https:\/\/www.psykiatriantutkimussaatio.fi\/index.php\/wp-json\/wp\/v2\/users\/1"}],"replies":[{"embeddable":true,"href":"https:\/\/www.psykiatriantutkimussaatio.fi\/index.php\/wp-json\/wp\/v2\/comments?post=73"}],"version-history":[{"count":65,"href":"https:\/\/www.psykiatriantutkimussaatio.fi\/index.php\/wp-json\/wp\/v2\/pages\/73\/revisions"}],"predecessor-version":[{"id":5850,"href":"https:\/\/www.psykiatriantutkimussaatio.fi\/index.php\/wp-json\/wp\/v2\/pages\/73\/revisions\/5850"}],"wp:attachment":[{"href":"https:\/\/www.psykiatriantutkimussaatio.fi\/index.php\/wp-json\/wp\/v2\/media?parent=73"}],"curies":[{"name":"wp","href":"https:\/\/api.w.org\/{rel}","templated":true}]}}