{"id":77,"date":"2019-10-06T15:48:12","date_gmt":"2019-10-06T15:48:12","guid":{"rendered":"http:\/\/www.psykiatriantutkimussaatio.fi\/?page_id=77"},"modified":"2024-11-21T14:34:41","modified_gmt":"2024-11-21T14:34:41","slug":"toimintakertomus-ja-tilinpaatos","status":"publish","type":"page","link":"https:\/\/www.psykiatriantutkimussaatio.fi\/index.php\/toimintakertomus-ja-tilinpaatos\/","title":{"rendered":"Toimintakertomus ja tilinp\u00e4\u00e4t\u00f6s"},"content":{"rendered":"\t\t<div data-elementor-type=\"wp-page\" data-elementor-id=\"77\" class=\"elementor elementor-77\" data-elementor-post-type=\"page\">\n\t\t\t\t\t\t<section class=\"elementor-section elementor-top-section elementor-element elementor-element-3d704659 elementor-section-full_width elementor-section-height-default elementor-section-height-default\" data-id=\"3d704659\" data-element_type=\"section\" data-e-type=\"section\" data-settings=\"{&quot;background_background&quot;:&quot;classic&quot;}\">\n\t\t\t\t\t\t\t<div class=\"elementor-background-overlay\"><\/div>\n\t\t\t\t\t\t\t<div class=\"elementor-container elementor-column-gap-default\">\n\t\t\t\t\t<div class=\"elementor-column elementor-col-100 elementor-top-column elementor-element elementor-element-60e99276\" data-id=\"60e99276\" data-element_type=\"column\" data-e-type=\"column\" data-settings=\"{&quot;background_background&quot;:&quot;classic&quot;}\">\n\t\t\t<div class=\"elementor-widget-wrap\">\n\t\t\t\t\t\t\t<\/div>\n\t\t<\/div>\n\t\t\t\t\t<\/div>\n\t\t<\/section>\n\t\t\t\t<section class=\"elementor-section elementor-top-section elementor-element elementor-element-479bd30e elementor-section-boxed elementor-section-height-default elementor-section-height-default\" data-id=\"479bd30e\" data-element_type=\"section\" data-e-type=\"section\">\n\t\t\t\t\t\t<div class=\"elementor-container elementor-column-gap-default\">\n\t\t\t\t\t<div class=\"elementor-column elementor-col-50 elementor-top-column elementor-element elementor-element-90028f4\" data-id=\"90028f4\" data-element_type=\"column\" data-e-type=\"column\" data-settings=\"{&quot;background_background&quot;:&quot;classic&quot;}\">\n\t\t\t<div class=\"elementor-widget-wrap elementor-element-populated\">\n\t\t\t\t\t\t<div class=\"elementor-element elementor-element-7ce1959a elementor-widget elementor-widget-heading\" data-id=\"7ce1959a\" data-element_type=\"widget\" data-e-type=\"widget\" data-widget_type=\"heading.default\">\n\t\t\t\t<div class=\"elementor-widget-container\">\n\t\t\t\t\t<h2 class=\"elementor-heading-title elementor-size-default\">Toimintakertomus ja tilinp\u00e4\u00e4t\u00f6s<\/h2>\t\t\t\t<\/div>\n\t\t\t\t<\/div>\n\t\t\t\t\t<\/div>\n\t\t<\/div>\n\t\t\t\t<div class=\"elementor-column elementor-col-50 elementor-top-column elementor-element elementor-element-122ec434\" data-id=\"122ec434\" data-element_type=\"column\" data-e-type=\"column\">\n\t\t\t<div class=\"elementor-widget-wrap\">\n\t\t\t\t\t\t\t<\/div>\n\t\t<\/div>\n\t\t\t\t\t<\/div>\n\t\t<\/section>\n\t\t\t\t<section class=\"elementor-section elementor-top-section elementor-element elementor-element-47495442 elementor-section-boxed elementor-section-height-default elementor-section-height-default\" data-id=\"47495442\" data-element_type=\"section\" data-e-type=\"section\">\n\t\t\t\t\t\t<div class=\"elementor-container elementor-column-gap-default\">\n\t\t\t\t\t<div class=\"elementor-column elementor-col-100 elementor-top-column elementor-element elementor-element-dfa3f06\" data-id=\"dfa3f06\" data-element_type=\"column\" data-e-type=\"column\">\n\t\t\t<div class=\"elementor-widget-wrap elementor-element-populated\">\n\t\t\t\t\t\t<div class=\"elementor-element elementor-element-90ab8fd elementor-widget elementor-widget-text-editor\" data-id=\"90ab8fd\" data-element_type=\"widget\" data-e-type=\"widget\" data-widget_type=\"text-editor.default\">\n\t\t\t\t<div class=\"elementor-widget-container\">\n\t\t\t\t\t\t\t\t\t<p><strong><a href=\"https:\/\/www.psykiatriantutkimussaatio.fi\/wp-content\/uploads\/2024\/11\/Psykiatrian-tutkimussaatio-sr-allekirjoitettu-toimintakertomus-ja-tilinpaatos-2024.pdf\">Toimintakertomus ja tilinp\u00e4\u00e4t\u00f6s 1.7.2023 &#8211; 30.6.2024<\/a><\/strong><\/p><p><strong><a href=\"https:\/\/www.psykiatriantutkimussaatio.fi\/wp-content\/uploads\/2024\/02\/Psykiatrian-Tutkimussaatio_tilinpaatos-ja-toimintakertomus-1.7.2022-30.6.2023.pdf\">Toimintakertomus ja tilinp\u00e4\u00e4t\u00f6s 1.7.2022 &#8211; 30.6.2023<\/a><\/strong><\/p><p><strong><a href=\"https:\/\/www.psykiatriantutkimussaatio.fi\/wp-content\/uploads\/2022\/11\/Psykiatrian-Tutkimussaatio-sr_tilinpaatos_1.7.2021-30.6.2022.pdf\">Toimintakertomus ja tilinp\u00e4\u00e4t\u00f6s 1.7.2021 &#8211; 30.6.2022<\/a><\/strong><\/p><p><strong><a href=\"https:\/\/www.psykiatriantutkimussaatio.fi\/wp-content\/uploads\/2022\/01\/Psykiatrian-Tutkimussaatio_tilinpaatos-30.6.2021_allekirjoitettu.pdf\">Toimintakertomus ja tilinp\u00e4\u00e4t\u00f6s 1.7.2020 &#8211; 30.6.2021<\/a><\/strong><\/p><p><strong><a href=\"https:\/\/www.psykiatriantutkimussaatio.fi\/wp-content\/uploads\/2020\/12\/Psykiatrian-Tutkimussaatio_Tilinpaatos-30.6.2020-allekirjoitettu.pdf\">Toimintakertomus ja tilinp\u00e4\u00e4t\u00f6s 1.7.2019 &#8211; 30.6.2020<\/a><\/strong><\/p><p><a href=\"http:\/\/www.psykiatriantutkimussaatio.fi\/wp-content\/uploads\/2019\/12\/Psykiatrian-Tutkimuss\u00e4\u00e4ti\u00f6_tilinp\u00e4\u00e4t\u00f6s-ja-toimintakertomus_1.7.2018-30.06.2019.pdf\"><strong>Toimintakertomus ja tilinp\u00e4\u00e4t\u00f6s 1.7.2018 \u2013 30.6.2019<\/strong><\/a><\/p>\t\t\t\t\t\t\t\t<\/div>\n\t\t\t\t<\/div>\n\t\t\t\t<div class=\"elementor-element elementor-element-7401f9ce elementor-widget elementor-widget-text-editor\" data-id=\"7401f9ce\" data-element_type=\"widget\" data-e-type=\"widget\" data-widget_type=\"text-editor.default\">\n\t\t\t\t<div class=\"elementor-widget-container\">\n\t\t\t\t\t\t\t\t\t<p><strong><a href=\"http:\/\/www.psykiatriantutkimussaatio.fi\/wp-content\/uploads\/2019\/10\/Konserni_Tilinp\u00e4\u00e4t\u00f6s_1.7.2017-30.6.2018.pdf\" target=\"_blank\" rel=\"noopener\">Toimintakertomus ja tilinp\u00e4\u00e4t\u00f6s 1.7.2017 &#8211; 30.6.2018<\/a><\/strong><\/p>\t\t\t\t\t\t\t\t<\/div>\n\t\t\t\t<\/div>\n\t\t\t\t\t<\/div>\n\t\t<\/div>\n\t\t\t\t\t<\/div>\n\t\t<\/section>\n\t\t\t\t<\/div>\n\t\t","protected":false},"excerpt":{"rendered":"<p>Toimintakertomus ja tilinp\u00e4\u00e4t\u00f6s Toimintakertomus ja tilinp\u00e4\u00e4t\u00f6s 1.7.2023 &#8211; 30.6.2024 Toimintakertomus ja tilinp\u00e4\u00e4t\u00f6s 1.7.2022 &#8211; 30.6.2023 Toimintakertomus ja tilinp\u00e4\u00e4t\u00f6s 1.7.2021 &#8211; 30.6.2022 Toimintakertomus ja tilinp\u00e4\u00e4t\u00f6s 1.7.2020 &#8211; 30.6.2021 Toimintakertomus ja tilinp\u00e4\u00e4t\u00f6s 1.7.2019 &#8211; 30.6.2020 Toimintakertomus ja tilinp\u00e4\u00e4t\u00f6s 1.7.2018 \u2013 30.6.2019 Toimintakertomus ja tilinp\u00e4\u00e4t\u00f6s 1.7.2017 &#8211; 30.6.2018<\/p>\n","protected":false},"author":1,"featured_media":0,"parent":0,"menu_order":0,"comment_status":"closed","ping_status":"closed","template":"","meta":{"footnotes":""},"class_list":["post-77","page","type-page","status-publish","hentry"],"_links":{"self":[{"href":"https:\/\/www.psykiatriantutkimussaatio.fi\/index.php\/wp-json\/wp\/v2\/pages\/77","targetHints":{"allow":["GET"]}}],"collection":[{"href":"https:\/\/www.psykiatriantutkimussaatio.fi\/index.php\/wp-json\/wp\/v2\/pages"}],"about":[{"href":"https:\/\/www.psykiatriantutkimussaatio.fi\/index.php\/wp-json\/wp\/v2\/types\/page"}],"author":[{"embeddable":true,"href":"https:\/\/www.psykiatriantutkimussaatio.fi\/index.php\/wp-json\/wp\/v2\/users\/1"}],"replies":[{"embeddable":true,"href":"https:\/\/www.psykiatriantutkimussaatio.fi\/index.php\/wp-json\/wp\/v2\/comments?post=77"}],"version-history":[{"count":72,"href":"https:\/\/www.psykiatriantutkimussaatio.fi\/index.php\/wp-json\/wp\/v2\/pages\/77\/revisions"}],"predecessor-version":[{"id":5525,"href":"https:\/\/www.psykiatriantutkimussaatio.fi\/index.php\/wp-json\/wp\/v2\/pages\/77\/revisions\/5525"}],"wp:attachment":[{"href":"https:\/\/www.psykiatriantutkimussaatio.fi\/index.php\/wp-json\/wp\/v2\/media?parent=77"}],"curies":[{"name":"wp","href":"https:\/\/api.w.org\/{rel}","templated":true}]}}