{"id":79,"date":"2019-10-06T15:48:30","date_gmt":"2019-10-06T15:48:30","guid":{"rendered":"http:\/\/www.psykiatriantutkimussaatio.fi\/?page_id=79"},"modified":"2020-09-30T19:43:08","modified_gmt":"2020-09-30T19:43:08","slug":"rahankeraysluvat","status":"publish","type":"page","link":"https:\/\/www.psykiatriantutkimussaatio.fi\/index.php\/rahankeraysluvat\/","title":{"rendered":"Rahanker\u00e4ysluvat"},"content":{"rendered":"\t\t<div data-elementor-type=\"wp-page\" data-elementor-id=\"79\" class=\"elementor elementor-79\" data-elementor-post-type=\"page\">\n\t\t\t\t\t\t<section class=\"elementor-section elementor-top-section elementor-element elementor-element-cf1a27b elementor-section-full_width elementor-section-height-default elementor-section-height-default\" data-id=\"cf1a27b\" data-element_type=\"section\" data-e-type=\"section\" data-settings=\"{&quot;background_background&quot;:&quot;classic&quot;}\">\n\t\t\t\t\t\t\t<div class=\"elementor-background-overlay\"><\/div>\n\t\t\t\t\t\t\t<div class=\"elementor-container elementor-column-gap-default\">\n\t\t\t\t\t<div class=\"elementor-column elementor-col-100 elementor-top-column elementor-element elementor-element-3a2a1968\" data-id=\"3a2a1968\" data-element_type=\"column\" data-e-type=\"column\" data-settings=\"{&quot;background_background&quot;:&quot;classic&quot;}\">\n\t\t\t<div class=\"elementor-widget-wrap\">\n\t\t\t\t\t\t\t<\/div>\n\t\t<\/div>\n\t\t\t\t\t<\/div>\n\t\t<\/section>\n\t\t\t\t<section class=\"elementor-section elementor-top-section elementor-element elementor-element-7b95eaa8 elementor-section-boxed elementor-section-height-default elementor-section-height-default\" data-id=\"7b95eaa8\" data-element_type=\"section\" data-e-type=\"section\">\n\t\t\t\t\t\t<div class=\"elementor-container elementor-column-gap-default\">\n\t\t\t\t\t<div class=\"elementor-column elementor-col-50 elementor-top-column elementor-element elementor-element-7c849286\" data-id=\"7c849286\" data-element_type=\"column\" data-e-type=\"column\" data-settings=\"{&quot;background_background&quot;:&quot;classic&quot;}\">\n\t\t\t<div class=\"elementor-widget-wrap elementor-element-populated\">\n\t\t\t\t\t\t<div class=\"elementor-element elementor-element-1eecfd7 elementor-widget elementor-widget-heading\" data-id=\"1eecfd7\" data-element_type=\"widget\" data-e-type=\"widget\" data-widget_type=\"heading.default\">\n\t\t\t\t<div class=\"elementor-widget-container\">\n\t\t\t\t\t<h2 class=\"elementor-heading-title elementor-size-default\">Rahanker\u00e4ysluvat<\/h2>\t\t\t\t<\/div>\n\t\t\t\t<\/div>\n\t\t\t\t\t<\/div>\n\t\t<\/div>\n\t\t\t\t<div class=\"elementor-column elementor-col-50 elementor-top-column elementor-element elementor-element-3516aea8\" data-id=\"3516aea8\" data-element_type=\"column\" data-e-type=\"column\">\n\t\t\t<div class=\"elementor-widget-wrap\">\n\t\t\t\t\t\t\t<\/div>\n\t\t<\/div>\n\t\t\t\t\t<\/div>\n\t\t<\/section>\n\t\t\t\t<section class=\"elementor-section elementor-top-section elementor-element elementor-element-27e56094 elementor-section-boxed elementor-section-height-default elementor-section-height-default\" data-id=\"27e56094\" data-element_type=\"section\" data-e-type=\"section\">\n\t\t\t\t\t\t<div class=\"elementor-container elementor-column-gap-default\">\n\t\t\t\t\t<div class=\"elementor-column elementor-col-100 elementor-top-column elementor-element elementor-element-7aa80813\" data-id=\"7aa80813\" data-element_type=\"column\" data-e-type=\"column\">\n\t\t\t<div class=\"elementor-widget-wrap elementor-element-populated\">\n\t\t\t\t\t\t<div class=\"elementor-element elementor-element-4d544a88 elementor-widget elementor-widget-text-editor\" data-id=\"4d544a88\" data-element_type=\"widget\" data-e-type=\"widget\" data-widget_type=\"text-editor.default\">\n\t\t\t\t<div class=\"elementor-widget-container\">\n\t\t\t\t\t\t\t\t\t<p>Psykiatrian tutkimuss\u00e4\u00e4ti\u00f6n rahanker\u00e4yslupa on voimassa Suomessa Ahvenanmaata lukuun ottamatta. Poliisihallituksen ker\u00e4yslupanumero RA\/2020\/779. Lupa on voimassa\u00a0 toistaiseksi 01.07.2020 alkaen. Et tarvitse ker\u00e4yslupanumeroa lahjoituksen tekemiseen. Ker\u00e4tt\u00e4v\u00e4t varat k\u00e4ytet\u00e4\u00e4n ja kohdistetaan mielenterveyden edist\u00e4mist\u00e4, h\u00e4iri\u00f6iden ehk\u00e4isy\u00e4 ja hoitoa koskevan tutkimuksen ja kehitystoiminnan tukemiseen. Ker\u00e4tt\u00e4v\u00e4t varat jaetaan apurahoina v\u00e4it\u00f6skirjaa tekeville nuorille psykiatrian alan tutkijoille, mielenterveyteen liittyv\u00e4n puolueettoman tutkimustiedon jakamiseen Psychiatria Fennica -vuosikirjan julkaisemisen muodossa sek\u00e4 julkisen huomion kiinnitt\u00e4miseen mielenterveysongelmiin ja niiden hoitoon sek\u00e4 mielenterveyden edist\u00e4miseen jakamalla Psykiatrian Tutkimuss\u00e4\u00e4ti\u00f6n Mielenterveyspalkinto (Lapinlahtimitali) ja Kalle Acht\u00e9 -palkinto.<\/p>\t\t\t\t\t\t\t\t<\/div>\n\t\t\t\t<\/div>\n\t\t\t\t\t<\/div>\n\t\t<\/div>\n\t\t\t\t\t<\/div>\n\t\t<\/section>\n\t\t\t\t<\/div>\n\t\t","protected":false},"excerpt":{"rendered":"<p>Rahanker\u00e4ysluvat Psykiatrian tutkimuss\u00e4\u00e4ti\u00f6n rahanker\u00e4yslupa on voimassa Suomessa Ahvenanmaata lukuun ottamatta. Poliisihallituksen ker\u00e4yslupanumero RA\/2020\/779. Lupa on voimassa\u00a0 toistaiseksi 01.07.2020 alkaen. Et tarvitse ker\u00e4yslupanumeroa lahjoituksen tekemiseen. Ker\u00e4tt\u00e4v\u00e4t varat k\u00e4ytet\u00e4\u00e4n ja kohdistetaan mielenterveyden edist\u00e4mist\u00e4, h\u00e4iri\u00f6iden ehk\u00e4isy\u00e4 ja hoitoa koskevan tutkimuksen ja kehitystoiminnan tukemiseen. Ker\u00e4tt\u00e4v\u00e4t varat jaetaan apurahoina v\u00e4it\u00f6skirjaa tekeville nuorille psykiatrian alan tutkijoille, mielenterveyteen liittyv\u00e4n puolueettoman tutkimustiedon jakamiseen [&hellip;]<\/p>\n","protected":false},"author":1,"featured_media":0,"parent":0,"menu_order":0,"comment_status":"closed","ping_status":"closed","template":"","meta":{"footnotes":""},"class_list":["post-79","page","type-page","status-publish","hentry"],"_links":{"self":[{"href":"https:\/\/www.psykiatriantutkimussaatio.fi\/index.php\/wp-json\/wp\/v2\/pages\/79","targetHints":{"allow":["GET"]}}],"collection":[{"href":"https:\/\/www.psykiatriantutkimussaatio.fi\/index.php\/wp-json\/wp\/v2\/pages"}],"about":[{"href":"https:\/\/www.psykiatriantutkimussaatio.fi\/index.php\/wp-json\/wp\/v2\/types\/page"}],"author":[{"embeddable":true,"href":"https:\/\/www.psykiatriantutkimussaatio.fi\/index.php\/wp-json\/wp\/v2\/users\/1"}],"replies":[{"embeddable":true,"href":"https:\/\/www.psykiatriantutkimussaatio.fi\/index.php\/wp-json\/wp\/v2\/comments?post=79"}],"version-history":[{"count":31,"href":"https:\/\/www.psykiatriantutkimussaatio.fi\/index.php\/wp-json\/wp\/v2\/pages\/79\/revisions"}],"predecessor-version":[{"id":3381,"href":"https:\/\/www.psykiatriantutkimussaatio.fi\/index.php\/wp-json\/wp\/v2\/pages\/79\/revisions\/3381"}],"wp:attachment":[{"href":"https:\/\/www.psykiatriantutkimussaatio.fi\/index.php\/wp-json\/wp\/v2\/media?parent=79"}],"curies":[{"name":"wp","href":"https:\/\/api.w.org\/{rel}","templated":true}]}}