{"id":85,"date":"2019-10-06T15:49:23","date_gmt":"2019-10-06T15:49:23","guid":{"rendered":"http:\/\/www.psykiatriantutkimussaatio.fi\/?page_id=85"},"modified":"2020-09-30T20:05:37","modified_gmt":"2020-09-30T20:05:37","slug":"tapahtumat","status":"publish","type":"page","link":"https:\/\/www.psykiatriantutkimussaatio.fi\/index.php\/tapahtumat\/","title":{"rendered":"Tapahtumat"},"content":{"rendered":"\t\t<div data-elementor-type=\"wp-page\" data-elementor-id=\"85\" class=\"elementor elementor-85\" data-elementor-post-type=\"page\">\n\t\t\t\t\t\t<section class=\"elementor-section elementor-top-section elementor-element elementor-element-9166c3a elementor-section-full_width elementor-section-height-default elementor-section-height-default\" data-id=\"9166c3a\" data-element_type=\"section\" data-e-type=\"section\" data-settings=\"{&quot;background_background&quot;:&quot;classic&quot;}\">\n\t\t\t\t\t\t\t<div class=\"elementor-background-overlay\"><\/div>\n\t\t\t\t\t\t\t<div class=\"elementor-container elementor-column-gap-default\">\n\t\t\t\t\t<div class=\"elementor-column elementor-col-100 elementor-top-column elementor-element elementor-element-74548d8c\" data-id=\"74548d8c\" data-element_type=\"column\" data-e-type=\"column\" data-settings=\"{&quot;background_background&quot;:&quot;classic&quot;}\">\n\t\t\t<div class=\"elementor-widget-wrap\">\n\t\t\t\t\t\t\t<\/div>\n\t\t<\/div>\n\t\t\t\t\t<\/div>\n\t\t<\/section>\n\t\t\t\t<section class=\"elementor-section elementor-top-section elementor-element elementor-element-1612d15f elementor-section-boxed elementor-section-height-default elementor-section-height-default\" data-id=\"1612d15f\" data-element_type=\"section\" data-e-type=\"section\">\n\t\t\t\t\t\t<div class=\"elementor-container elementor-column-gap-default\">\n\t\t\t\t\t<div class=\"elementor-column elementor-col-50 elementor-top-column elementor-element elementor-element-a2c018f\" data-id=\"a2c018f\" data-element_type=\"column\" data-e-type=\"column\" data-settings=\"{&quot;background_background&quot;:&quot;classic&quot;}\">\n\t\t\t<div class=\"elementor-widget-wrap elementor-element-populated\">\n\t\t\t\t\t\t<div class=\"elementor-element elementor-element-2c07255a elementor-widget elementor-widget-heading\" data-id=\"2c07255a\" data-element_type=\"widget\" data-e-type=\"widget\" data-widget_type=\"heading.default\">\n\t\t\t\t<div class=\"elementor-widget-container\">\n\t\t\t\t\t<h2 class=\"elementor-heading-title elementor-size-default\">Tapahtumat<\/h2>\t\t\t\t<\/div>\n\t\t\t\t<\/div>\n\t\t\t\t\t<\/div>\n\t\t<\/div>\n\t\t\t\t<div class=\"elementor-column elementor-col-50 elementor-top-column elementor-element elementor-element-2cd4984\" data-id=\"2cd4984\" data-element_type=\"column\" data-e-type=\"column\">\n\t\t\t<div class=\"elementor-widget-wrap\">\n\t\t\t\t\t\t\t<\/div>\n\t\t<\/div>\n\t\t\t\t\t<\/div>\n\t\t<\/section>\n\t\t\t\t<section class=\"elementor-section elementor-top-section elementor-element elementor-element-31d497f6 elementor-section-boxed elementor-section-height-default elementor-section-height-default\" data-id=\"31d497f6\" data-element_type=\"section\" data-e-type=\"section\">\n\t\t\t\t\t\t<div class=\"elementor-container elementor-column-gap-default\">\n\t\t\t\t\t<div class=\"elementor-column elementor-col-100 elementor-top-column elementor-element elementor-element-385fe413\" data-id=\"385fe413\" data-element_type=\"column\" data-e-type=\"column\">\n\t\t\t<div class=\"elementor-widget-wrap elementor-element-populated\">\n\t\t\t\t\t\t<div class=\"elementor-element elementor-element-1c4eb855 elementor-grid-eael-col-2 elementor-grid-tablet-eael-col-2 elementor-grid-mobile-eael-col-1 elementor-widget elementor-widget-eael-post-grid\" data-id=\"1c4eb855\" data-element_type=\"widget\" data-e-type=\"widget\" data-settings=\"{&quot;eael_post_grid_columns&quot;:&quot;eael-col-2&quot;,&quot;eael_post_grid_columns_tablet&quot;:&quot;eael-col-2&quot;,&quot;eael_post_grid_columns_mobile&quot;:&quot;eael-col-1&quot;}\" data-widget_type=\"eael-post-grid.default\">\n\t\t\t\t<div class=\"elementor-widget-container\">\n\t\t\t\t\t<div id=\"eael-post-grid-1c4eb855\" class=\"eael-post-grid-container\">\n            <div class=\"eael-post-grid eael-post-appender eael-post-appender-1c4eb855 eael-post-grid-style-one\" data-layout-mode=\"masonry\"><article class=\"eael-grid-post  eael-post-grid-column eael-pg-post-5146 category-etusivulle-tapahtumat\" data-id=\"5146\">\n        <div class=\"eael-grid-post-holder\">\n            <div class=\"eael-grid-post-holder-inner\"><div class=\"eael-entry-wrapper\"><header class=\"eael-entry-header\"><h2 class=\"eael-entry-title\"><a class=\"eael-grid-post-link\" href=\"https:\/\/www.psykiatriantutkimussaatio.fi\/index.php\/2023\/09\/14\/tervetuloa-kalle-achte-palkinnon-2023-julkistamistilaisuuteen-1-11-2023\/\" title=\"Tervetuloa Kalle Acht\u00e9 -palkinnon 2023 julkistamistilaisuuteen 1.11.2023!\">Tervetuloa Kalle Acht\u00e9 -palkinnon 2023 julkistamistilaisuuteen 1.11.2023!<\/a><\/h2><\/header><div class=\"eael-entry-content\">\n                        <div class=\"eael-grid-post-excerpt\"><p>Psykiatrian Tutkimuss\u00e4\u00e4ti\u00f6n Kalle Acht\u00e9 -palkinnon 2023 julkistamistilaisuus pidet\u00e4\u00e4n keskiviikkona 1.11.2023...<\/p><a href=\"https:\/\/www.psykiatriantutkimussaatio.fi\/index.php\/2023\/09\/14\/tervetuloa-kalle-achte-palkinnon-2023-julkistamistilaisuuteen-1-11-2023\/\" class=\"eael-post-elements-readmore-btn\">LUE LIS\u00c4\u00c4<\/a><\/div>\n                    <\/div><\/div><\/div>\n        <\/div>\n    <\/article><article class=\"eael-grid-post  eael-post-grid-column eael-pg-post-4349 category-etusivulle-tapahtumat\" data-id=\"4349\">\n        <div class=\"eael-grid-post-holder\">\n            <div class=\"eael-grid-post-holder-inner\"><div class=\"eael-entry-wrapper\"><header class=\"eael-entry-header\"><h2 class=\"eael-entry-title\"><a class=\"eael-grid-post-link\" href=\"https:\/\/www.psykiatriantutkimussaatio.fi\/index.php\/2021\/12\/20\/tunnelmia-psykiatrian-tutkimussaation-50-vuotisjuhlatilaisuudesta-3-11-2021\/\" title=\"Tunnelmia Psykiatrian Tutkimuss\u00e4\u00e4ti\u00f6n 50-vuotisjuhlatilaisuudesta 3.11.2021\">Tunnelmia Psykiatrian Tutkimuss\u00e4\u00e4ti\u00f6n 50-vuotisjuhlatilaisuudesta 3.11.2021<\/a><\/h2><\/header><div class=\"eael-entry-content\">\n                        <div class=\"eael-grid-post-excerpt\"><p>Psykiatrian Tutkimuss\u00e4\u00e4ti\u00f6n 50-vuotista taivalta juhlistettiin 3.11.2021 Kurkistus upean illan tunnelmiin...<\/p><a href=\"https:\/\/www.psykiatriantutkimussaatio.fi\/index.php\/2021\/12\/20\/tunnelmia-psykiatrian-tutkimussaation-50-vuotisjuhlatilaisuudesta-3-11-2021\/\" class=\"eael-post-elements-readmore-btn\">LUE LIS\u00c4\u00c4<\/a><\/div>\n                    <\/div><\/div><\/div>\n        <\/div>\n    <\/article><article class=\"eael-grid-post  eael-post-grid-column eael-pg-post-3644 category-tapahtumat\" data-id=\"3644\">\n        <div class=\"eael-grid-post-holder\">\n            <div class=\"eael-grid-post-holder-inner\"><div class=\"eael-entry-wrapper\"><header class=\"eael-entry-header\"><h2 class=\"eael-entry-title\"><a class=\"eael-grid-post-link\" href=\"https:\/\/www.psykiatriantutkimussaatio.fi\/index.php\/2021\/06\/28\/psykiatrian-tutkimussaation-50-vuotisjuhlaseminaari-3-11-2021-varaa-paiva-kalenteriisi\/\" title=\"Psykiatrian Tutkimuss\u00e4\u00e4ti\u00f6n 50-vuotisjuhlaseminaari 3.11.2021 &#8211; luvassa huippupuheenvuoroja, taide-esityksi\u00e4 ja kiinnostavia kohtaamisia!\">Psykiatrian Tutkimuss\u00e4\u00e4ti\u00f6n 50-vuotisjuhlaseminaari 3.11.2021 &#8211; luvassa huippupuheenvuoroja, taide-esityksi\u00e4 ja kiinnostavia kohtaamisia!<\/a><\/h2><\/header><div class=\"eael-entry-content\">\n                        <div class=\"eael-grid-post-excerpt\"><p>Kokoontumisen riemua &#8211; Psykiatrian Tutkimuss\u00e4\u00e4ti\u00f6n 50-vuotisjuhlaseminaari &amp; illallinen j\u00e4rjestet\u00e4\u00e4n 3.11.2021....<\/p><a href=\"https:\/\/www.psykiatriantutkimussaatio.fi\/index.php\/2021\/06\/28\/psykiatrian-tutkimussaation-50-vuotisjuhlaseminaari-3-11-2021-varaa-paiva-kalenteriisi\/\" class=\"eael-post-elements-readmore-btn\">LUE LIS\u00c4\u00c4<\/a><\/div>\n                    <\/div><\/div><\/div>\n        <\/div>\n    <\/article><article class=\"eael-grid-post  eael-post-grid-column eael-pg-post-3010 category-tapahtumat\" data-id=\"3010\">\n        <div class=\"eael-grid-post-holder\">\n            <div class=\"eael-grid-post-holder-inner\"><div class=\"eael-entry-wrapper\"><header class=\"eael-entry-header\"><h2 class=\"eael-entry-title\"><a class=\"eael-grid-post-link\" href=\"https:\/\/www.psykiatriantutkimussaatio.fi\/index.php\/2019\/12\/27\/mind-meets-art-15-4-2020\/\" title=\"Yhteisty\u00f6ss\u00e4 Psykiatrian Tutkimuss\u00e4\u00e4ti\u00f6 ja Suomen Kansallisooppera ja -baletti: Mind meets Art 15.4.2020 \/ TILAISUUS ON PERUTTU\">Yhteisty\u00f6ss\u00e4 Psykiatrian Tutkimuss\u00e4\u00e4ti\u00f6 ja Suomen Kansallisooppera ja -baletti: Mind meets Art 15.4.2020 \/ TILAISUUS ON PERUTTU<\/a><\/h2><\/header><div class=\"eael-entry-content\">\n                        <div class=\"eael-grid-post-excerpt\"><p>Mind meets Art Yhteisty\u00f6ss\u00e4 Psykiatrian Tutkimuss\u00e4\u00e4ti\u00f6 ja Suomen kansallisooppera ja...<\/p><a href=\"https:\/\/www.psykiatriantutkimussaatio.fi\/index.php\/2019\/12\/27\/mind-meets-art-15-4-2020\/\" class=\"eael-post-elements-readmore-btn\">LUE LIS\u00c4\u00c4<\/a><\/div>\n                    <\/div><\/div><\/div>\n        <\/div>\n    <\/article><\/div>\n            <div class=\"clearfix\"><\/div>\n        <\/div>            <div class=\"eael-load-more-button-wrap\">\n                <button class=\"eael-load-more-button\" id=\"eael-load-more-btn-1c4eb855\" data-widget-id=\"1c4eb855\" data-widget=\"1c4eb855\" data-page-id=\"85\" data-template=\"{&quot;dir&quot;:&quot;lite&quot;,&quot;file_name&quot;:&quot;one.php&quot;,&quot;name&quot;:&quot;Post-Grid&quot;}\" data-class=\"Essential_Addons_Elementor\\Elements\\Post_Grid\" data-layout=\"masonry\" data-page=\"1\" data-args=\"orderby=date&amp;order=desc&amp;ignore_sticky_posts=1&amp;post_status=publish&amp;posts_per_page=4&amp;offset=0&amp;post_type=post&amp;tax_query%5B0%5D%5Btaxonomy%5D=category&amp;tax_query%5B0%5D%5Bfield%5D=term_id&amp;tax_query%5B0%5D%5Bterms%5D%5B0%5D=12&amp;tax_query%5Brelation%5D=AND\" data-max-page=\"2\">\n                    <span class=\"eael-btn-loader button__loader\"><\/span>\n                    <span class=\"eael_load_more_text\">Lataa lis\u00e4\u00e4<\/span>\n                <\/button>\n            <\/div>\n            \t\t\t\t<\/div>\n\t\t\t\t<\/div>\n\t\t\t\t\t<\/div>\n\t\t<\/div>\n\t\t\t\t\t<\/div>\n\t\t<\/section>\n\t\t\t\t<\/div>\n\t\t","protected":false},"excerpt":{"rendered":"<p>Tapahtumat Yhteisty\u00f6ss\u00e4 Psykiatrian Tutkimuss\u00e4\u00e4ti\u00f6 ja Suomen Kansallisooppera ja -baletti: Mind meets Art 15.4.2020 \/ TILAISUUS ON PERUTTU Mind meets Art Yhteisty\u00f6ss\u00e4 Psykiatrian Tutkimuss\u00e4\u00e4ti\u00f6 ja Suomen kansallisooppera ja&#8230; LUE LIS\u00c4\u00c4 Koulutusp\u00e4iv\u00e4 4.10.2019 Nuorten mielenterveys: tutkimustietoa ja ty\u00f6kaluja nuorten kanssa ty\u00f6skenteleville aikuisille Nuorten mielenterveys: tutkimustietoa ja ty\u00f6kaluja nuorten kanssa ty\u00f6skenteleville aikuisille Psykiatrian&#8230; LUE LIS\u00c4\u00c4 Juhlaseminaari 6.9.2018: Psykiatrian [&hellip;]<\/p>\n","protected":false},"author":1,"featured_media":0,"parent":0,"menu_order":0,"comment_status":"closed","ping_status":"closed","template":"elementor_header_footer","meta":{"footnotes":""},"class_list":["post-85","page","type-page","status-publish","hentry"],"_links":{"self":[{"href":"https:\/\/www.psykiatriantutkimussaatio.fi\/index.php\/wp-json\/wp\/v2\/pages\/85","targetHints":{"allow":["GET"]}}],"collection":[{"href":"https:\/\/www.psykiatriantutkimussaatio.fi\/index.php\/wp-json\/wp\/v2\/pages"}],"about":[{"href":"https:\/\/www.psykiatriantutkimussaatio.fi\/index.php\/wp-json\/wp\/v2\/types\/page"}],"author":[{"embeddable":true,"href":"https:\/\/www.psykiatriantutkimussaatio.fi\/index.php\/wp-json\/wp\/v2\/users\/1"}],"replies":[{"embeddable":true,"href":"https:\/\/www.psykiatriantutkimussaatio.fi\/index.php\/wp-json\/wp\/v2\/comments?post=85"}],"version-history":[{"count":46,"href":"https:\/\/www.psykiatriantutkimussaatio.fi\/index.php\/wp-json\/wp\/v2\/pages\/85\/revisions"}],"predecessor-version":[{"id":3403,"href":"https:\/\/www.psykiatriantutkimussaatio.fi\/index.php\/wp-json\/wp\/v2\/pages\/85\/revisions\/3403"}],"wp:attachment":[{"href":"https:\/\/www.psykiatriantutkimussaatio.fi\/index.php\/wp-json\/wp\/v2\/media?parent=85"}],"curies":[{"name":"wp","href":"https:\/\/api.w.org\/{rel}","templated":true}]}}