{"id":87,"date":"2019-10-06T15:49:37","date_gmt":"2019-10-06T15:49:37","guid":{"rendered":"http:\/\/www.psykiatriantutkimussaatio.fi\/?page_id=87"},"modified":"2026-03-23T10:01:09","modified_gmt":"2026-03-23T10:01:09","slug":"tiedotteet","status":"publish","type":"page","link":"https:\/\/www.psykiatriantutkimussaatio.fi\/index.php\/tiedotteet\/","title":{"rendered":"Tiedotteet"},"content":{"rendered":"\t\t<div data-elementor-type=\"wp-page\" data-elementor-id=\"87\" class=\"elementor elementor-87\" data-elementor-post-type=\"page\">\n\t\t\t\t\t\t<section class=\"elementor-section elementor-top-section elementor-element elementor-element-40178330 elementor-section-full_width elementor-section-height-default elementor-section-height-default\" data-id=\"40178330\" data-element_type=\"section\" data-e-type=\"section\" data-settings=\"{&quot;background_background&quot;:&quot;classic&quot;}\">\n\t\t\t\t\t\t\t<div class=\"elementor-background-overlay\"><\/div>\n\t\t\t\t\t\t\t<div class=\"elementor-container elementor-column-gap-default\">\n\t\t\t\t\t<div class=\"elementor-column elementor-col-100 elementor-top-column elementor-element elementor-element-5c4f1322\" data-id=\"5c4f1322\" data-element_type=\"column\" data-e-type=\"column\" data-settings=\"{&quot;background_background&quot;:&quot;classic&quot;}\">\n\t\t\t<div class=\"elementor-widget-wrap\">\n\t\t\t\t\t\t\t<\/div>\n\t\t<\/div>\n\t\t\t\t\t<\/div>\n\t\t<\/section>\n\t\t\t\t<section class=\"elementor-section elementor-top-section elementor-element elementor-element-21747296 elementor-section-boxed elementor-section-height-default elementor-section-height-default\" data-id=\"21747296\" data-element_type=\"section\" data-e-type=\"section\">\n\t\t\t\t\t\t<div class=\"elementor-container elementor-column-gap-default\">\n\t\t\t\t\t<div class=\"elementor-column elementor-col-50 elementor-top-column elementor-element elementor-element-311fdf36\" data-id=\"311fdf36\" data-element_type=\"column\" data-e-type=\"column\" data-settings=\"{&quot;background_background&quot;:&quot;classic&quot;}\">\n\t\t\t<div class=\"elementor-widget-wrap elementor-element-populated\">\n\t\t\t\t\t\t<div class=\"elementor-element elementor-element-2701e501 elementor-widget elementor-widget-heading\" data-id=\"2701e501\" data-element_type=\"widget\" data-e-type=\"widget\" data-widget_type=\"heading.default\">\n\t\t\t\t<div class=\"elementor-widget-container\">\n\t\t\t\t\t<h2 class=\"elementor-heading-title elementor-size-default\">Tiedotteet<\/h2>\t\t\t\t<\/div>\n\t\t\t\t<\/div>\n\t\t\t\t\t<\/div>\n\t\t<\/div>\n\t\t\t\t<div class=\"elementor-column elementor-col-50 elementor-top-column elementor-element elementor-element-59b6c5b9\" data-id=\"59b6c5b9\" data-element_type=\"column\" data-e-type=\"column\">\n\t\t\t<div class=\"elementor-widget-wrap\">\n\t\t\t\t\t\t\t<\/div>\n\t\t<\/div>\n\t\t\t\t\t<\/div>\n\t\t<\/section>\n\t\t\t\t<section class=\"elementor-section elementor-top-section elementor-element elementor-element-2fd1916f elementor-section-boxed elementor-section-height-default elementor-section-height-default\" data-id=\"2fd1916f\" data-element_type=\"section\" data-e-type=\"section\">\n\t\t\t\t\t\t<div class=\"elementor-container elementor-column-gap-default\">\n\t\t\t\t\t<div class=\"elementor-column elementor-col-100 elementor-top-column elementor-element elementor-element-4febeaff\" data-id=\"4febeaff\" data-element_type=\"column\" data-e-type=\"column\">\n\t\t\t<div class=\"elementor-widget-wrap elementor-element-populated\">\n\t\t\t\t\t\t<div class=\"elementor-element elementor-element-1955f49 elementor-grid-eael-col-2 elementor-grid-tablet-eael-col-2 elementor-grid-mobile-eael-col-1 elementor-widget elementor-widget-eael-post-grid\" data-id=\"1955f49\" data-element_type=\"widget\" data-e-type=\"widget\" data-settings=\"{&quot;eael_post_grid_columns&quot;:&quot;eael-col-2&quot;,&quot;eael_post_grid_columns_tablet&quot;:&quot;eael-col-2&quot;,&quot;eael_post_grid_columns_mobile&quot;:&quot;eael-col-1&quot;}\" data-widget_type=\"eael-post-grid.default\">\n\t\t\t\t<div class=\"elementor-widget-container\">\n\t\t\t\t\t<div id=\"eael-post-grid-1955f49\" class=\"eael-post-grid-container\">\n            <div class=\"eael-post-grid eael-post-appender eael-post-appender-1955f49 eael-post-grid-style-one\" data-layout-mode=\"masonry\"><article class=\"eael-grid-post  eael-post-grid-column eael-pg-post-5780 category-etusivulle-tiedotteet\" data-id=\"5780\">\n        <div class=\"eael-grid-post-holder\">\n            <div class=\"eael-grid-post-holder-inner\"><div class=\"eael-entry-wrapper\"><header class=\"eael-entry-header\"><h2 class=\"eael-entry-title\"><a class=\"eael-grid-post-link\" href=\"https:\/\/www.psykiatriantutkimussaatio.fi\/index.php\/2025\/10\/27\/uusi-psychiatria-fennica-2025-vol-56-on-nyt-luettavissa\/\" title=\"Uusi Psychiatria Fennica 2025 (vol. 56) on nyt luettavissa!\">Uusi Psychiatria Fennica 2025 (vol. 56) on nyt luettavissa!<\/a><\/h2><\/header><div class=\"eael-entry-content\">\n                        <div class=\"eael-grid-post-excerpt\"><p>Uusi Psychiatria Fennica 2025 (vol. 56) on nyt luettavissa! Vuoden...<\/p><a href=\"https:\/\/www.psykiatriantutkimussaatio.fi\/index.php\/2025\/10\/27\/uusi-psychiatria-fennica-2025-vol-56-on-nyt-luettavissa\/\" class=\"eael-post-elements-readmore-btn\">LUE LIS\u00c4\u00c4<\/a><\/div>\n                    <\/div><\/div><\/div>\n        <\/div>\n    <\/article><article class=\"eael-grid-post  eael-post-grid-column eael-pg-post-5643 category-tiedotteet-uncategorized\" data-id=\"5643\">\n        <div class=\"eael-grid-post-holder\">\n            <div class=\"eael-grid-post-holder-inner\"><div class=\"eael-entry-wrapper\"><header class=\"eael-entry-header\"><h2 class=\"eael-entry-title\"><a class=\"eael-grid-post-link\" href=\"https:\/\/www.psykiatriantutkimussaatio.fi\/index.php\/2025\/04\/22\/psykiatrian-tutkimussaation-jakoi-vuoden-2025-apurahoja\/\" title=\"Psykiatrian Tutkimuss\u00e4\u00e4ti\u00f6n jakoi vuoden 2025 apurahoja\">Psykiatrian Tutkimuss\u00e4\u00e4ti\u00f6n jakoi vuoden 2025 apurahoja<\/a><\/h2><\/header><div class=\"eael-entry-content\">\n                        <div class=\"eael-grid-post-excerpt\"><p>Psykiatrian Tutkimuss\u00e4\u00e4ti\u00f6 jakoi vuoden 2025 apurahoja Psykiatrian Tutkimuss\u00e4\u00e4ti\u00f6n vuoden 2025...<\/p><a href=\"https:\/\/www.psykiatriantutkimussaatio.fi\/index.php\/2025\/04\/22\/psykiatrian-tutkimussaation-jakoi-vuoden-2025-apurahoja\/\" class=\"eael-post-elements-readmore-btn\">LUE LIS\u00c4\u00c4<\/a><\/div>\n                    <\/div><\/div><\/div>\n        <\/div>\n    <\/article><article class=\"eael-grid-post  eael-post-grid-column eael-pg-post-5468 category-etusivulle-tiedotteet\" data-id=\"5468\">\n        <div class=\"eael-grid-post-holder\">\n            <div class=\"eael-grid-post-holder-inner\"><div class=\"eael-entry-wrapper\"><header class=\"eael-entry-header\"><h2 class=\"eael-entry-title\"><a class=\"eael-grid-post-link\" href=\"https:\/\/www.psykiatriantutkimussaatio.fi\/index.php\/2024\/10\/30\/psychiatria-fennica-2024-vol-55-on-luettavissa\/\" title=\"Psychiatria Fennica 2024 (vol. 55) on luettavissa!\">Psychiatria Fennica 2024 (vol. 55) on luettavissa!<\/a><\/h2><\/header><div class=\"eael-entry-content\">\n                        <div class=\"eael-grid-post-excerpt\"><p>Uusi Psychiatria Fennica 2024 (vol. 55) on nyt luettavissa! Vuoden...<\/p><a href=\"https:\/\/www.psykiatriantutkimussaatio.fi\/index.php\/2024\/10\/30\/psychiatria-fennica-2024-vol-55-on-luettavissa\/\" class=\"eael-post-elements-readmore-btn\">LUE LIS\u00c4\u00c4<\/a><\/div>\n                    <\/div><\/div><\/div>\n        <\/div>\n    <\/article><article class=\"eael-grid-post  eael-post-grid-column eael-pg-post-5330 category-etusivulle-tiedotteet\" data-id=\"5330\">\n        <div class=\"eael-grid-post-holder\">\n            <div class=\"eael-grid-post-holder-inner\"><div class=\"eael-entry-wrapper\"><header class=\"eael-entry-header\"><h2 class=\"eael-entry-title\"><a class=\"eael-grid-post-link\" href=\"https:\/\/www.psykiatriantutkimussaatio.fi\/index.php\/2024\/03\/17\/psykiatrian-tutkimussaation-jakoi-vuoden-2024-apurahoja\/\" title=\"Psykiatrian Tutkimuss\u00e4\u00e4ti\u00f6n jakoi vuoden 2024 apurahoja\">Psykiatrian Tutkimuss\u00e4\u00e4ti\u00f6n jakoi vuoden 2024 apurahoja<\/a><\/h2><\/header><div class=\"eael-entry-content\">\n                        <div class=\"eael-grid-post-excerpt\"><p>Psykiatrian Tutkimuss\u00e4\u00e4ti\u00f6 jakoi vuoden 2024 apurahoja Psykiatrian Tutkimuss\u00e4\u00e4ti\u00f6n vuoden 2024...<\/p><a href=\"https:\/\/www.psykiatriantutkimussaatio.fi\/index.php\/2024\/03\/17\/psykiatrian-tutkimussaation-jakoi-vuoden-2024-apurahoja\/\" class=\"eael-post-elements-readmore-btn\">LUE LIS\u00c4\u00c4<\/a><\/div>\n                    <\/div><\/div><\/div>\n        <\/div>\n    <\/article><\/div>\n            <div class=\"clearfix\"><\/div>\n        <\/div>            <div class=\"eael-load-more-button-wrap\">\n                <button class=\"eael-load-more-button\" id=\"eael-load-more-btn-1955f49\" data-widget-id=\"1955f49\" data-widget=\"1955f49\" data-page-id=\"87\" data-template=\"{&quot;dir&quot;:&quot;lite&quot;,&quot;file_name&quot;:&quot;one.php&quot;,&quot;name&quot;:&quot;Post-Grid&quot;}\" data-class=\"Essential_Addons_Elementor\\Elements\\Post_Grid\" data-layout=\"masonry\" data-page=\"1\" data-args=\"orderby=date&amp;order=desc&amp;ignore_sticky_posts=1&amp;post_status=publish&amp;posts_per_page=4&amp;offset=0&amp;post_type=post&amp;tax_query%5B0%5D%5Btaxonomy%5D=category&amp;tax_query%5B0%5D%5Bfield%5D=term_id&amp;tax_query%5B0%5D%5Bterms%5D%5B0%5D=10&amp;tax_query%5Brelation%5D=AND\" data-max-page=\"7\">\n                    <span class=\"eael-btn-loader button__loader\"><\/span>\n                    <span class=\"eael_load_more_text\">Lataa lis\u00e4\u00e4<\/span>\n                <\/button>\n            <\/div>\n            \t\t\t\t<\/div>\n\t\t\t\t<\/div>\n\t\t\t\t\t<\/div>\n\t\t<\/div>\n\t\t\t\t\t<\/div>\n\t\t<\/section>\n\t\t\t\t<section class=\"elementor-section elementor-top-section elementor-element elementor-element-9f5b396 elementor-section-boxed elementor-section-height-default elementor-section-height-default\" data-id=\"9f5b396\" data-element_type=\"section\" data-e-type=\"section\">\n\t\t\t\t\t\t<div class=\"elementor-container elementor-column-gap-default\">\n\t\t\t\t\t<div class=\"elementor-column elementor-col-100 elementor-top-column elementor-element elementor-element-00ad08f\" data-id=\"00ad08f\" data-element_type=\"column\" data-e-type=\"column\">\n\t\t\t<div class=\"elementor-widget-wrap\">\n\t\t\t\t\t\t\t<\/div>\n\t\t<\/div>\n\t\t\t\t\t<\/div>\n\t\t<\/section>\n\t\t\t\t<section class=\"elementor-section elementor-top-section elementor-element elementor-element-8ac43ce elementor-section-boxed elementor-section-height-default elementor-section-height-default\" data-id=\"8ac43ce\" data-element_type=\"section\" data-e-type=\"section\">\n\t\t\t\t\t\t<div class=\"elementor-container elementor-column-gap-default\">\n\t\t\t\t\t<div class=\"elementor-column elementor-col-100 elementor-top-column elementor-element elementor-element-e8b33e6\" data-id=\"e8b33e6\" data-element_type=\"column\" data-e-type=\"column\">\n\t\t\t<div class=\"elementor-widget-wrap\">\n\t\t\t\t\t\t\t<\/div>\n\t\t<\/div>\n\t\t\t\t\t<\/div>\n\t\t<\/section>\n\t\t\t\t<section class=\"elementor-section elementor-top-section elementor-element elementor-element-de7f82d elementor-section-boxed elementor-section-height-default elementor-section-height-default\" data-id=\"de7f82d\" data-element_type=\"section\" data-e-type=\"section\">\n\t\t\t\t\t\t<div class=\"elementor-container elementor-column-gap-default\">\n\t\t\t\t\t<div class=\"elementor-column elementor-col-100 elementor-top-column elementor-element elementor-element-59e2a13\" data-id=\"59e2a13\" data-element_type=\"column\" data-e-type=\"column\">\n\t\t\t<div class=\"elementor-widget-wrap elementor-element-populated\">\n\t\t\t\t\t\t<div class=\"elementor-element elementor-element-e201d2a elementor-widget elementor-widget-text-editor\" data-id=\"e201d2a\" data-element_type=\"widget\" data-e-type=\"widget\" data-widget_type=\"text-editor.default\">\n\t\t\t\t<div class=\"elementor-widget-container\">\n\t\t\t\t\t\t\t\t\t<h3><strong>Psykiatrian Tutkimuss\u00e4\u00e4ti\u00f6 jakoi vuoden 2026 apurahat \u2013 panostus mielenterveyden tutkimukseen on t\u00e4rke\u00e4mp\u00e4\u00e4 kuin koskaan<\/strong><\/h3>\t\t\t\t\t\t\t\t<\/div>\n\t\t\t\t<\/div>\n\t\t\t\t\t<\/div>\n\t\t<\/div>\n\t\t\t\t\t<\/div>\n\t\t<\/section>\n\t\t\t\t<section class=\"elementor-section elementor-top-section elementor-element elementor-element-0e342ee elementor-section-boxed elementor-section-height-default elementor-section-height-default\" data-id=\"0e342ee\" data-element_type=\"section\" data-e-type=\"section\">\n\t\t\t\t\t\t<div class=\"elementor-container elementor-column-gap-default\">\n\t\t\t\t\t<div class=\"elementor-column elementor-col-100 elementor-top-column elementor-element elementor-element-f084bce\" data-id=\"f084bce\" data-element_type=\"column\" data-e-type=\"column\">\n\t\t\t<div class=\"elementor-widget-wrap\">\n\t\t\t\t\t\t\t<\/div>\n\t\t<\/div>\n\t\t\t\t\t<\/div>\n\t\t<\/section>\n\t\t\t\t<section class=\"elementor-section elementor-top-section elementor-element elementor-element-afef186 elementor-section-boxed elementor-section-height-default elementor-section-height-default\" data-id=\"afef186\" data-element_type=\"section\" data-e-type=\"section\">\n\t\t\t\t\t\t<div class=\"elementor-container elementor-column-gap-default\">\n\t\t\t\t\t<div class=\"elementor-column elementor-col-100 elementor-top-column elementor-element elementor-element-489fbb0\" data-id=\"489fbb0\" data-element_type=\"column\" data-e-type=\"column\">\n\t\t\t<div class=\"elementor-widget-wrap elementor-element-populated\">\n\t\t\t\t\t\t<div class=\"elementor-element elementor-element-53e1bda elementor-widget elementor-widget-text-editor\" data-id=\"53e1bda\" data-element_type=\"widget\" data-e-type=\"widget\" data-widget_type=\"text-editor.default\">\n\t\t\t\t<div class=\"elementor-widget-container\">\n\t\t\t\t\t\t\t\t\t<p><span style=\"font-family: 'Century Gothic', sans-serif; font-size: 10pt;\">Psykiatrian Tutkimuss\u00e4\u00e4ti\u00f6 on my\u00f6nt\u00e4nyt vuoden 2026 apurahat viidelle korkeatasoiselle tutkimushankkeelle,<br \/>jotka edist\u00e4v\u00e4t mielenterveyden ymm\u00e4rryst\u00e4, h\u00e4iri\u00f6iden ehk\u00e4isy\u00e4 ja hoitoa.<\/span><\/p><p style=\"margin-bottom: 0cm;\"><span style=\"font-size: 10.0pt; line-height: 107%; font-family: 'Century Gothic',sans-serif; mso-bidi-font-family: Calibri; mso-bidi-theme-font: minor-latin;\">\u00a0<\/span><\/p><p><b><span style=\"font-size: 10.0pt; line-height: 107%; font-family: 'Century Gothic',sans-serif; mso-bidi-font-family: Calibri; mso-bidi-theme-font: minor-latin;\">Vuoden 2026 apurahansaajat:<\/span><\/b><\/p><p style=\"line-height: normal;\"><b><span style=\"font-size: 10.0pt; font-family: 'Century Gothic',sans-serif; mso-bidi-font-family: Calibri; mso-bidi-theme-font: minor-latin;\">Aleksi Alastalo, LL:\u00a0 <\/span><\/b><span style=\"font-size: 10.0pt; font-family: 'Century Gothic',sans-serif; letter-spacing: -.1pt;\">Psykiatrinen\u00a0sairastavuus ennen Alzheimerin taudin diagnoosia \u2013 Esiintyvyys, erityispiirteet<br \/>ja vaikutus ennusteeseen, Oulun yliopisto<\/span><\/p><p style=\"line-height: normal;\"><b><span style=\"font-size: 10.0pt; font-family: 'Century Gothic',sans-serif; mso-bidi-font-family: Calibri; mso-bidi-theme-font: minor-latin;\">Suvi Jokihaka, PsM:<\/span><\/b><span style=\"font-size: 10.0pt; font-family: 'Century Gothic',sans-serif; mso-bidi-font-family: Calibri; mso-bidi-theme-font: minor-latin;\"> \u00a0<\/span><span style=\"font-size: 10.0pt; font-family: 'Century Gothic',sans-serif; letter-spacing: -.1pt;\">Psykososiaalisten\u00a0tekij\u00f6iden merkitys kielih\u00e4iri\u00f6iss\u00e4: varhaisen vuorovaikutuksen ja\u00a0temperamentin\u00a0<\/span><span style=\"font-family: 'Century Gothic', sans-serif; font-size: 10pt; letter-spacing: -0.1pt;\">suojaava vaikutus kehitykselle,\u00a0<\/span><\/p><p style=\"line-height: normal;\"><span style=\"font-family: 'Century Gothic', sans-serif; font-size: 10pt; letter-spacing: -0.1pt;\">It\u00e4-Suomen yliopisto<\/span><\/p><p style=\"line-height: normal;\"><b><span style=\"font-size: 10.0pt; font-family: 'Century Gothic',sans-serif; mso-bidi-font-family: Calibri; mso-bidi-theme-font: minor-latin;\">Juhani Leijala, El:\u00a0 <\/span><\/b><span style=\"font-size: 10.0pt; font-family: 'Century Gothic',sans-serif; mso-bidi-font-family: Calibri; mso-bidi-theme-font: minor-latin;\">Psykoottisten h\u00e4iri\u00f6iden hoitoon sitoutuminen:\u00a0asenteiden ja el\u00e4m\u00e4ntapojen vaikutus hoitoon sitoutumiseen ja hoitotuloksiin,<br \/>Turun yliopisto<\/span><\/p><p style=\"line-height: normal;\"><b><span style=\"font-size: 10.0pt; font-family: 'Century Gothic',sans-serif; mso-bidi-font-family: Calibri; mso-bidi-theme-font: minor-latin;\">Anna Peltola, FM:<\/span><\/b><span style=\"font-size: 10.0pt; font-family: 'Century Gothic',sans-serif; mso-bidi-font-family: Calibri; mso-bidi-theme-font: minor-latin;\">\u00a0<br \/>Stressi, psykosomaattinen terveys ja biologinen ik\u00e4\u00e4ntyminen:\u00a0Syy-seuraussuhteisiin perustuva tutkimus eurooppalaisissa<br \/>kohorttitutkimuksissa, Tampereen yliopisto<\/span><\/p><p style=\"line-height: normal;\"><b><span style=\"font-size: 10.0pt; font-family: 'Century Gothic',sans-serif; mso-bidi-font-family: Calibri; mso-bidi-theme-font: minor-latin;\">Inka Westerlund, PsM: <\/span><\/b><span style=\"font-size: 10.0pt; font-family: 'Century Gothic',sans-serif; mso-bidi-font-family: Calibri; mso-bidi-theme-font: minor-latin;\">\u00a0<\/span><span style=\"font-size: 10.0pt; font-family: 'Century Gothic',sans-serif;\">Itsemurha-, uhriksi joutumis-, ja\u00a0v\u00e4kivaltariskin tunnistamiseen ja ehk\u00e4isyyn liittyv\u00e4t tekij\u00e4t<br \/>psykoosisairauksissa, Helsingin yliopisto<\/span><\/p><p style=\"line-height: 13.45pt; mso-line-height-rule: exactly;\"><span style=\"font-size: 10.0pt;\">\u00a0<\/span><\/p><p><span style=\"font-size: 10.0pt; line-height: 107%; font-family: 'Century Gothic',sans-serif; mso-bidi-font-family: Calibri; mso-bidi-theme-font: minor-latin;\">&#8221;T\u00e4m\u00e4n vuoden apurahan saajat edustavat korkeatasoista ja\u00a0vaikuttavaa psykiatrista tutkimusta. Valitut hankkeet tuottavat uutta,<br \/>luotettavaa tietoa mielenterveyden ymm\u00e4rt\u00e4miseen ja hoidon kehitt\u00e4miseen. On ilo\u00a0tukea nuoria tutkijoita, joiden ty\u00f6 hy\u00f6dytt\u00e4\u00e4 suomalaisia pitk\u00e4lle<br \/>tulevaisuuteen&#8221;, toteaa s\u00e4\u00e4ti\u00f6n hallituksen puheenjohtaja emeritusprofessori\u00a0Mauri Marttunen.<\/span><\/p><p style=\"margin-bottom: 0cm;\"><span style=\"font-size: 10.0pt; line-height: 107%; font-family: 'Century Gothic',sans-serif; mso-bidi-font-family: Calibri; mso-bidi-theme-font: minor-latin;\">Psykiatrian Tutkimuss\u00e4\u00e4ti\u00f6 on\u00a0suomalaisen mielenterveystutkimuksen luotettava ja riippumaton asiantuntijataho,<br \/>joka tuo p\u00e4\u00e4t\u00f6ksentekoon, palveluihin ja hoitoon t\u00e4rke\u00e4\u00e4 tietoa.\u00a0<\/span><span style=\"font-family: 'Century Gothic', sans-serif; font-size: 10pt;\">Apurahojen merkitys t\u00e4ss\u00e4 ty\u00f6ss\u00e4 on suuri, koska ne usein ovat<\/span><\/p><p><span style=\"font-size: 10.0pt; line-height: 107%; font-family: 'Century Gothic',sans-serif; mso-bidi-font-family: Calibri; mso-bidi-theme-font: minor-latin;\">ainoa konkreettinen voimavara, joka mahdollistaa uuden mielenterveystutkimuksen\u00a0syntymisen ja tutkijoiden ty\u00f6skentelyn.\u00a0<\/span><\/p>\t\t\t\t\t\t\t\t<\/div>\n\t\t\t\t<\/div>\n\t\t\t\t\t<\/div>\n\t\t<\/div>\n\t\t\t\t\t<\/div>\n\t\t<\/section>\n\t\t\t\t<\/div>\n\t\t","protected":false},"excerpt":{"rendered":"<p>Tiedotteet Uusi Psychiatria Fennica 2025 (vol. 56) on nyt luettavissa! Uusi Psychiatria Fennica 2025 (vol. 56) on nyt luettavissa! Vuoden&#8230; LUE LIS\u00c4\u00c4 Psykiatrian Tutkimuss\u00e4\u00e4ti\u00f6n jakoi vuoden 2025 apurahoja Psykiatrian Tutkimuss\u00e4\u00e4ti\u00f6 jakoi vuoden 2025 apurahoja Psykiatrian Tutkimuss\u00e4\u00e4ti\u00f6n vuoden 2025&#8230; LUE LIS\u00c4\u00c4 Psychiatria Fennica 2024 (vol. 55) on luettavissa! Uusi Psychiatria Fennica 2024 (vol. 55) on nyt [&hellip;]<\/p>\n","protected":false},"author":1,"featured_media":0,"parent":0,"menu_order":0,"comment_status":"closed","ping_status":"closed","template":"elementor_header_footer","meta":{"footnotes":""},"class_list":["post-87","page","type-page","status-publish","hentry"],"_links":{"self":[{"href":"https:\/\/www.psykiatriantutkimussaatio.fi\/index.php\/wp-json\/wp\/v2\/pages\/87","targetHints":{"allow":["GET"]}}],"collection":[{"href":"https:\/\/www.psykiatriantutkimussaatio.fi\/index.php\/wp-json\/wp\/v2\/pages"}],"about":[{"href":"https:\/\/www.psykiatriantutkimussaatio.fi\/index.php\/wp-json\/wp\/v2\/types\/page"}],"author":[{"embeddable":true,"href":"https:\/\/www.psykiatriantutkimussaatio.fi\/index.php\/wp-json\/wp\/v2\/users\/1"}],"replies":[{"embeddable":true,"href":"https:\/\/www.psykiatriantutkimussaatio.fi\/index.php\/wp-json\/wp\/v2\/comments?post=87"}],"version-history":[{"count":37,"href":"https:\/\/www.psykiatriantutkimussaatio.fi\/index.php\/wp-json\/wp\/v2\/pages\/87\/revisions"}],"predecessor-version":[{"id":5844,"href":"https:\/\/www.psykiatriantutkimussaatio.fi\/index.php\/wp-json\/wp\/v2\/pages\/87\/revisions\/5844"}],"wp:attachment":[{"href":"https:\/\/www.psykiatriantutkimussaatio.fi\/index.php\/wp-json\/wp\/v2\/media?parent=87"}],"curies":[{"name":"wp","href":"https:\/\/api.w.org\/{rel}","templated":true}]}}