{"id":92,"date":"2019-10-06T15:51:43","date_gmt":"2019-10-06T15:51:43","guid":{"rendered":"http:\/\/www.psykiatriantutkimussaatio.fi\/?page_id=92"},"modified":"2021-06-03T20:52:32","modified_gmt":"2021-06-03T20:52:32","slug":"blogi-podcast","status":"publish","type":"page","link":"https:\/\/www.psykiatriantutkimussaatio.fi\/index.php\/blogi-podcast\/","title":{"rendered":"Blogi &#038; Podcast"},"content":{"rendered":"\t\t<div data-elementor-type=\"wp-page\" data-elementor-id=\"92\" class=\"elementor elementor-92\" data-elementor-post-type=\"page\">\n\t\t\t\t\t\t<section class=\"elementor-section elementor-top-section elementor-element elementor-element-44ca31fe elementor-section-full_width elementor-section-height-default elementor-section-height-default\" data-id=\"44ca31fe\" data-element_type=\"section\" data-e-type=\"section\" data-settings=\"{&quot;background_background&quot;:&quot;classic&quot;}\">\n\t\t\t\t\t\t\t<div class=\"elementor-background-overlay\"><\/div>\n\t\t\t\t\t\t\t<div class=\"elementor-container elementor-column-gap-default\">\n\t\t\t\t\t<div class=\"elementor-column elementor-col-100 elementor-top-column elementor-element elementor-element-4a2fc05c\" data-id=\"4a2fc05c\" data-element_type=\"column\" data-e-type=\"column\" data-settings=\"{&quot;background_background&quot;:&quot;classic&quot;}\">\n\t\t\t<div class=\"elementor-widget-wrap\">\n\t\t\t\t\t\t\t<\/div>\n\t\t<\/div>\n\t\t\t\t\t<\/div>\n\t\t<\/section>\n\t\t\t\t<section class=\"elementor-section elementor-top-section elementor-element elementor-element-3bc644db elementor-section-boxed elementor-section-height-default elementor-section-height-default\" data-id=\"3bc644db\" data-element_type=\"section\" data-e-type=\"section\">\n\t\t\t\t\t\t<div class=\"elementor-container elementor-column-gap-default\">\n\t\t\t\t\t<div class=\"elementor-column elementor-col-50 elementor-top-column elementor-element elementor-element-11057156\" data-id=\"11057156\" data-element_type=\"column\" data-e-type=\"column\" data-settings=\"{&quot;background_background&quot;:&quot;classic&quot;}\">\n\t\t\t<div class=\"elementor-widget-wrap elementor-element-populated\">\n\t\t\t\t\t\t<div class=\"elementor-element elementor-element-a153400 elementor-widget elementor-widget-heading\" data-id=\"a153400\" data-element_type=\"widget\" data-e-type=\"widget\" data-widget_type=\"heading.default\">\n\t\t\t\t<div class=\"elementor-widget-container\">\n\t\t\t\t\t<h2 class=\"elementor-heading-title elementor-size-default\">Blogi &amp; Podcast<\/h2>\t\t\t\t<\/div>\n\t\t\t\t<\/div>\n\t\t\t\t\t<\/div>\n\t\t<\/div>\n\t\t\t\t<div class=\"elementor-column elementor-col-50 elementor-top-column elementor-element elementor-element-1a30a896\" data-id=\"1a30a896\" data-element_type=\"column\" data-e-type=\"column\">\n\t\t\t<div class=\"elementor-widget-wrap\">\n\t\t\t\t\t\t\t<\/div>\n\t\t<\/div>\n\t\t\t\t\t<\/div>\n\t\t<\/section>\n\t\t\t\t<section class=\"elementor-section elementor-top-section elementor-element elementor-element-5ffe3eb8 elementor-section-boxed elementor-section-height-default elementor-section-height-default\" data-id=\"5ffe3eb8\" data-element_type=\"section\" data-e-type=\"section\">\n\t\t\t\t\t\t<div class=\"elementor-container elementor-column-gap-default\">\n\t\t\t\t\t<div class=\"elementor-column elementor-col-100 elementor-top-column elementor-element elementor-element-33cf9cb7\" data-id=\"33cf9cb7\" data-element_type=\"column\" data-e-type=\"column\">\n\t\t\t<div class=\"elementor-widget-wrap elementor-element-populated\">\n\t\t\t\t\t\t<div class=\"elementor-element elementor-element-2b4e1cc elementor-widget elementor-widget-heading\" data-id=\"2b4e1cc\" data-element_type=\"widget\" data-e-type=\"widget\" data-widget_type=\"heading.default\">\n\t\t\t\t<div class=\"elementor-widget-container\">\n\t\t\t\t\t<h2 class=\"elementor-heading-title elementor-size-default\">Blogi<\/h2>\t\t\t\t<\/div>\n\t\t\t\t<\/div>\n\t\t\t\t<div class=\"elementor-element elementor-element-61e80d3 elementor-grid-eael-col-4 elementor-grid-tablet-eael-col-2 elementor-grid-mobile-eael-col-1 elementor-widget elementor-widget-eael-post-grid\" data-id=\"61e80d3\" data-element_type=\"widget\" data-e-type=\"widget\" data-settings=\"{&quot;eael_post_grid_columns&quot;:&quot;eael-col-4&quot;,&quot;eael_post_grid_columns_tablet&quot;:&quot;eael-col-2&quot;,&quot;eael_post_grid_columns_mobile&quot;:&quot;eael-col-1&quot;}\" data-widget_type=\"eael-post-grid.default\">\n\t\t\t\t<div class=\"elementor-widget-container\">\n\t\t\t\t\t<div id=\"eael-post-grid-61e80d3\" class=\"eael-post-grid-container\">\n            <div class=\"eael-post-grid eael-post-appender eael-post-appender-61e80d3 eael-post-grid-style-one\" data-layout-mode=\"masonry\"><article class=\"eael-grid-post  eael-post-grid-column eael-pg-post-5125 category-blogi\" data-id=\"5125\">\n        <div class=\"eael-grid-post-holder\">\n            <div class=\"eael-grid-post-holder-inner\"><div class=\"eael-entry-wrapper\"><header class=\"eael-entry-header\"><h2 class=\"eael-entry-title\"><a class=\"eael-grid-post-link\" href=\"https:\/\/www.psykiatriantutkimussaatio.fi\/index.php\/2023\/04\/06\/tiedenostoja-perustason-rooli-vahvistuu-nuorten-mielenterveyden-ongelmien-ja-hairioiden-varhaisessa-tuessa-2\/\" title=\"Tiedenostoja: Perustason rooli vahvistuu nuorten mielenterveyden ongelmien ja h\u00e4iri\u00f6iden varhaisessa tuessa\">Tiedenostoja: Perustason rooli vahvistuu nuorten mielenterveyden ongelmien ja h\u00e4iri\u00f6iden varhaisessa tuessa<\/a><\/h2><\/header><div class=\"eael-entry-content\">\n                        <div class=\"eael-grid-post-excerpt\"><p>Tiedenostoja: Perustason rooli vahvistuu nuorten mielenterveyden ongelmien ja h\u00e4iri\u00f6iden varhaisessa...<\/p><a href=\"https:\/\/www.psykiatriantutkimussaatio.fi\/index.php\/2023\/04\/06\/tiedenostoja-perustason-rooli-vahvistuu-nuorten-mielenterveyden-ongelmien-ja-hairioiden-varhaisessa-tuessa-2\/\" class=\"eael-post-elements-readmore-btn\">LUE LIS\u00c4\u00c4<\/a><\/div>\n                    <\/div><\/div><\/div>\n        <\/div>\n    <\/article><article class=\"eael-grid-post  eael-post-grid-column eael-pg-post-5120 category-blogi\" data-id=\"5120\">\n        <div class=\"eael-grid-post-holder\">\n            <div class=\"eael-grid-post-holder-inner\"><div class=\"eael-entry-wrapper\"><header class=\"eael-entry-header\"><h2 class=\"eael-entry-title\"><a class=\"eael-grid-post-link\" href=\"https:\/\/www.psykiatriantutkimussaatio.fi\/index.php\/2023\/04\/06\/tiedenostoja-nuorten-depressiivisen-kaytoshairion-sairaalahoidon-vaikuttavuudesta-tarvitaan-lisaa-tutkimuksia\/\" title=\"Tiedenostoja:  Nuorten depressiivisen k\u00e4yt\u00f6sh\u00e4iri\u00f6n sairaalahoidon vaikuttavuudesta tarvitaan lis\u00e4\u00e4 tutkimuksia\">Tiedenostoja:  Nuorten depressiivisen k\u00e4yt\u00f6sh\u00e4iri\u00f6n sairaalahoidon vaikuttavuudesta tarvitaan lis\u00e4\u00e4 tutkimuksia<\/a><\/h2><\/header><div class=\"eael-entry-content\">\n                        <div class=\"eael-grid-post-excerpt\"><p>Tiedenostoja: Nuorten depressiivisen k\u00e4yt\u00f6sh\u00e4iri\u00f6n sairaalahoidon vaikuttavuudesta tarvitaan lis\u00e4\u00e4 tutkimuksia Nuorten...<\/p><a href=\"https:\/\/www.psykiatriantutkimussaatio.fi\/index.php\/2023\/04\/06\/tiedenostoja-nuorten-depressiivisen-kaytoshairion-sairaalahoidon-vaikuttavuudesta-tarvitaan-lisaa-tutkimuksia\/\" class=\"eael-post-elements-readmore-btn\">LUE LIS\u00c4\u00c4<\/a><\/div>\n                    <\/div><\/div><\/div>\n        <\/div>\n    <\/article><article class=\"eael-grid-post  eael-post-grid-column eael-pg-post-5097 category-blogi\" data-id=\"5097\">\n        <div class=\"eael-grid-post-holder\">\n            <div class=\"eael-grid-post-holder-inner\"><div class=\"eael-entry-wrapper\"><header class=\"eael-entry-header\"><h2 class=\"eael-entry-title\"><a class=\"eael-grid-post-link\" href=\"https:\/\/www.psykiatriantutkimussaatio.fi\/index.php\/2023\/03\/30\/tiedenostoja-paihdehairioihin-liittyvaa-ylikuolleisuutta-on-mahdollista-vahentaa\/\" title=\"Tiedenostoja: P\u00e4ihdeh\u00e4iri\u00f6ihin liittyv\u00e4\u00e4 ylikuolleisuutta on mahdollista v\u00e4hent\u00e4\u00e4\">Tiedenostoja: P\u00e4ihdeh\u00e4iri\u00f6ihin liittyv\u00e4\u00e4 ylikuolleisuutta on mahdollista v\u00e4hent\u00e4\u00e4<\/a><\/h2><\/header><div class=\"eael-entry-content\">\n                        <div class=\"eael-grid-post-excerpt\"><p>Tiedenostoja: P\u00e4ihdeh\u00e4iri\u00f6ihin liittyv\u00e4\u00e4 ylikuolleisuutta on mahdollista v\u00e4hent\u00e4\u00e4 P\u00e4ihdeh\u00e4iri\u00f6ihin liittyy huomattava...<\/p><a href=\"https:\/\/www.psykiatriantutkimussaatio.fi\/index.php\/2023\/03\/30\/tiedenostoja-paihdehairioihin-liittyvaa-ylikuolleisuutta-on-mahdollista-vahentaa\/\" class=\"eael-post-elements-readmore-btn\">LUE LIS\u00c4\u00c4<\/a><\/div>\n                    <\/div><\/div><\/div>\n        <\/div>\n    <\/article><article class=\"eael-grid-post  eael-post-grid-column eael-pg-post-5092 category-blogi\" data-id=\"5092\">\n        <div class=\"eael-grid-post-holder\">\n            <div class=\"eael-grid-post-holder-inner\"><div class=\"eael-entry-wrapper\"><header class=\"eael-entry-header\"><h2 class=\"eael-entry-title\"><a class=\"eael-grid-post-link\" href=\"https:\/\/www.psykiatriantutkimussaatio.fi\/index.php\/2023\/03\/30\/tiedenostoja-lasten-psyykenlaakkeiden-hyotyjen-ja-haittojen-seuranta-ja-niista-keskustelu-on-tarkeaa\/\" title=\"Tiedenostoja:  Lasten psyykenl\u00e4\u00e4kkeiden hy\u00f6tyjen ja haittojen seuranta ja niist\u00e4 keskustelu on t\u00e4rke\u00e4\u00e4\">Tiedenostoja:  Lasten psyykenl\u00e4\u00e4kkeiden hy\u00f6tyjen ja haittojen seuranta ja niist\u00e4 keskustelu on t\u00e4rke\u00e4\u00e4<\/a><\/h2><\/header><div class=\"eael-entry-content\">\n                        <div class=\"eael-grid-post-excerpt\"><p>Tiedenostoja: Lasten psyykenl\u00e4\u00e4kkeiden hy\u00f6tyjen ja haittojen seuranta ja niist\u00e4 keskustelu...<\/p><a href=\"https:\/\/www.psykiatriantutkimussaatio.fi\/index.php\/2023\/03\/30\/tiedenostoja-lasten-psyykenlaakkeiden-hyotyjen-ja-haittojen-seuranta-ja-niista-keskustelu-on-tarkeaa\/\" class=\"eael-post-elements-readmore-btn\">LUE LIS\u00c4\u00c4<\/a><\/div>\n                    <\/div><\/div><\/div>\n        <\/div>\n    <\/article><article class=\"eael-grid-post  eael-post-grid-column eael-pg-post-5087 category-blogi\" data-id=\"5087\">\n        <div class=\"eael-grid-post-holder\">\n            <div class=\"eael-grid-post-holder-inner\"><div class=\"eael-entry-wrapper\"><header class=\"eael-entry-header\"><h2 class=\"eael-entry-title\"><a class=\"eael-grid-post-link\" href=\"https:\/\/www.psykiatriantutkimussaatio.fi\/index.php\/2023\/03\/30\/tiedenostoja-psykiatrisen-ja-asumiskuntoutuksen-yhdistaminen-tukee-vakavasti-psyykkisesti-sairastuneiden-nuorten-aikuisten-itsenaiseen-asumiseen-siirtymista\/\" title=\"Tiedenostoja:  Psykiatrisen ja asumiskuntoutuksen yhdist\u00e4minen tukee vakavasti psyykkisesti sairastuneiden nuorten aikuisten itsen\u00e4iseen asumiseen siirtymist\u00e4\">Tiedenostoja:  Psykiatrisen ja asumiskuntoutuksen yhdist\u00e4minen tukee vakavasti psyykkisesti sairastuneiden nuorten aikuisten itsen\u00e4iseen asumiseen siirtymist\u00e4<\/a><\/h2><\/header><div class=\"eael-entry-content\">\n                        <div class=\"eael-grid-post-excerpt\"><p>Tiedenostoja: Psykiatrisen ja asumiskuntoutuksen yhdist\u00e4minen tukee vakavasti psyykkisesti sairastuneiden nuorten...<\/p><a href=\"https:\/\/www.psykiatriantutkimussaatio.fi\/index.php\/2023\/03\/30\/tiedenostoja-psykiatrisen-ja-asumiskuntoutuksen-yhdistaminen-tukee-vakavasti-psyykkisesti-sairastuneiden-nuorten-aikuisten-itsenaiseen-asumiseen-siirtymista\/\" class=\"eael-post-elements-readmore-btn\">LUE LIS\u00c4\u00c4<\/a><\/div>\n                    <\/div><\/div><\/div>\n        <\/div>\n    <\/article><article class=\"eael-grid-post  eael-post-grid-column eael-pg-post-5072 category-blogi\" data-id=\"5072\">\n        <div class=\"eael-grid-post-holder\">\n            <div class=\"eael-grid-post-holder-inner\"><div class=\"eael-entry-wrapper\"><header class=\"eael-entry-header\"><h2 class=\"eael-entry-title\"><a class=\"eael-grid-post-link\" href=\"https:\/\/www.psykiatriantutkimussaatio.fi\/index.php\/2023\/03\/23\/tiedenostoja-sukupuoli-identiteetin-tutkimuspoliklinikoiden-nuorten-lahetteet-ovat-lisaantyneet-mutta-onko-nuoruusikaisen-kehonkuvan-kokemus-muuttunut-laajemmin\/\" title=\"Tiedenostoja:  Sukupuoli-identiteetin tutkimuspoliklinikoiden nuorten l\u00e4hetteet ovat lis\u00e4\u00e4ntyneet, mutta onko nuoruusik\u00e4isen kehonkuvan kokemus muuttunut laajemmin?\">Tiedenostoja:  Sukupuoli-identiteetin tutkimuspoliklinikoiden nuorten l\u00e4hetteet ovat lis\u00e4\u00e4ntyneet, mutta onko nuoruusik\u00e4isen kehonkuvan kokemus muuttunut laajemmin?<\/a><\/h2><\/header><div class=\"eael-entry-content\">\n                        <div class=\"eael-grid-post-excerpt\"><p>Sukupuoli-identiteetin tutkimuspoliklinikoiden nuorten l\u00e4hetteet ovat lis\u00e4\u00e4ntyneet, mutta onko nuoruusik\u00e4isen kehonkuvan...<\/p><a href=\"https:\/\/www.psykiatriantutkimussaatio.fi\/index.php\/2023\/03\/23\/tiedenostoja-sukupuoli-identiteetin-tutkimuspoliklinikoiden-nuorten-lahetteet-ovat-lisaantyneet-mutta-onko-nuoruusikaisen-kehonkuvan-kokemus-muuttunut-laajemmin\/\" class=\"eael-post-elements-readmore-btn\">LUE LIS\u00c4\u00c4<\/a><\/div>\n                    <\/div><\/div><\/div>\n        <\/div>\n    <\/article><article class=\"eael-grid-post  eael-post-grid-column eael-pg-post-3676 category-blogi\" data-id=\"3676\">\n        <div class=\"eael-grid-post-holder\">\n            <div class=\"eael-grid-post-holder-inner\"><div class=\"eael-entry-wrapper\"><header class=\"eael-entry-header\"><h2 class=\"eael-entry-title\"><a class=\"eael-grid-post-link\" href=\"https:\/\/www.psykiatriantutkimussaatio.fi\/index.php\/2021\/03\/23\/jos-olet-surun-keskella-juuri-nyt\/\" title=\"Jos olet surun keskell\u00e4 juuri nyt\">Jos olet surun keskell\u00e4 juuri nyt<\/a><\/h2><\/header><div class=\"eael-entry-content\">\n                        <div class=\"eael-grid-post-excerpt\"><p>Jos olet surun keskell\u00e4 juuri nyt Moni meist\u00e4 suree t\u00e4ll\u00e4...<\/p><a href=\"https:\/\/www.psykiatriantutkimussaatio.fi\/index.php\/2021\/03\/23\/jos-olet-surun-keskella-juuri-nyt\/\" class=\"eael-post-elements-readmore-btn\">LUE LIS\u00c4\u00c4<\/a><\/div>\n                    <\/div><\/div><\/div>\n        <\/div>\n    <\/article><\/div>\n            <div class=\"clearfix\"><\/div>\n        <\/div>\t\t\t\t<\/div>\n\t\t\t\t<\/div>\n\t\t\t\t\t<\/div>\n\t\t<\/div>\n\t\t\t\t\t<\/div>\n\t\t<\/section>\n\t\t\t\t<section class=\"elementor-section elementor-top-section elementor-element elementor-element-74f69f3 elementor-section-boxed elementor-section-height-default elementor-section-height-default\" data-id=\"74f69f3\" data-element_type=\"section\" data-e-type=\"section\" data-settings=\"{&quot;background_background&quot;:&quot;classic&quot;}\">\n\t\t\t\t\t\t<div class=\"elementor-container elementor-column-gap-default\">\n\t\t\t\t\t<div class=\"elementor-column elementor-col-100 elementor-top-column elementor-element elementor-element-ad95822\" data-id=\"ad95822\" data-element_type=\"column\" data-e-type=\"column\">\n\t\t\t<div class=\"elementor-widget-wrap elementor-element-populated\">\n\t\t\t\t\t\t<div class=\"elementor-element elementor-element-b7e7924 elementor-widget elementor-widget-heading\" data-id=\"b7e7924\" data-element_type=\"widget\" data-e-type=\"widget\" data-widget_type=\"heading.default\">\n\t\t\t\t<div class=\"elementor-widget-container\">\n\t\t\t\t\t<h2 class=\"elementor-heading-title elementor-size-default\">Podcast<\/h2>\t\t\t\t<\/div>\n\t\t\t\t<\/div>\n\t\t\t\t<div class=\"elementor-element elementor-element-827a417 elementor-widget elementor-widget-video\" data-id=\"827a417\" data-element_type=\"widget\" data-e-type=\"widget\" data-settings=\"{&quot;youtube_url&quot;:&quot;https:\\\/\\\/youtu.be\\\/E-SujJKbZGM&quot;,&quot;video_type&quot;:&quot;youtube&quot;,&quot;controls&quot;:&quot;yes&quot;}\" data-widget_type=\"video.default\">\n\t\t\t\t<div class=\"elementor-widget-container\">\n\t\t\t\t\t\t\t<div class=\"elementor-wrapper elementor-open-inline\">\n\t\t\t<div class=\"elementor-video\"><\/div>\t\t<\/div>\n\t\t\t\t\t\t<\/div>\n\t\t\t\t<\/div>\n\t\t\t\t<div class=\"elementor-element elementor-element-0669261 elementor-widget elementor-widget-video\" data-id=\"0669261\" data-element_type=\"widget\" data-e-type=\"widget\" data-settings=\"{&quot;youtube_url&quot;:&quot;https:\\\/\\\/youtu.be\\\/DYL6NLukZB8&quot;,&quot;video_type&quot;:&quot;youtube&quot;,&quot;controls&quot;:&quot;yes&quot;}\" data-widget_type=\"video.default\">\n\t\t\t\t<div class=\"elementor-widget-container\">\n\t\t\t\t\t\t\t<div class=\"elementor-wrapper elementor-open-inline\">\n\t\t\t<div class=\"elementor-video\"><\/div>\t\t<\/div>\n\t\t\t\t\t\t<\/div>\n\t\t\t\t<\/div>\n\t\t\t\t<div class=\"elementor-element elementor-element-e328c82 elementor-widget elementor-widget-video\" data-id=\"e328c82\" data-element_type=\"widget\" data-e-type=\"widget\" data-settings=\"{&quot;youtube_url&quot;:&quot;https:\\\/\\\/youtu.be\\\/g1PLqt7qF6E&quot;,&quot;video_type&quot;:&quot;youtube&quot;,&quot;controls&quot;:&quot;yes&quot;}\" data-widget_type=\"video.default\">\n\t\t\t\t<div class=\"elementor-widget-container\">\n\t\t\t\t\t\t\t<div class=\"elementor-wrapper elementor-open-inline\">\n\t\t\t<div class=\"elementor-video\"><\/div>\t\t<\/div>\n\t\t\t\t\t\t<\/div>\n\t\t\t\t<\/div>\n\t\t\t\t<div class=\"elementor-element elementor-element-98b9835 elementor-widget elementor-widget-video\" data-id=\"98b9835\" data-element_type=\"widget\" data-e-type=\"widget\" data-settings=\"{&quot;youtube_url&quot;:&quot;https:\\\/\\\/youtu.be\\\/bh7_jEz30hE&quot;,&quot;video_type&quot;:&quot;youtube&quot;,&quot;controls&quot;:&quot;yes&quot;}\" data-widget_type=\"video.default\">\n\t\t\t\t<div class=\"elementor-widget-container\">\n\t\t\t\t\t\t\t<div class=\"elementor-wrapper elementor-open-inline\">\n\t\t\t<div class=\"elementor-video\"><\/div>\t\t<\/div>\n\t\t\t\t\t\t<\/div>\n\t\t\t\t<\/div>\n\t\t\t\t<div class=\"elementor-element elementor-element-6030397 elementor-widget elementor-widget-video\" data-id=\"6030397\" data-element_type=\"widget\" data-e-type=\"widget\" data-settings=\"{&quot;youtube_url&quot;:&quot;https:\\\/\\\/youtu.be\\\/JfvcIwDwoC8&quot;,&quot;video_type&quot;:&quot;youtube&quot;,&quot;controls&quot;:&quot;yes&quot;}\" data-widget_type=\"video.default\">\n\t\t\t\t<div class=\"elementor-widget-container\">\n\t\t\t\t\t\t\t<div class=\"elementor-wrapper elementor-open-inline\">\n\t\t\t<div class=\"elementor-video\"><\/div>\t\t<\/div>\n\t\t\t\t\t\t<\/div>\n\t\t\t\t<\/div>\n\t\t\t\t\t<\/div>\n\t\t<\/div>\n\t\t\t\t\t<\/div>\n\t\t<\/section>\n\t\t\t\t<\/div>\n\t\t","protected":false},"excerpt":{"rendered":"<p>Blogi &#038; Podcast Blogi Jos olet surun keskell\u00e4 juuri nyt Jos olet surun keskell\u00e4 juuri nyt Moni meist\u00e4 suree t\u00e4ll\u00e4&#8230; LUE LIS\u00c4\u00c4 Podcast https:\/\/youtu.be\/E-SujJKbZGMhttps:\/\/youtu.be\/DYL6NLukZB8https:\/\/youtu.be\/g1PLqt7qF6Ehttps:\/\/youtu.be\/bh7_jEz30hEhttps:\/\/youtu.be\/JfvcIwDwoC8<\/p>\n","protected":false},"author":1,"featured_media":0,"parent":0,"menu_order":0,"comment_status":"closed","ping_status":"closed","template":"","meta":{"footnotes":""},"class_list":["post-92","page","type-page","status-publish","hentry"],"_links":{"self":[{"href":"https:\/\/www.psykiatriantutkimussaatio.fi\/index.php\/wp-json\/wp\/v2\/pages\/92","targetHints":{"allow":["GET"]}}],"collection":[{"href":"https:\/\/www.psykiatriantutkimussaatio.fi\/index.php\/wp-json\/wp\/v2\/pages"}],"about":[{"href":"https:\/\/www.psykiatriantutkimussaatio.fi\/index.php\/wp-json\/wp\/v2\/types\/page"}],"author":[{"embeddable":true,"href":"https:\/\/www.psykiatriantutkimussaatio.fi\/index.php\/wp-json\/wp\/v2\/users\/1"}],"replies":[{"embeddable":true,"href":"https:\/\/www.psykiatriantutkimussaatio.fi\/index.php\/wp-json\/wp\/v2\/comments?post=92"}],"version-history":[{"count":61,"href":"https:\/\/www.psykiatriantutkimussaatio.fi\/index.php\/wp-json\/wp\/v2\/pages\/92\/revisions"}],"predecessor-version":[{"id":4068,"href":"https:\/\/www.psykiatriantutkimussaatio.fi\/index.php\/wp-json\/wp\/v2\/pages\/92\/revisions\/4068"}],"wp:attachment":[{"href":"https:\/\/www.psykiatriantutkimussaatio.fi\/index.php\/wp-json\/wp\/v2\/media?parent=92"}],"curies":[{"name":"wp","href":"https:\/\/api.w.org\/{rel}","templated":true}]}}